{"id":12161,"date":"2025-06-29T14:17:27","date_gmt":"2025-06-29T12:17:27","guid":{"rendered":"https:\/\/uj.adatbank.ro\/lexikon\/termek\/kiss-lajos-3\/"},"modified":"2025-06-29T14:17:27","modified_gmt":"2025-06-29T12:17:27","slug":"kiss-lajos-3","status":"publish","type":"product","link":"https:\/\/uj.adatbank.ro\/lexikon\/termek\/kiss-lajos-3\/","title":{"rendered":"KISS Lajos"},"content":{"rendered":"<p>K\u00f6rtv\u00e9lyf\u00e1ja, 1868. szept. 24., \u2020 Debrecen, 1944. szept.: ref. lelk\u00e9sz. Debrecenben temett\u00e9k el. \u2013 Apja K. L. (1836\u20131919) lelk\u00e9sz. Tanulm\u00e1nyait Mv.-en a Ref. Koll.-ban (1879\u201387) \u00e9s Nagyenyeden a Teol\u00f3giai akad. V\u00e9gezte (1887\u201391). Sepsiszentgy\u00f6rgy\u00f6n a Sz\u00e9kely Mik\u00f3 Koll.-ban fel\u00fcgyel\u0151 \u00e9s h. tan\u00e1r (1891\u201392), Magyar\u00f3n s. lelk\u00e9sz (1892\u201396), lp. Abaf\u00e1j\u00e1n (1896. okt. 4. \u2013 1900. \u00e1pr. 30.), Marosfelfaluban Szabolcska Mih\u00e1ly ut\u00f3dja (1900. m\u00e1j. \u2013 1914. j\u00fan. 28.), itt templomot \u00e9p\u00edtettek az \u0151 idej\u00e9ben (1911\u201313). \u00dajb\u00f3l Magyar\u00f3n lp. (1914. j\u00fal. 4. \u2013 1944. szept.), a g\u00f6rg\u00e9nyi egyh\u00e1zmegye aljegyz\u0151je (1897\u20131900), egyh\u00e1zmegyei f\u0151jegyz\u0151 (1901\u201320), esperes (1921\u201343. dec.), egyh\u00e1zker\u00fcleti k\u00e9pvisel\u0151 (1901\u2013), az Erd\u00e9lyi Ref. Egyh\u00e1zker\u00fclet ig. tan\u00e1csosa (1923\u2013), egyh\u00e1zker\u00fcleti legf\u0151bb t\u00f6rv\u00e9nysz\u00e9ki b\u00edr\u00f3 \u00e9s a zsinat tagja (1929\u201340), mv.-i Ref. Koll. el\u0151lj\u00e1r\u00f3s\u00e1g\u00e1nak tagja, minden m. \u00e9s kultur\u00e1lis c\u00e9l t\u00e1mogat\u00f3ja. Gy\u00f3gykezel\u00e9sre ment Debrecenbe (1944. szept.). <br \/><strong>Irod.:<\/strong> B\u00f6jthe Andor: A G\u00f6rg\u00e9nyi ev. ref. egyh\u00e1zmegye t\u00f6rt\u00e9nete [k\u00e9zirat]; EM ; Ref. egyetemes n\u00e9vt\u00e1r; Sz\u00e9kelyf\u00f6ld \u00ed. k.; Zov\u00e1nyi<\/br><\/p>\n","protected":false},"excerpt":{"rendered":"<p>K\u00f6rtv\u00e9lyf\u00e1ja, 1868. szept. 24., \u2020 Debrecen, 1944. szept.: ref. lelk\u00e9sz. Debrecenben temett\u00e9k el. \u2013 Apja K. L. (1836\u20131919) lelk\u00e9sz. Tanulm\u00e1nyait Mv.-en a Ref. Koll.-ban (1879\u201387) \u00e9s Nagyenyeden a Teol\u00f3giai akad. V\u00e9gezte (1887\u201391). Sepsiszentgy\u00f6rgy\u00f6n a Sz\u00e9kely Mik\u00f3 Koll.-ban fel\u00fcgyel\u0151 \u00e9s h. tan\u00e1r (1891\u201392), Magyar\u00f3n s. lelk\u00e9sz (1892\u201396), lp. Abaf\u00e1j\u00e1n (1896. okt. 4. \u2013 1900. \u00e1pr. 30.), [&hellip;]<\/p>\n","protected":false},"featured_media":0,"comment_status":"open","ping_status":"closed","template":"","meta":[],"product_brand":[],"product_cat":[137],"product_tag":[],"class_list":{"0":"post-12161","1":"product","2":"type-product","3":"status-publish","5":"product_cat-maros-megyei-eletrajzi-lexikon","7":"first","8":"instock","9":"shipping-taxable","10":"product-type-simple"},"_links":{"self":[{"href":"https:\/\/uj.adatbank.ro\/lexikon\/wp-json\/wp\/v2\/product\/12161","targetHints":{"allow":["GET"]}}],"collection":[{"href":"https:\/\/uj.adatbank.ro\/lexikon\/wp-json\/wp\/v2\/product"}],"about":[{"href":"https:\/\/uj.adatbank.ro\/lexikon\/wp-json\/wp\/v2\/types\/product"}],"replies":[{"embeddable":true,"href":"https:\/\/uj.adatbank.ro\/lexikon\/wp-json\/wp\/v2\/comments?post=12161"}],"wp:attachment":[{"href":"https:\/\/uj.adatbank.ro\/lexikon\/wp-json\/wp\/v2\/media?parent=12161"}],"wp:term":[{"taxonomy":"product_brand","embeddable":true,"href":"https:\/\/uj.adatbank.ro\/lexikon\/wp-json\/wp\/v2\/product_brand?post=12161"},{"taxonomy":"product_cat","embeddable":true,"href":"https:\/\/uj.adatbank.ro\/lexikon\/wp-json\/wp\/v2\/product_cat?post=12161"},{"taxonomy":"product_tag","embeddable":true,"href":"https:\/\/uj.adatbank.ro\/lexikon\/wp-json\/wp\/v2\/product_tag?post=12161"}],"curies":[{"name":"wp","href":"https:\/\/api.w.org\/{rel}","templated":true}]}}