{"id":12162,"date":"2025-06-29T14:17:30","date_gmt":"2025-06-29T12:17:30","guid":{"rendered":"https:\/\/uj.adatbank.ro\/lexikon\/termek\/kiss-lajos-4\/"},"modified":"2025-06-29T14:17:30","modified_gmt":"2025-06-29T12:17:30","slug":"kiss-lajos-4","status":"publish","type":"product","link":"https:\/\/uj.adatbank.ro\/lexikon\/termek\/kiss-lajos-4\/","title":{"rendered":"KISS Lajos"},"content":{"rendered":"<p>Mez\u0151cs\u00e1v\u00e1s, 1876., \u2020 ? : gazd\u00e1lkod\u00f3. \u2013 A gazd\u00e1lkod\u00e1st a sz\u00fcl\u0151i h\u00e1zn\u00e1l tanulta, \u00f6n\u00e1ll\u00f3 lett (1914\u2013) Mez\u0151cs\u00e1v\u00e1son. Az els\u0151 vh.-ban az 5. honv. t\u00fcz\u00e9r ezredben a szerb orosz fronton harcolt mint ir\u00e1ny\u00edt\u00f3 f\u0151t\u0171z\u00e9r. K\u00f6zs\u00e9gi k\u00e9pvisel\u0151test\u00fcleti tag, a Hangya fel\u00fcgyel\u0151 biz. Tagja, a ref. egyh\u00e1z vezet\u0151s\u00e9gi tagja, minden hazafias megmozdul\u00e1s r\u00e9sztvev\u0151je \u00e9s t\u00e1mogat\u00f3ja volt. <br \/><strong>Irod.:<\/strong> Sz\u00e9kelyf\u00f6ld \u00ed. k.<\/br><\/p>\n","protected":false},"excerpt":{"rendered":"<p>Mez\u0151cs\u00e1v\u00e1s, 1876., \u2020 ? : gazd\u00e1lkod\u00f3. \u2013 A gazd\u00e1lkod\u00e1st a sz\u00fcl\u0151i h\u00e1zn\u00e1l tanulta, \u00f6n\u00e1ll\u00f3 lett (1914\u2013) Mez\u0151cs\u00e1v\u00e1son. Az els\u0151 vh.-ban az 5. honv. t\u00fcz\u00e9r ezredben a szerb orosz fronton harcolt mint ir\u00e1ny\u00edt\u00f3 f\u0151t\u0171z\u00e9r. K\u00f6zs\u00e9gi k\u00e9pvisel\u0151test\u00fcleti tag, a Hangya fel\u00fcgyel\u0151 biz. Tagja, a ref. egyh\u00e1z vezet\u0151s\u00e9gi tagja, minden hazafias megmozdul\u00e1s r\u00e9sztvev\u0151je \u00e9s t\u00e1mogat\u00f3ja volt. Irod.: Sz\u00e9kelyf\u00f6ld [&hellip;]<\/p>\n","protected":false},"featured_media":0,"comment_status":"open","ping_status":"closed","template":"","meta":[],"product_brand":[],"product_cat":[137],"product_tag":[],"class_list":{"0":"post-12162","1":"product","2":"type-product","3":"status-publish","5":"product_cat-maros-megyei-eletrajzi-lexikon","7":"first","8":"instock","9":"shipping-taxable","10":"product-type-simple"},"_links":{"self":[{"href":"https:\/\/uj.adatbank.ro\/lexikon\/wp-json\/wp\/v2\/product\/12162","targetHints":{"allow":["GET"]}}],"collection":[{"href":"https:\/\/uj.adatbank.ro\/lexikon\/wp-json\/wp\/v2\/product"}],"about":[{"href":"https:\/\/uj.adatbank.ro\/lexikon\/wp-json\/wp\/v2\/types\/product"}],"replies":[{"embeddable":true,"href":"https:\/\/uj.adatbank.ro\/lexikon\/wp-json\/wp\/v2\/comments?post=12162"}],"wp:attachment":[{"href":"https:\/\/uj.adatbank.ro\/lexikon\/wp-json\/wp\/v2\/media?parent=12162"}],"wp:term":[{"taxonomy":"product_brand","embeddable":true,"href":"https:\/\/uj.adatbank.ro\/lexikon\/wp-json\/wp\/v2\/product_brand?post=12162"},{"taxonomy":"product_cat","embeddable":true,"href":"https:\/\/uj.adatbank.ro\/lexikon\/wp-json\/wp\/v2\/product_cat?post=12162"},{"taxonomy":"product_tag","embeddable":true,"href":"https:\/\/uj.adatbank.ro\/lexikon\/wp-json\/wp\/v2\/product_tag?post=12162"}],"curies":[{"name":"wp","href":"https:\/\/api.w.org\/{rel}","templated":true}]}}