{"id":12164,"date":"2025-06-29T14:17:33","date_gmt":"2025-06-29T12:17:33","guid":{"rendered":"https:\/\/uj.adatbank.ro\/lexikon\/termek\/kiss-lajos-6\/"},"modified":"2025-06-29T14:17:33","modified_gmt":"2025-06-29T12:17:33","slug":"kiss-lajos-6","status":"publish","type":"product","link":"https:\/\/uj.adatbank.ro\/lexikon\/termek\/kiss-lajos-6\/","title":{"rendered":"KISS Lajos"},"content":{"rendered":"<p>? \u2020 ? : tan\u00edt\u00f3, iskolaigazgat\u00f3. \u2013 A Maros _Torda v\u00e1rmegyei Tan\u00edt\u00f3egylet titk\u00e1r (1941). A mv.-i magyar \u00e1llmi 4. sz. iskola igazgat\u00f3ja (1946\u201347) <br \/><strong>Irod.:<\/strong> Id\u0151t\u00e1r 3; ha \u0151 Standavid-Tam\u00e1si<\/br><\/p>\n","protected":false},"excerpt":{"rendered":"<p>? \u2020 ? : tan\u00edt\u00f3, iskolaigazgat\u00f3. \u2013 A Maros _Torda v\u00e1rmegyei Tan\u00edt\u00f3egylet titk\u00e1r (1941). A mv.-i magyar \u00e1llmi 4. sz. iskola igazgat\u00f3ja (1946\u201347) Irod.: Id\u0151t\u00e1r 3; ha \u0151 Standavid-Tam\u00e1si<\/p>\n","protected":false},"featured_media":0,"comment_status":"open","ping_status":"closed","template":"","meta":[],"product_brand":[],"product_cat":[137],"product_tag":[],"class_list":{"0":"post-12164","1":"product","2":"type-product","3":"status-publish","5":"product_cat-maros-megyei-eletrajzi-lexikon","7":"first","8":"instock","9":"shipping-taxable","10":"product-type-simple"},"_links":{"self":[{"href":"https:\/\/uj.adatbank.ro\/lexikon\/wp-json\/wp\/v2\/product\/12164","targetHints":{"allow":["GET"]}}],"collection":[{"href":"https:\/\/uj.adatbank.ro\/lexikon\/wp-json\/wp\/v2\/product"}],"about":[{"href":"https:\/\/uj.adatbank.ro\/lexikon\/wp-json\/wp\/v2\/types\/product"}],"replies":[{"embeddable":true,"href":"https:\/\/uj.adatbank.ro\/lexikon\/wp-json\/wp\/v2\/comments?post=12164"}],"wp:attachment":[{"href":"https:\/\/uj.adatbank.ro\/lexikon\/wp-json\/wp\/v2\/media?parent=12164"}],"wp:term":[{"taxonomy":"product_brand","embeddable":true,"href":"https:\/\/uj.adatbank.ro\/lexikon\/wp-json\/wp\/v2\/product_brand?post=12164"},{"taxonomy":"product_cat","embeddable":true,"href":"https:\/\/uj.adatbank.ro\/lexikon\/wp-json\/wp\/v2\/product_cat?post=12164"},{"taxonomy":"product_tag","embeddable":true,"href":"https:\/\/uj.adatbank.ro\/lexikon\/wp-json\/wp\/v2\/product_tag?post=12164"}],"curies":[{"name":"wp","href":"https:\/\/api.w.org\/{rel}","templated":true}]}}