{"id":12165,"date":"2025-06-29T14:17:36","date_gmt":"2025-06-29T12:17:36","guid":{"rendered":"https:\/\/uj.adatbank.ro\/lexikon\/termek\/kiss-lajos-h\/"},"modified":"2025-06-29T14:17:36","modified_gmt":"2025-06-29T12:17:36","slug":"kiss-lajos-h","status":"publish","type":"product","link":"https:\/\/uj.adatbank.ro\/lexikon\/termek\/kiss-lajos-h\/","title":{"rendered":"KISS Lajos H."},"content":{"rendered":"<p>Mez\u0151cs\u00e1v\u00e1s, 1879., \u2020 ? : g\u00e9p\u00e9sz. \u2013 A di\u00f3sgy\u0151ri f\u00e9mipari szakiskol\u00e1t, majd a bp.-i Technol\u00f3gi\u00e1t v\u00e9gezte, elektr\u00f3technikai \u00e9s g\u00e9p\u00e9szeti tanfolyamokat hallgatott \u00e9s szakvizsg\u00e1t tett. Az orsz\u00e1g t\u00f6bb v\u00e1ros\u00e1ban \u00e9s az AE\u00c1-ban fejlesztette szaktud\u00e1s\u00e1t, \u00f6n\u00e1ll\u00f3 mester Mez\u0151cs\u00e1v\u00e1son (1912\u2013). Az els\u0151 vh.-ban a 22. gy. e.-ben harcolt. <br \/><strong>Irod.:<\/strong> Sz\u00e9kelyf\u00f6ld \u00ed. k.<\/br><\/p>\n","protected":false},"excerpt":{"rendered":"<p>Mez\u0151cs\u00e1v\u00e1s, 1879., \u2020 ? : g\u00e9p\u00e9sz. \u2013 A di\u00f3sgy\u0151ri f\u00e9mipari szakiskol\u00e1t, majd a bp.-i Technol\u00f3gi\u00e1t v\u00e9gezte, elektr\u00f3technikai \u00e9s g\u00e9p\u00e9szeti tanfolyamokat hallgatott \u00e9s szakvizsg\u00e1t tett. Az orsz\u00e1g t\u00f6bb v\u00e1ros\u00e1ban \u00e9s az AE\u00c1-ban fejlesztette szaktud\u00e1s\u00e1t, \u00f6n\u00e1ll\u00f3 mester Mez\u0151cs\u00e1v\u00e1son (1912\u2013). Az els\u0151 vh.-ban a 22. gy. e.-ben harcolt. Irod.: Sz\u00e9kelyf\u00f6ld \u00ed. k.<\/p>\n","protected":false},"featured_media":0,"comment_status":"open","ping_status":"closed","template":"","meta":[],"product_brand":[],"product_cat":[137],"product_tag":[],"class_list":{"0":"post-12165","1":"product","2":"type-product","3":"status-publish","5":"product_cat-maros-megyei-eletrajzi-lexikon","7":"first","8":"instock","9":"shipping-taxable","10":"product-type-simple"},"_links":{"self":[{"href":"https:\/\/uj.adatbank.ro\/lexikon\/wp-json\/wp\/v2\/product\/12165","targetHints":{"allow":["GET"]}}],"collection":[{"href":"https:\/\/uj.adatbank.ro\/lexikon\/wp-json\/wp\/v2\/product"}],"about":[{"href":"https:\/\/uj.adatbank.ro\/lexikon\/wp-json\/wp\/v2\/types\/product"}],"replies":[{"embeddable":true,"href":"https:\/\/uj.adatbank.ro\/lexikon\/wp-json\/wp\/v2\/comments?post=12165"}],"wp:attachment":[{"href":"https:\/\/uj.adatbank.ro\/lexikon\/wp-json\/wp\/v2\/media?parent=12165"}],"wp:term":[{"taxonomy":"product_brand","embeddable":true,"href":"https:\/\/uj.adatbank.ro\/lexikon\/wp-json\/wp\/v2\/product_brand?post=12165"},{"taxonomy":"product_cat","embeddable":true,"href":"https:\/\/uj.adatbank.ro\/lexikon\/wp-json\/wp\/v2\/product_cat?post=12165"},{"taxonomy":"product_tag","embeddable":true,"href":"https:\/\/uj.adatbank.ro\/lexikon\/wp-json\/wp\/v2\/product_tag?post=12165"}],"curies":[{"name":"wp","href":"https:\/\/api.w.org\/{rel}","templated":true}]}}