{"id":12170,"date":"2025-06-29T14:17:50","date_gmt":"2025-06-29T12:17:50","guid":{"rendered":"https:\/\/uj.adatbank.ro\/lexikon\/termek\/kiss-laszlo-4\/"},"modified":"2025-06-29T14:17:50","modified_gmt":"2025-06-29T12:17:50","slug":"kiss-laszlo-4","status":"publish","type":"product","link":"https:\/\/uj.adatbank.ro\/lexikon\/termek\/kiss-laszlo-4\/","title":{"rendered":"KISS L\u00e1szl\u00f3"},"content":{"rendered":"<p>Ny\u00e1r\u00e1dg\u00e1lfalva, 1941. \u2020 ?: fest\u0151. &#8211; A kv.-i K\u00e9pz\u0151m\u0171v\u00e9szeti tanulm\u00e1nyait Kv.-on a F\u0151iskol\u00e1n v\u00e9gezte. Sz\u00e9krlyudvarhelyen m\u0171k\u00f6d\u00f6tt 1987-ig, amikor Ausztri\u00e1ba emigr\u00e1lt. <br \/><strong>Irod.:<\/strong> Szab\u00f3\u2013K\u00e1llai<\/br><\/p>\n","protected":false},"excerpt":{"rendered":"<p>Ny\u00e1r\u00e1dg\u00e1lfalva, 1941. \u2020 ?: fest\u0151. &#8211; A kv.-i K\u00e9pz\u0151m\u0171v\u00e9szeti tanulm\u00e1nyait Kv.-on a F\u0151iskol\u00e1n v\u00e9gezte. Sz\u00e9krlyudvarhelyen m\u0171k\u00f6d\u00f6tt 1987-ig, amikor Ausztri\u00e1ba emigr\u00e1lt. Irod.: Szab\u00f3\u2013K\u00e1llai<\/p>\n","protected":false},"featured_media":0,"comment_status":"open","ping_status":"closed","template":"","meta":[],"product_brand":[],"product_cat":[137],"product_tag":[],"class_list":{"0":"post-12170","1":"product","2":"type-product","3":"status-publish","5":"product_cat-maros-megyei-eletrajzi-lexikon","7":"first","8":"instock","9":"shipping-taxable","10":"product-type-simple"},"_links":{"self":[{"href":"https:\/\/uj.adatbank.ro\/lexikon\/wp-json\/wp\/v2\/product\/12170","targetHints":{"allow":["GET"]}}],"collection":[{"href":"https:\/\/uj.adatbank.ro\/lexikon\/wp-json\/wp\/v2\/product"}],"about":[{"href":"https:\/\/uj.adatbank.ro\/lexikon\/wp-json\/wp\/v2\/types\/product"}],"replies":[{"embeddable":true,"href":"https:\/\/uj.adatbank.ro\/lexikon\/wp-json\/wp\/v2\/comments?post=12170"}],"wp:attachment":[{"href":"https:\/\/uj.adatbank.ro\/lexikon\/wp-json\/wp\/v2\/media?parent=12170"}],"wp:term":[{"taxonomy":"product_brand","embeddable":true,"href":"https:\/\/uj.adatbank.ro\/lexikon\/wp-json\/wp\/v2\/product_brand?post=12170"},{"taxonomy":"product_cat","embeddable":true,"href":"https:\/\/uj.adatbank.ro\/lexikon\/wp-json\/wp\/v2\/product_cat?post=12170"},{"taxonomy":"product_tag","embeddable":true,"href":"https:\/\/uj.adatbank.ro\/lexikon\/wp-json\/wp\/v2\/product_tag?post=12170"}],"curies":[{"name":"wp","href":"https:\/\/api.w.org\/{rel}","templated":true}]}}