{"id":12171,"date":"2025-06-29T14:17:51","date_gmt":"2025-06-29T12:17:51","guid":{"rendered":"https:\/\/uj.adatbank.ro\/lexikon\/termek\/kiss-laszlo-5\/"},"modified":"2025-06-29T14:17:51","modified_gmt":"2025-06-29T12:17:51","slug":"kiss-laszlo-5","status":"publish","type":"product","link":"https:\/\/uj.adatbank.ro\/lexikon\/termek\/kiss-laszlo-5\/","title":{"rendered":"KISS L\u00e1szl\u00f3"},"content":{"rendered":"<p>Dics\u0151szentm\u00e1rton, 1971. aug. 6. \u20202006? : unit. lelk\u00e9sz. \u2013 Kiss S\u00e1ndor, asztalos \u00e9s Ir\u00e9n, keramikus fia, testv\u00e9re Sanyi. Feles\u00e9ge Matild (1995). Gyermekeik: Anna, Lack\u00f3. \u2013 A Kv.-i Protest\u00e1ns Teol\u00f3gi\u00e1n v\u00e9gzett (1994). A lup\u00e9nyi, majd tordai egyh\u00e1zk\u00f6zs\u00e9g lelk\u00e9sze. <br \/><strong>Irod.:<\/strong> EMKK 2000, EMKK 2010<\/br><\/p>\n","protected":false},"excerpt":{"rendered":"<p>Dics\u0151szentm\u00e1rton, 1971. aug. 6. \u20202006? : unit. lelk\u00e9sz. \u2013 Kiss S\u00e1ndor, asztalos \u00e9s Ir\u00e9n, keramikus fia, testv\u00e9re Sanyi. Feles\u00e9ge Matild (1995). Gyermekeik: Anna, Lack\u00f3. \u2013 A Kv.-i Protest\u00e1ns Teol\u00f3gi\u00e1n v\u00e9gzett (1994). A lup\u00e9nyi, majd tordai egyh\u00e1zk\u00f6zs\u00e9g lelk\u00e9sze. Irod.: EMKK 2000, EMKK 2010<\/p>\n","protected":false},"featured_media":0,"comment_status":"open","ping_status":"closed","template":"","meta":[],"product_brand":[],"product_cat":[137],"product_tag":[],"class_list":{"0":"post-12171","1":"product","2":"type-product","3":"status-publish","5":"product_cat-maros-megyei-eletrajzi-lexikon","7":"first","8":"instock","9":"shipping-taxable","10":"product-type-simple"},"_links":{"self":[{"href":"https:\/\/uj.adatbank.ro\/lexikon\/wp-json\/wp\/v2\/product\/12171","targetHints":{"allow":["GET"]}}],"collection":[{"href":"https:\/\/uj.adatbank.ro\/lexikon\/wp-json\/wp\/v2\/product"}],"about":[{"href":"https:\/\/uj.adatbank.ro\/lexikon\/wp-json\/wp\/v2\/types\/product"}],"replies":[{"embeddable":true,"href":"https:\/\/uj.adatbank.ro\/lexikon\/wp-json\/wp\/v2\/comments?post=12171"}],"wp:attachment":[{"href":"https:\/\/uj.adatbank.ro\/lexikon\/wp-json\/wp\/v2\/media?parent=12171"}],"wp:term":[{"taxonomy":"product_brand","embeddable":true,"href":"https:\/\/uj.adatbank.ro\/lexikon\/wp-json\/wp\/v2\/product_brand?post=12171"},{"taxonomy":"product_cat","embeddable":true,"href":"https:\/\/uj.adatbank.ro\/lexikon\/wp-json\/wp\/v2\/product_cat?post=12171"},{"taxonomy":"product_tag","embeddable":true,"href":"https:\/\/uj.adatbank.ro\/lexikon\/wp-json\/wp\/v2\/product_tag?post=12171"}],"curies":[{"name":"wp","href":"https:\/\/api.w.org\/{rel}","templated":true}]}}