{"id":12172,"date":"2025-06-29T14:17:52","date_gmt":"2025-06-29T12:17:52","guid":{"rendered":"https:\/\/uj.adatbank.ro\/lexikon\/termek\/kiss-laszlo-%c2%a7\/"},"modified":"2025-06-29T14:17:52","modified_gmt":"2025-06-29T12:17:52","slug":"kiss-laszlo-%c2%a7","status":"publish","type":"product","link":"https:\/\/uj.adatbank.ro\/lexikon\/termek\/kiss-laszlo-%c2%a7\/","title":{"rendered":"KISS L\u00e1szl\u00f3, \u00a7"},"content":{"rendered":"<p>Segesv\u00e1r, 1919. m\u00e1j. 13., \u2020 Mv., 1968. jan. 14.: k\u00f6lt\u0151, pr\u00f3za- \u00e9s dr\u00e1ma\u00edr\u00f3, sz\u00edn\u00e9sz. \u2013 Medgyesen Sz\u00e9kelykereszt\u00faron \u00e9s Mv.-en v\u00e9gezte a k\u00f6z\u00e9piskol\u00e1t (1937). Tisztvisel\u0151 Nagyv\u00e1radon, majd \u00fajs\u00e1g\u00edr\u00f3i akad\u00e9mi\u00e1t v\u00e9gzett \u00e9s a Keleti \u00dajs\u00e1g tud\u00f3s\u00edt\u00f3ja. Szerkeszt\u0151 a: Brass\u00f3i Lapok, (1937\u201338), Keleti \u00dajs\u00e1g (Kv., 1937\u201340), MTI (Bp., 1942\u201343), a h\u00e1bor\u00fa ut\u00e1n a mv.-i Szabad Sz\u00f3 munkat\u00e1rsa (1944\u201345). Sz\u00edn\u00e9szi tehets\u00e9g\u00e9re Tompa Mikl\u00f3s figyelt fel, a mv.-i Sz\u00e9kely Sz\u00ednh\u00e1zban Katona: B\u00e1nk b\u00e1nj\u00e1ban l\u00e9pett fel el\u0151sz\u00f6r (1947\u2013). Hal\u00e1l\u00e1ig a sz\u00ednh\u00e1z m\u0171v\u00e9sze volt. Er\u0151teljes, robosztus alakja rendk\u00edv\u00fcli \u00e9rz\u00e9kenys\u00e9ggel, emp\u00e1ti\u00e1val p\u00e1rosult. Alak\u00edt\u00e1saiban t\u00f6bbnyire igen hat\u00e1sos kontrasztos megold\u00e1sokat alkalmazott. Sz\u00ednm\u0171ve Vihar a havason, amelyet Kov\u00e1cs Dezs\u0151vel \u00edrt \u00e9s Mv.-en mutatt\u00e1k be (1952), \u00e1llami d\u00edjban r\u00e9szes\u00fclt; Kutyaj\u00e1t\u00e9k c. kiadatlan v\u00edgj\u00e1t\u00e9k\u00e1t Temesv\u00e1ron j\u00e1tszott\u00e1k (1947); F\u00e9szekrak\u00f3k c. sz\u00ednm\u0171v\u00e9t a sepsiszentgy\u00f6rgyi sz\u00ednh\u00e1z mutatta be. Sz\u00e9ppr\u00f3z\u00e1t is \u00edrt; Mint karikaturista is ismert volt, W. Busch humoros rajzaihoz \u00edrt verseit magyarra ford\u00edtotta. Festm\u00e9nyei, karikat\u00far\u00e1i, ker\u00e1mia t\u00e1rgyai hagyat\u00e9k\u00e1ban maradtak fenn. \u2013 <strong>F. m.:<\/strong> \u00d6nmagam ellen (versek; Mv., 1939); Vihar a havason (sz\u00ednj\u00e1t\u00e9k Kov\u00e1ts Dezs\u0151vel; Buk., 1953; Furtun\u0103 \u00een mun\u0163i \/ Al. Kiri\u0163escu \u00e9s Aurel Bonta\u015f ford., Buc., 1954); J\u00f3 reggelt! (karc.; Mv., 1956); Az aranyhaj\u00fa lovas (mesek\u00f6nyv Alexander Tieltz nyom\u00e1n; Buk., 1967); K\u00f6penyes kardos kom\u00e9di\u00e1k (szerk: Gergely G\u00e9za Kutyav\u00e1s\u00e1r c. zen\u00e9s vigj\u00e1t\u00e9k Kozma. M\u00e1ty\u00e1s dalbet\u00e9teivel; Mv., 1971); <strong>antol\u00f3g.:<\/strong> Versekben t\u00fcnd\u00f6kl\u0151 Erd\u00e9ly (Kv., 1941); szerk: <strong>F. sz.:<\/strong> II. Endre ( Katona J\u00f3zsef : B\u00e1nk b\u00e1n 1947); Lennie (Steinbeck: Egerek \u00e9s emberek, 1948); L. Demetrius : Mai emberek (1953); Sarkady Imre : Szeptember (1957); Visnyevszkij : Optimista trag\u00e9dia (1959); A. Abruzov : Irkutszki t\u00f6rt\u00e9net (1962); Csugari ( M\u00f3ricz: \u00dari muri; ); Szemere Bertalan ( Illy\u00e9s: F\u00e1klyal\u00e1ng); Pampon (Caragiale: Farsang); Simon (Wolf: Mamlock professor); Bryant (Wesker: Gy\u00f6kerek); Mitrics (Tolsztoj: A s\u00f6t\u00e9ts\u00e9g hatalma); P\u00e1kozdi Mih\u00e1ly (G\u00e1rdonyi G\u00e9za: A bor); Mister James Jakobs, tengernagy (Evgenij Petrov: A b\u00e9ke szigete); Perdy (Zilahi Lajos: A sz\u0171z \u00e9s a g\u00f6d\u00f6lye); B\u00f6rt\u00f6nparancsnok (Gergely S\u00e1ndor: Vit\u00e9zek \u00e9s h\u0151s\u00f6k); A sbirrek parancsnoka (Ben Jonson: Volpone), Jegyz\u0151 (Szigligeti Ede: A csik\u00f3s); F\u00e1y Istv\u00e1n (Miksz\u00e1th K\u00e1lm\u00e1n: K\u00fcl\u00f6n\u00f6s h\u00e1zass\u00e1g); Sz\u00e9pleg\u00e9ny, bandavez\u00e9r (M\u00f3ricz Zsigmond: Uri muri); Ghi\u0163\u0103 Pristanda (Caragiale: Az elveszett lev\u00e9l); Nastai Anton, b\u00e1ny\u00e1sz (M. Davidoglu: B\u00e1ny\u00e1szok); Kocsubej tan\u00e1r (Szergej Mihalkov: A v\u00f6r\u00f6s nyakkend\u0151); Munk\u00e1s (Szab\u00f3 Ern\u0151: \u00dcgyviteli sorrend); O\u2019Leary (Borisz Lavrenyov: Amerika hangja); Ezredes (Tur testv\u00e9rek \u00e9s Seinin: Kinek kedvez az id\u0151); Szevasztyanov (K. Szimonov: Leg\u00e9ny a talp\u00e1n); Adolf Kolinszkij (J. Burjakovszkij: \u00dczenet az \u00e9l\u0151knek); Oszip, szolga (Gogoly: A revizor); Zak\u00e1r, fav\u00e1g\u00f3 (Kiss L\u00e1szl\u00f3-Kov\u00e1ts Dezs\u0151: Vihar a havason); Bariba (Borisz Gorbatov: Ap\u00e1k ifj\u00fas\u00e1ga); H\u00e1zmester ( Cs\u00edky Gergely: Ingyen\u00e9l\u0151k); Artyom Godun (Borisz Lavrenyov: Lesz\u00e1mol\u00e1s), Trandafir, kul\u00e1k (Lucia Demetriusz: Mai emberek); Dumitru (Horv\u00e1th \u00c1goston: Varga Katalin); Rehorst (H. Kipphardt: Shakespeare kerestetik); Szmirnov, f\u00f6ldbirtokos (Csehov: Medve); K\u00e1ntor (Br\u00f3dy S\u00e1ndor: A tan\u00edt\u00f3n\u0151); Budai Nagy J\u00e1nos (K\u00f3s K\u00e1roly: Budai Nagy Antal); Kiss M\u00e1rton, falusi jegyz\u0151 (Szab\u00f3 Lajos: Menek\u00fcl\u00e9s); S\u00e1ndor (Sarkadi Imre: Szeptember); Vincentio (W. Shakespeare: A makrancos h\u00f6lgy); Barta K\u00e1lm\u00e1n (M\u00e9liusz J\u00f3zsef: Nem olyan egyszer\u0171), Oprisan, munk\u00e1s (Aurel Baranga: Diadal\u00edv); Ragy\u00e1s (V. Visnyevszkij: Optimista trag\u00e9dia); Dima mester (C. Teodoru: Oroszl\u00e1nr\u00e9sz); Simon, beteg\u00e1pol\u00f3 (Fr. Wolf: Mamlock Professzor); Gur\u0103u, k\u00e1derfelel\u0151s (Al. Mirodan: \u00dajs\u00e1g\u00edr\u00f3k); Petru Rares; film szerepek: P\u0103durea sp\u00e2nzura\u0163ilor (1965); Castelanii \u2013Kast\u00e9lylak\u00f3k (1967). <br \/><strong>Irod.:<\/strong> Sz\u00e9kely J.: Irgalmas hazugs\u00e1g (1989); B\u00e9rczes; Bottoni 2008; Gergely G\u00e9za : K. L. (Igaz Sz\u00f3, 1969\/12), A H\u00e9t \u00c9vk. (1982); Horv\u00e1th Bea; Id\u0151t\u00e1r 3; K\u00e1ntor\u2013L\u00e1ng; Katona-K\u00e1ntor; Katona Szab\u00f3; Katona Szab\u00f3 Istv\u00e1n: Az \u00daj \u00c9let lexikona, 87. (\u00daj \u00c9let, 3. sz. 1974.); K. L. [Nekrol\u00f3g] (V. Z., 1968. jan. 16.); KM\u00cd; Kov\u00e1cs Levente; Kusz\u00e1lik; M\u00c9L; MIIB; MSZL; Polg\u00e1r Istv\u00e1n: B\u00facs\u00fa egy nyugtalan embert\u0151l (Utunk, 1968\/5); Polg\u00e1r Istv\u00e1n: K. L. [Nekrol\u00f3g] (\u00daj \u00c9let, 2. sz., 1968); R\u00e9thy\u2013V\u00e1czy; RMIL<\/br><\/p>\n","protected":false},"excerpt":{"rendered":"<p>Segesv\u00e1r, 1919. m\u00e1j. 13., \u2020 Mv., 1968. jan. 14.: k\u00f6lt\u0151, pr\u00f3za- \u00e9s dr\u00e1ma\u00edr\u00f3, sz\u00edn\u00e9sz. \u2013 Medgyesen Sz\u00e9kelykereszt\u00faron \u00e9s Mv.-en v\u00e9gezte a k\u00f6z\u00e9piskol\u00e1t (1937). Tisztvisel\u0151 Nagyv\u00e1radon, majd \u00fajs\u00e1g\u00edr\u00f3i akad\u00e9mi\u00e1t v\u00e9gzett \u00e9s a Keleti \u00dajs\u00e1g tud\u00f3s\u00edt\u00f3ja. Szerkeszt\u0151 a: Brass\u00f3i Lapok, (1937\u201338), Keleti \u00dajs\u00e1g (Kv., 1937\u201340), MTI (Bp., 1942\u201343), a h\u00e1bor\u00fa ut\u00e1n a mv.-i Szabad Sz\u00f3 munkat\u00e1rsa (1944\u201345). [&hellip;]<\/p>\n","protected":false},"featured_media":0,"comment_status":"open","ping_status":"closed","template":"","meta":[],"product_brand":[],"product_cat":[137],"product_tag":[],"class_list":{"0":"post-12172","1":"product","2":"type-product","3":"status-publish","5":"product_cat-maros-megyei-eletrajzi-lexikon","7":"first","8":"instock","9":"shipping-taxable","10":"product-type-simple"},"_links":{"self":[{"href":"https:\/\/uj.adatbank.ro\/lexikon\/wp-json\/wp\/v2\/product\/12172","targetHints":{"allow":["GET"]}}],"collection":[{"href":"https:\/\/uj.adatbank.ro\/lexikon\/wp-json\/wp\/v2\/product"}],"about":[{"href":"https:\/\/uj.adatbank.ro\/lexikon\/wp-json\/wp\/v2\/types\/product"}],"replies":[{"embeddable":true,"href":"https:\/\/uj.adatbank.ro\/lexikon\/wp-json\/wp\/v2\/comments?post=12172"}],"wp:attachment":[{"href":"https:\/\/uj.adatbank.ro\/lexikon\/wp-json\/wp\/v2\/media?parent=12172"}],"wp:term":[{"taxonomy":"product_brand","embeddable":true,"href":"https:\/\/uj.adatbank.ro\/lexikon\/wp-json\/wp\/v2\/product_brand?post=12172"},{"taxonomy":"product_cat","embeddable":true,"href":"https:\/\/uj.adatbank.ro\/lexikon\/wp-json\/wp\/v2\/product_cat?post=12172"},{"taxonomy":"product_tag","embeddable":true,"href":"https:\/\/uj.adatbank.ro\/lexikon\/wp-json\/wp\/v2\/product_tag?post=12172"}],"curies":[{"name":"wp","href":"https:\/\/api.w.org\/{rel}","templated":true}]}}