{"id":12174,"date":"2025-06-29T14:17:57","date_gmt":"2025-06-29T12:17:57","guid":{"rendered":"https:\/\/uj.adatbank.ro\/lexikon\/termek\/kiss-ludovic\/"},"modified":"2025-06-29T14:17:57","modified_gmt":"2025-06-29T12:17:57","slug":"kiss-ludovic","status":"publish","type":"product","link":"https:\/\/uj.adatbank.ro\/lexikon\/termek\/kiss-ludovic\/","title":{"rendered":"KISS Ludovic"},"content":{"rendered":"<p>M\u00e1csa, 1931. febr. 15., \u2020 Arad, 1998.: ezredes. \u2013 F\u0151hadnagy (1958), sz\u00e1zados (1962), \u0151rnagy (1968), alezredes (1971), ezredes (1979). Arad Tartom\u00e1ny Securitate (1954\u201363), MMAT Securitate Tartom\u00e1nyi Igazgat\u00f3s\u00e1ga b\u0171n\u00fcgyi nyomoz\u00f3 oszt\u00e1ly\u00e1n f\u0151hadnagy (1958), sz\u00e1zados (1962), f\u0151n\u00f6khelyettes (1966), \u0151rnagy (1967). (1963\u201368), majd a Hargita megyei Securitate illetve a Bel\u00fcgyminiszt\u00e9rium Hargita megyei Fel\u00fcgyel\u0151s\u00e9g\u00e9n dolgozott. Tartal\u00e9kba helyezt\u00e9k (1980. nov. 3.). <br \/><strong>Irod.:<\/strong> Bartos 2012<\/br><\/p>\n","protected":false},"excerpt":{"rendered":"<p>M\u00e1csa, 1931. febr. 15., \u2020 Arad, 1998.: ezredes. \u2013 F\u0151hadnagy (1958), sz\u00e1zados (1962), \u0151rnagy (1968), alezredes (1971), ezredes (1979). Arad Tartom\u00e1ny Securitate (1954\u201363), MMAT Securitate Tartom\u00e1nyi Igazgat\u00f3s\u00e1ga b\u0171n\u00fcgyi nyomoz\u00f3 oszt\u00e1ly\u00e1n f\u0151hadnagy (1958), sz\u00e1zados (1962), f\u0151n\u00f6khelyettes (1966), \u0151rnagy (1967). (1963\u201368), majd a Hargita megyei Securitate illetve a Bel\u00fcgyminiszt\u00e9rium Hargita megyei Fel\u00fcgyel\u0151s\u00e9g\u00e9n dolgozott. Tartal\u00e9kba helyezt\u00e9k (1980. nov. [&hellip;]<\/p>\n","protected":false},"featured_media":0,"comment_status":"open","ping_status":"closed","template":"","meta":[],"product_brand":[],"product_cat":[137],"product_tag":[],"class_list":{"0":"post-12174","1":"product","2":"type-product","3":"status-publish","5":"product_cat-maros-megyei-eletrajzi-lexikon","7":"first","8":"instock","9":"shipping-taxable","10":"product-type-simple"},"_links":{"self":[{"href":"https:\/\/uj.adatbank.ro\/lexikon\/wp-json\/wp\/v2\/product\/12174","targetHints":{"allow":["GET"]}}],"collection":[{"href":"https:\/\/uj.adatbank.ro\/lexikon\/wp-json\/wp\/v2\/product"}],"about":[{"href":"https:\/\/uj.adatbank.ro\/lexikon\/wp-json\/wp\/v2\/types\/product"}],"replies":[{"embeddable":true,"href":"https:\/\/uj.adatbank.ro\/lexikon\/wp-json\/wp\/v2\/comments?post=12174"}],"wp:attachment":[{"href":"https:\/\/uj.adatbank.ro\/lexikon\/wp-json\/wp\/v2\/media?parent=12174"}],"wp:term":[{"taxonomy":"product_brand","embeddable":true,"href":"https:\/\/uj.adatbank.ro\/lexikon\/wp-json\/wp\/v2\/product_brand?post=12174"},{"taxonomy":"product_cat","embeddable":true,"href":"https:\/\/uj.adatbank.ro\/lexikon\/wp-json\/wp\/v2\/product_cat?post=12174"},{"taxonomy":"product_tag","embeddable":true,"href":"https:\/\/uj.adatbank.ro\/lexikon\/wp-json\/wp\/v2\/product_tag?post=12174"}],"curies":[{"name":"wp","href":"https:\/\/api.w.org\/{rel}","templated":true}]}}