{"id":12175,"date":"2025-06-29T14:18:02","date_gmt":"2025-06-29T12:18:02","guid":{"rendered":"https:\/\/uj.adatbank.ro\/lexikon\/termek\/kiss-margit\/"},"modified":"2025-06-29T14:18:02","modified_gmt":"2025-06-29T12:18:02","slug":"kiss-margit","status":"publish","type":"product","link":"https:\/\/uj.adatbank.ro\/lexikon\/termek\/kiss-margit\/","title":{"rendered":"KISS Margit"},"content":{"rendered":"<p>Nagyenyed, ? \u2020 ?: tan\u00edt\u00f3n\u0151. \u2013 Sz\u00e9kelyudvarhelyen v\u00e9gezte tanulm\u00e1nyait (1939). Oklevele elnyer\u00e9se ut\u00e1n a Sz\u00e9kelyf\u00f6ld\u00f6n tan\u00edtott, t\u00f6bbek k\u00f6z\u00f6tt Disznaj\u00f3n. Minden magyar kultur\u00e1lis \u00fcgy lelkes t\u00e1mogat\u00f3ja volt, sz\u00e1mos egyh\u00e1zi egyes\u00fclet m\u0171k\u00f6d\u00e9s\u00e9ben vett r\u00e9szt. <br \/><strong>Irod.:<\/strong> Sz\u00e9kelyf\u00f6ld \u00ed. k.<\/br><\/p>\n","protected":false},"excerpt":{"rendered":"<p>Nagyenyed, ? \u2020 ?: tan\u00edt\u00f3n\u0151. \u2013 Sz\u00e9kelyudvarhelyen v\u00e9gezte tanulm\u00e1nyait (1939). Oklevele elnyer\u00e9se ut\u00e1n a Sz\u00e9kelyf\u00f6ld\u00f6n tan\u00edtott, t\u00f6bbek k\u00f6z\u00f6tt Disznaj\u00f3n. Minden magyar kultur\u00e1lis \u00fcgy lelkes t\u00e1mogat\u00f3ja volt, sz\u00e1mos egyh\u00e1zi egyes\u00fclet m\u0171k\u00f6d\u00e9s\u00e9ben vett r\u00e9szt. Irod.: Sz\u00e9kelyf\u00f6ld \u00ed. k.<\/p>\n","protected":false},"featured_media":0,"comment_status":"open","ping_status":"closed","template":"","meta":[],"product_brand":[],"product_cat":[137],"product_tag":[],"class_list":{"0":"post-12175","1":"product","2":"type-product","3":"status-publish","5":"product_cat-maros-megyei-eletrajzi-lexikon","7":"first","8":"instock","9":"shipping-taxable","10":"product-type-simple"},"_links":{"self":[{"href":"https:\/\/uj.adatbank.ro\/lexikon\/wp-json\/wp\/v2\/product\/12175","targetHints":{"allow":["GET"]}}],"collection":[{"href":"https:\/\/uj.adatbank.ro\/lexikon\/wp-json\/wp\/v2\/product"}],"about":[{"href":"https:\/\/uj.adatbank.ro\/lexikon\/wp-json\/wp\/v2\/types\/product"}],"replies":[{"embeddable":true,"href":"https:\/\/uj.adatbank.ro\/lexikon\/wp-json\/wp\/v2\/comments?post=12175"}],"wp:attachment":[{"href":"https:\/\/uj.adatbank.ro\/lexikon\/wp-json\/wp\/v2\/media?parent=12175"}],"wp:term":[{"taxonomy":"product_brand","embeddable":true,"href":"https:\/\/uj.adatbank.ro\/lexikon\/wp-json\/wp\/v2\/product_brand?post=12175"},{"taxonomy":"product_cat","embeddable":true,"href":"https:\/\/uj.adatbank.ro\/lexikon\/wp-json\/wp\/v2\/product_cat?post=12175"},{"taxonomy":"product_tag","embeddable":true,"href":"https:\/\/uj.adatbank.ro\/lexikon\/wp-json\/wp\/v2\/product_tag?post=12175"}],"curies":[{"name":"wp","href":"https:\/\/api.w.org\/{rel}","templated":true}]}}