{"id":12178,"date":"2025-06-29T14:18:07","date_gmt":"2025-06-29T12:18:07","guid":{"rendered":"https:\/\/uj.adatbank.ro\/lexikon\/termek\/kiss-marton-p-kiss-marton-kiss-bela-marton-pater\/"},"modified":"2025-06-29T14:18:07","modified_gmt":"2025-06-29T12:18:07","slug":"kiss-marton-p-kiss-marton-kiss-bela-marton-pater","status":"publish","type":"product","link":"https:\/\/uj.adatbank.ro\/lexikon\/termek\/kiss-marton-p-kiss-marton-kiss-bela-marton-pater\/","title":{"rendered":"KISS M\u00e1rton P., Kiss M\u00e1rton; Kiss B\u00e9la M\u00e1rton Pater.,"},"content":{"rendered":"<p>Esztelnek, 1888. okt. 3., \u2020 Mv., 1979. \u00e1pr. 15.: ferencrendi szerzetes, h\u00e1zf\u0151n\u00f6k, lelk\u00e9sz, egyh\u00e1zi \u00edr\u00f3, k\u00f6lt\u0151. \u2013 M\u00e1r gyermekk\u00e9nt kapcsolatba ker\u00fclt a ferenc-rendi szerzetesekkel, K\u00f6z\u00e9piskol\u00e1t K\u00e9zdiv\u00e1s\u00e1rhelyen, tan\u00edt\u00f3k\u00e9pz\u0151t Cs\u00edksomly\u00f3n v\u00e9gezett. Mikh\u00e1z\u00e1n l\u00e9pett be a rendbe (1903. szept. 17). Egy \u00e9vig novicius, Esztelneken filoz\u00f3fi\u00e1t tanult, majd a rend saj\u00e1t teol\u00f3gi\u00e1j\u00e1ra k\u00fcldte. Medgyesen I. (1907\u20131908), Vajdahunyadon II.-iII. (1908\u201310), Medgyesen IV. \u00e9vet v\u00e9gzett (1910\u201311); gr. Majl\u00e1th Guszt\u00e1v p\u00fcsp\u00f6k papp\u00e1 szentelte (1911). A ferences szerzetes rend bels\u0151 szab\u00e1lyai szerint: be\u00f6lt\u00f6z\u00e9se (1903. szept. 17), egyszer\u0171 fogadalmat tett (1908. febr. 2.)., majd papp\u00e1 szentelt\u00e9k (1911. j\u00fan. 11.). Szamos\u00fajv\u00e1rra ker\u00fclt, mint h\u00e1zf\u0151n\u00f6k helyettes, gy\u00f3ntat\u00f3 \u00e9s sz\u00f3nok (1911\u201312). A teol\u00f3giai okl. mell\u00e9 m\u00e9g tan\u00edt\u00f3i okl. -et is szerzett, ez\u00e9rt seg\u00e9dlelk\u00e9szk\u00e9nt \u00e9s tan\u00edt\u00f3k\u00e9nt m\u0171k\u0151d\u00f6tt: Mv.-en (1912\u201314); D\u00e9sen hitoktat\u00f3 (1914\u201315); Sz\u00e9kelyudvarhelyen tan\u00edt\u00f3 (1915\u201319); Medgyesen pl\u00e9b\u00e1nos, tan\u00edt\u00f3, h\u00e1zf\u0151n\u00f6k (1919\u201322); Mikh\u00e1z\u00e1n h\u00e1zf\u0151n\u00f6k, tan\u00edt\u00f3 \u00e9s misszion\u00e1rius (1922\u201327), k\u00f6zben a kolostor novicius magisztere; Medgyesen h\u00e1zf\u0151n\u00f6k \u00e9s hitoktat\u00f3 (1927\u201330); Mv.-en h\u00e1zf\u0151n\u00f6k, iskola. ig., noviciusmester \u00e9s rendtartom\u00e1nyi titk\u00e1r (1920\u201339); Marosszentgy\u00f6rgy pl\u00e9b\u00e1nosa (1937. \u00e1pr. \u2013 1940. jan.), ott pl\u00e9b\u00e1ni\u00e1t \u00e9p\u00edtett (1930), majd h\u00e1zf\u0151n\u00f6k \u00e9s a r. kat. iskola igazgat\u00f3ja tan\u00edt\u00f3 (1936. szept. 1. \u2013 1947). Szorgalmaz\u00e1s\u00e1ra \u00e9p\u00fclt fel Marosszentgy\u00f6rgy\u00f6n a ferences kolostor (1936. j\u00fal. 6.), amelynek els\u0151 h\u00e1zf\u0151n\u00f6ke lett. Egyed\u00fcl maradt a z\u00e1rd\u00e1ban (1944). Az isk. megsz\u00fcn\u00e9se ut\u00e1n is a kolostorban maradt, a rend feloszt\u00e1sa ut\u00e1n m\u00e9g megt\u0171rt\u00e9k \u0151ket (1950. aug. 20.-ig), majd a t\u00f6bbi ferencest elsz\u00e1ll\u00edtott\u00e1k t\u00e9ved\u00e9sb\u0151l Esztelnekre, onnan M\u00e1riaradn\u00e1ra, de \u0151r\u00f3la megfeledkeztek, mert nem volt a keresett \u00f3r\u00e1ban otthon. Mv.-en egy rokon\u00e1n\u00e1l h\u00fazta meg mag\u00e1t (1951\u201372); az Ady negyed ben gy\u00f3ntat\u00f3 (1972). Rendtartom\u00e1nyi titk\u00e1r (1928), majd tan\u00e1csos (1936\u201339); a Szenkereszt Hadsereg igazgat\u00f3ja. R\u00e9szt vett a magyar kultur\u00e1lis \u00e9s a vall\u00e1sos egyes\u00fcletek vezet\u00e9s\u00e9ben. Munkat\u00e1rsa, t\u00e1rsszerkeszt\u0151je volt a Katolokus Vil\u00e1gnak (1923\u201327). Vall\u00e1sos cikkei, versei a Vas\u00e1rnap, \u00e9s a Hirn\u00f6kben jelentek meg. \u2013 <strong>F. m.:<\/strong> Lelkem muzsik\u00e1ja ( versek, Arad., 1927). <br \/><strong>Irod.:<\/strong> B. D.: M\u00e1rton atya z\u00e1szl\u00f3 \u00fcgye (N\u00fa, 2000. m\u00e1j. 4.); Baricz; Gy\u00f6rgy: A ferencrendiek; Dasc\u0103li mure\u015feni, 4.; Ki kicsoda?; L\u00e9sty\u00e1n Ferenc: Mv. katolikus egyh\u00e1za a kommunista elnyom\u00e1s idej\u00e9n (Kv., 2007); Maros-k\u00fck\u00fcll\u0151i f\u0151esp.; MKL; Opri\u015f-Moldovan; RMIL Szab\u00f3 Edit (Harangsz\u00f3, 2000. \u00e1pr.); S\u00e2ngeorgiu de Mure\u015f \u2013 \u015ecoala; Sz\u00e9kelyf\u00f6ld \u00ed. k.<\/br><\/p>\n","protected":false},"excerpt":{"rendered":"<p>Esztelnek, 1888. okt. 3., \u2020 Mv., 1979. \u00e1pr. 15.: ferencrendi szerzetes, h\u00e1zf\u0151n\u00f6k, lelk\u00e9sz, egyh\u00e1zi \u00edr\u00f3, k\u00f6lt\u0151. \u2013 M\u00e1r gyermekk\u00e9nt kapcsolatba ker\u00fclt a ferenc-rendi szerzetesekkel, K\u00f6z\u00e9piskol\u00e1t K\u00e9zdiv\u00e1s\u00e1rhelyen, tan\u00edt\u00f3k\u00e9pz\u0151t Cs\u00edksomly\u00f3n v\u00e9gezett. Mikh\u00e1z\u00e1n l\u00e9pett be a rendbe (1903. szept. 17). Egy \u00e9vig novicius, Esztelneken filoz\u00f3fi\u00e1t tanult, majd a rend saj\u00e1t teol\u00f3gi\u00e1j\u00e1ra k\u00fcldte. Medgyesen I. (1907\u20131908), Vajdahunyadon II.-iII. (1908\u201310), [&hellip;]<\/p>\n","protected":false},"featured_media":0,"comment_status":"open","ping_status":"closed","template":"","meta":[],"product_brand":[],"product_cat":[137],"product_tag":[],"class_list":{"0":"post-12178","1":"product","2":"type-product","3":"status-publish","5":"product_cat-maros-megyei-eletrajzi-lexikon","7":"first","8":"instock","9":"shipping-taxable","10":"product-type-simple"},"_links":{"self":[{"href":"https:\/\/uj.adatbank.ro\/lexikon\/wp-json\/wp\/v2\/product\/12178","targetHints":{"allow":["GET"]}}],"collection":[{"href":"https:\/\/uj.adatbank.ro\/lexikon\/wp-json\/wp\/v2\/product"}],"about":[{"href":"https:\/\/uj.adatbank.ro\/lexikon\/wp-json\/wp\/v2\/types\/product"}],"replies":[{"embeddable":true,"href":"https:\/\/uj.adatbank.ro\/lexikon\/wp-json\/wp\/v2\/comments?post=12178"}],"wp:attachment":[{"href":"https:\/\/uj.adatbank.ro\/lexikon\/wp-json\/wp\/v2\/media?parent=12178"}],"wp:term":[{"taxonomy":"product_brand","embeddable":true,"href":"https:\/\/uj.adatbank.ro\/lexikon\/wp-json\/wp\/v2\/product_brand?post=12178"},{"taxonomy":"product_cat","embeddable":true,"href":"https:\/\/uj.adatbank.ro\/lexikon\/wp-json\/wp\/v2\/product_cat?post=12178"},{"taxonomy":"product_tag","embeddable":true,"href":"https:\/\/uj.adatbank.ro\/lexikon\/wp-json\/wp\/v2\/product_tag?post=12178"}],"curies":[{"name":"wp","href":"https:\/\/api.w.org\/{rel}","templated":true}]}}