{"id":12179,"date":"2025-06-29T14:18:09","date_gmt":"2025-06-29T12:18:09","guid":{"rendered":"https:\/\/uj.adatbank.ro\/lexikon\/termek\/kiss-marton-%c2%a7\/"},"modified":"2025-06-29T14:18:09","modified_gmt":"2025-06-29T12:18:09","slug":"kiss-marton-%c2%a7","status":"publish","type":"product","link":"https:\/\/uj.adatbank.ro\/lexikon\/termek\/kiss-marton-%c2%a7\/","title":{"rendered":"KISS M\u00e1rton, \u00a7"},"content":{"rendered":"<p>Mv., 1909. dec. 18., \u2020 Mv., 1988. m\u00e1rc. 21.: asztalos, szobr\u00e1sz, fafarag\u00f3. \u2013 Fiai: K. B\u00e9la \/Adalbert (1937\u2013); K. Istv\u00e1n (1940\u2013). \u2013 \u00c1rvak\u00e9nt a hadsereg fiak\u00e9nt n\u0151tt fel. Gimn. V\u00e9gzett \u00e9s b\u00fatorasztalos szakmunk\u00e1s lett. Dolgozott Temesv\u00e1ron, Brass\u00f3ban, ahol megn\u0151s\u00fclt (1935), Mv.-en telepedett le, az ILEFOR a munkahelye nyugd\u00edjaz\u00e1s\u00e1ig (1968). Munkaerej\u00e9nek telj\u00e9ben folytatta az ifj\u00fakor\u00e1t\u00f3l v\u00e9gzett tev\u00e9kenys\u00e9g\u00e9t, a farag\u00e1st. A N\u00e9pi Alkot\u00e1sok H\u00e1za neves szakembere, Bandi Dezs\u0151 ir\u00e1ny\u00edtotta munk\u00e1j\u00e1t. A mv.-i D\u00f3zsa Gy. u.-i h\u00e1za \u00e1lland\u00f3 ki\u00e1ll\u00edt\u00e1s hely\u00e9t k\u00e9pezta, a bel- \u00e9s k\u00fclf\u00f6ldi l\u00e1togat\u00f3k sokas\u00e1g\u00e1t fogadta. A Szakszervezetek M\u0171vel\u0151d\u00e9si H\u00e1za \u00e9gisze alatt m\u0171k\u00f6d\u0151 Naiv K\u00e9pz\u0151m\u0171v\u00e9szek Klubj\u00e1nak alap\u00edt\u00f3tagja volt ( 1972. szept. 15.) \u00e9s a Maros Megyei Amat\u00f6r K\u00e9pz\u0151m\u0171v\u00e9szek Egyes\u00fclet\u00e9nek (1977\u2013). F\u00e1b\u00f3l faragott szobraival vett r\u00e9szt a ki\u00e1ll\u00edt\u00e1sokon. \u2013 <strong>F. ki\u00e1ll.:<\/strong> csoportos: Mv.-en az Alkot\u00e1sok H\u00e1za szervez\u00e9s\u00e9ben els\u0151 naiv m\u0171v\u00e9szeti ki\u00e1ll. (1970. j\u00fal. 19- aug. 16.), Buk.-ben, Gyulafeh\u00e9rv\u00e1ron, Kv.-on, Ia\u015fiban, Segesv\u00e1ron, Cs\u00edkszered\u00e1ban (1980), \u00e9s m\u00e1s v\u00e1rosokban; egy\u00e9ni: Mv.-en a Kult\u00farpalot\u00e1ban, a Szakszervezetek M\u0171vel\u0151d\u00e9si H\u00e1z\u00e1ban \u00e9s az Apollo Teremben. Retrospekt\u00edv ki\u00e1ll. szerveztek eml\u00e9k\u00e9re Mv.-en, az Unirea Teremben 90. sz\u00fclet\u00e9se napj\u00e1n (1999). Sz\u00e1mos I. II. III. d\u00edjat nyert. <br \/><strong>Irod.:<\/strong> AAPM; Opri\u015f 2018<\/br><\/p>\n","protected":false},"excerpt":{"rendered":"<p>Mv., 1909. dec. 18., \u2020 Mv., 1988. m\u00e1rc. 21.: asztalos, szobr\u00e1sz, fafarag\u00f3. \u2013 Fiai: K. B\u00e9la \/Adalbert (1937\u2013); K. Istv\u00e1n (1940\u2013). \u2013 \u00c1rvak\u00e9nt a hadsereg fiak\u00e9nt n\u0151tt fel. Gimn. V\u00e9gzett \u00e9s b\u00fatorasztalos szakmunk\u00e1s lett. Dolgozott Temesv\u00e1ron, Brass\u00f3ban, ahol megn\u0151s\u00fclt (1935), Mv.-en telepedett le, az ILEFOR a munkahelye nyugd\u00edjaz\u00e1s\u00e1ig (1968). Munkaerej\u00e9nek telj\u00e9ben folytatta az ifj\u00fakor\u00e1t\u00f3l v\u00e9gzett [&hellip;]<\/p>\n","protected":false},"featured_media":0,"comment_status":"open","ping_status":"closed","template":"","meta":[],"product_brand":[],"product_cat":[137],"product_tag":[],"class_list":{"0":"post-12179","1":"product","2":"type-product","3":"status-publish","5":"product_cat-maros-megyei-eletrajzi-lexikon","7":"first","8":"instock","9":"shipping-taxable","10":"product-type-simple"},"_links":{"self":[{"href":"https:\/\/uj.adatbank.ro\/lexikon\/wp-json\/wp\/v2\/product\/12179","targetHints":{"allow":["GET"]}}],"collection":[{"href":"https:\/\/uj.adatbank.ro\/lexikon\/wp-json\/wp\/v2\/product"}],"about":[{"href":"https:\/\/uj.adatbank.ro\/lexikon\/wp-json\/wp\/v2\/types\/product"}],"replies":[{"embeddable":true,"href":"https:\/\/uj.adatbank.ro\/lexikon\/wp-json\/wp\/v2\/comments?post=12179"}],"wp:attachment":[{"href":"https:\/\/uj.adatbank.ro\/lexikon\/wp-json\/wp\/v2\/media?parent=12179"}],"wp:term":[{"taxonomy":"product_brand","embeddable":true,"href":"https:\/\/uj.adatbank.ro\/lexikon\/wp-json\/wp\/v2\/product_brand?post=12179"},{"taxonomy":"product_cat","embeddable":true,"href":"https:\/\/uj.adatbank.ro\/lexikon\/wp-json\/wp\/v2\/product_cat?post=12179"},{"taxonomy":"product_tag","embeddable":true,"href":"https:\/\/uj.adatbank.ro\/lexikon\/wp-json\/wp\/v2\/product_tag?post=12179"}],"curies":[{"name":"wp","href":"https:\/\/api.w.org\/{rel}","templated":true}]}}