{"id":12180,"date":"2025-06-29T14:18:11","date_gmt":"2025-06-29T12:18:11","guid":{"rendered":"https:\/\/uj.adatbank.ro\/lexikon\/termek\/kiss-menyhert-havadtoi\/"},"modified":"2025-06-29T14:18:11","modified_gmt":"2025-06-29T12:18:11","slug":"kiss-menyhert-havadtoi","status":"publish","type":"product","link":"https:\/\/uj.adatbank.ro\/lexikon\/termek\/kiss-menyhert-havadtoi\/","title":{"rendered":"KISS Menyh\u00e9rt, havadt\u0151i"},"content":{"rendered":"<p>Ny\u00e1r\u00e1dk\u00f6szv\u00e9nyes, 1880. m\u00e1rc. 19., \u2020 Bp., 1934. okt 14.: tan\u00e1r, k\u00f6lt\u0151, \u00edr\u00f3, \u00fajs\u00e1g\u00edr\u00f3. \u2013 A k\u00f6z\u00e9piskol\u00e1t Mv.-en, a jogot Kv.-on \u00e9s Bp.-en v\u00e9gezte, \u00e1llamtudom\u00e1nyb\u00f3l doktor\u00e1lt Kv.-on (1906). Egyetemi \u00e9vei alatt a kv.-i Ellenz\u00e9k munkat\u00e1rsa, sz\u00edni referense, sokat foglalkozott a sz\u00ednh\u00e1zzal, Megyeri Dezs\u0151, Janovics Jen\u0151 igazgat\u00f3k nagy seg\u00edts\u00e9g\u00e9re volt. K\u00e9s\u0151bb sz\u00ednh\u00e1zi cikkeket \u00edrt t\u00f6bb bp.-i lapnak, f\u0151leg az Alkotm\u00e1nynak. Vm.-i aljegyz\u0151 Mv.-en. MT\u00e1rstud. Egyes\u00fclet alap\u00edt\u00f3 tagja (1907). A V\u00e1rmegyei szolg\u00e1latba \u00e1llt Sz\u00e1szr\u00e9genben (1906\u201309) ezut\u00e1n Ny\u00e1r\u00e1dszered\u00e1ra szolgab\u00edr\u00f3v\u00e1 nevezt\u00e9k ki (1907\u2013) de hivatal\u00e1t nem foglalta el K\u0151r\u0151si J\u00f3zsef f\u0151szolgab\u00edr\u00f3 \u00e1rm\u00e1nykod\u00e1sai miatt; a nemzeti ellen\u00e1ll\u00e1st az Ellenz\u00e9k has\u00e1bjain k\u00fczd\u00f6tte v\u00e9gig, s az\u00e9rt tett\u00e9k meg \u2018\u2019darabontnak\u2019\u2019, mivel a f\u00f6lf\u00fcggesztett \u00e9s \u00fcld\u00f6z\u00f6tt tisztvisel\u0151k p\u00e1rtj\u00e1ra \u00e1llt; p\u00e9nz\u00fcgyi vizsg\u00e1t tett (1910) \u00e9s Bp.-en p\u00e9nz\u00fcgyi fogalmaz\u00f3 lett, majd az \u00c1llami Fels\u0151kereskedelmi Iskola tan\u00e1ra (1913\u2013), majd a bp.-i kereskedelmi iskol\u00e1k f\u0151igazgat\u00f3s\u00e1g\u00e1n\u00e1l \u00e9s a miniszt\u00e9riumban dolgozott. A h\u00e1bor\u00fa alatt (1914\u201318) a k\u00f3rh\u00e1zakban el\u0151ad\u00e1sokat tartott a katon\u00e1knak ez\u00e9rt megkapta a III. o. V\u00f6r\u00f6s Kereszt \u00e9rmet; a K\u00e1rolyi forradalom alatt (1918) kitett\u00e9k a miniszt\u00e9riumb\u00f3l n\u00e9h\u00e1ny h\u00f3napig a M\u00fazeumok \u00e9s K\u00f6nyvt\u00e1rak Orsz\u00e1gos Fel\u00fcgyel\u0151s\u00e9g\u00e9n szolg\u00e1lt; a nagyszentmikl\u00f3si ker\u00fclet p\u00e1rtonk\u00edv\u00fcli nemzetgy\u0171l\u00e9si k\u00e9pvisel\u0151je (1920\u201322), az \u00c9bred\u0151 Magyarok Egyes\u00fclet\u00e9nek majd G\u00f6mb\u00f6s fajv\u00e9d\u0151 p\u00e1rtj\u00e1nak tagja (1923\u201329); a bp.-i VII. Ker. \u00e1llami Kereskedelmi Iskola tan\u00e1ra (1926\u2013). Tagja volt a Sz\u00e9kesf\u0151v\u00e1rosi Sz\u00edn\u0171gyi Bizotts\u00e1gnak, t\u00f6bb \u00e9ven \u00e1t a kultuszminiszt\u00e9rium m\u0171v\u00e9szeti \u00fcgyoszt\u00e1ly\u00e1n volt el\u0151ad\u00f3, ahol b\u00e1tran harcolt a sz\u00edn\u00e9szek \u00e9s az irodalom \u00e9rdekei\u00e9rt. T\u00f6bb mint 25 k\u00f6tet sz\u00e9pirodalmi k\u00f6nyve jelent meg. Elbesz\u00e9l\u00e9sei, versei, k\u00fcl\u00f6nf\u00e9le \u00edr\u00e1sai a: gyulafeh\u00e9rv\u00e1ri K\u00f6zm\u0171vel\u0151d\u00e9s, Debrecen, Magyar L\u00e1nyok, Magyar Szemle, Orsz\u00e1g-Vil\u00e1g, Alkotm\u00e1na, Gy\u0151ri H\u00edrlap, Haz\u00e1nk, Aradi K\u00f6zl., B. Napl\u00f3, kv.-i Egy. Lapok, Ellenz\u00e9k, Magyar G\u00e9niusz, Magyarorsz\u00e1g, A H\u00e9t, P. Napl\u00f3, K\u00e9pes Csal\u00e1di Lapok, a kv.-i Szent Imre Egyes\u00fclet \u00e9vk\u00f6nyve, P. H\u00edrlap, Kis Pajt\u00e1s, M. H\u00edrlap, Debreceni Szemle, Soproni Napl\u00f3, Erd\u00e9lyi \u00dajs\u00e1g\u00edr\u00f3k almanachja (Mv., 1913). Sziklai Korn\u00e9l bp.-i sz\u00ednh\u00e1z\u00e1ban t\u00f6bb h\u00f3napon \u00e1t adt\u00e1k a Lilike c. egyfelvon\u00e1sos\u00e1t, majdnem minden f\u0151v\u00e1rosi sz\u00ednh\u00e1zban a sz\u00ednivizsg\u00e1kon szavalt\u00e1k a Gyermek, Lev\u00e9l Cs\u00edkorsz\u00e1gba, Ferike, Magyar Miaty\u00e1nk, A cesztoch\u00f3i legenda c. k\u00f6ltem\u00e9nyeit. Irt Cs\u00edksomly\u00f3i b\u00facs\u00fa c. paraszt vigj\u00e1t\u00e9kot \u00e9s t\u00f6bb egyfelvon\u00e1sost is amelyeket a Pet\u0151fi T\u00e1rsas\u00e1gban is felolvasott. \u2013 <strong>F. m.:<\/strong> Ver\u0151f\u00e9nyes emberek (Bp., 1904); Az aranyp\u00f3k \u00e9s egy\u00e9b elbesz\u00e9l\u00e9sek (Bp., 1906); Versek (Bp., 1907); A Hargita alatt (Bp., 1909) ; Az ember visszat\u00e9r (Bp., 1910); A gy\u00e9m\u00e1ntos harang \u00e9s m\u00e1s versek (Bp., 1912); \u00d6r\u00f6k t\u0171z (Bp., 1913, 1914); Hol a Maros vize folyik (Bp., 1914); T\u00e1bort\u0171z (Bp., 1916); Talizm\u00e1n (Bp., 1917); Boldog emberek (Bp., 1918); T\u00e1bort\u0171z \u00e9s talizm\u00e1n (Bp., 1918) ; Sz\u00e9kely falum (Bp., 1920) ; Assisi Szent Ferenc (Bp., 1927), Marossz\u00e9ki atyafiak (Kv., 1928); Magyar Miaty\u00e1nk (Bp., 1929); M\u00e9zeskal\u00e1cssz\u00edv (Bp., 1931); Aranyos \u00c1rv\u00e1cska (Bp., 1931); Magyar Miaty\u00e1nk 18 nyelven (Bp., 1933); S\u00f3v\u00e1rg\u00e1s (versek, Bp., 1942); <strong>t\u00e1rssz.:<\/strong> H\u00e1bor\u00fas versek (Bp., 1917) ; Sch\u00f6pflin Alad\u00e1r : Sz\u00ednm\u0171v\u00e9szeti lexikon (munkat\u00e1rsa, Bp. 1930); szerk: A Kv.-i Tud. Egy. K\u00f6r. Evk\u00f6nyve (Kv., 1903\u201304. <br \/><strong>Irod.:<\/strong> F\u00fcl\u00f6p\u2013Ferencz; Guly\u00e1s; Id\u0151t\u00e1r 2; M\u00c9L; MKL; Molter 1.; MT\u00e1rstud. Egyes\u00fclet; \u00d6kr\u00f6s; A Pet\u0151fi T\u00e1rsas\u00e1g 50 esztendeje (Bp., 1926); Rugonfalvi Kiss; Sal; Sch\u00f6pflin; \u00daM\u00c9L<\/br><\/p>\n","protected":false},"excerpt":{"rendered":"<p>Ny\u00e1r\u00e1dk\u00f6szv\u00e9nyes, 1880. m\u00e1rc. 19., \u2020 Bp., 1934. okt 14.: tan\u00e1r, k\u00f6lt\u0151, \u00edr\u00f3, \u00fajs\u00e1g\u00edr\u00f3. \u2013 A k\u00f6z\u00e9piskol\u00e1t Mv.-en, a jogot Kv.-on \u00e9s Bp.-en v\u00e9gezte, \u00e1llamtudom\u00e1nyb\u00f3l doktor\u00e1lt Kv.-on (1906). Egyetemi \u00e9vei alatt a kv.-i Ellenz\u00e9k munkat\u00e1rsa, sz\u00edni referense, sokat foglalkozott a sz\u00ednh\u00e1zzal, Megyeri Dezs\u0151, Janovics Jen\u0151 igazgat\u00f3k nagy seg\u00edts\u00e9g\u00e9re volt. K\u00e9s\u0151bb sz\u00ednh\u00e1zi cikkeket \u00edrt t\u00f6bb bp.-i lapnak, [&hellip;]<\/p>\n","protected":false},"featured_media":0,"comment_status":"open","ping_status":"closed","template":"","meta":[],"product_brand":[],"product_cat":[137],"product_tag":[],"class_list":{"0":"post-12180","1":"product","2":"type-product","3":"status-publish","5":"product_cat-maros-megyei-eletrajzi-lexikon","7":"first","8":"instock","9":"shipping-taxable","10":"product-type-simple"},"_links":{"self":[{"href":"https:\/\/uj.adatbank.ro\/lexikon\/wp-json\/wp\/v2\/product\/12180","targetHints":{"allow":["GET"]}}],"collection":[{"href":"https:\/\/uj.adatbank.ro\/lexikon\/wp-json\/wp\/v2\/product"}],"about":[{"href":"https:\/\/uj.adatbank.ro\/lexikon\/wp-json\/wp\/v2\/types\/product"}],"replies":[{"embeddable":true,"href":"https:\/\/uj.adatbank.ro\/lexikon\/wp-json\/wp\/v2\/comments?post=12180"}],"wp:attachment":[{"href":"https:\/\/uj.adatbank.ro\/lexikon\/wp-json\/wp\/v2\/media?parent=12180"}],"wp:term":[{"taxonomy":"product_brand","embeddable":true,"href":"https:\/\/uj.adatbank.ro\/lexikon\/wp-json\/wp\/v2\/product_brand?post=12180"},{"taxonomy":"product_cat","embeddable":true,"href":"https:\/\/uj.adatbank.ro\/lexikon\/wp-json\/wp\/v2\/product_cat?post=12180"},{"taxonomy":"product_tag","embeddable":true,"href":"https:\/\/uj.adatbank.ro\/lexikon\/wp-json\/wp\/v2\/product_tag?post=12180"}],"curies":[{"name":"wp","href":"https:\/\/api.w.org\/{rel}","templated":true}]}}