{"id":12181,"date":"2025-06-29T14:18:12","date_gmt":"2025-06-29T12:18:12","guid":{"rendered":"https:\/\/uj.adatbank.ro\/lexikon\/termek\/kiss-mihaly\/"},"modified":"2025-06-29T14:18:12","modified_gmt":"2025-06-29T12:18:12","slug":"kiss-mihaly","status":"publish","type":"product","link":"https:\/\/uj.adatbank.ro\/lexikon\/termek\/kiss-mihaly\/","title":{"rendered":"KISS Mih\u00e1ly"},"content":{"rendered":"<p>Torda, 1799. \u00e1pr. 28., \u2020 \u00c1rkos, 1889. jan. 21.: unit. pap, esperes. \u2013 Feles\u00e9ge: K\u00f6z\u00e9piskolai tanulm\u00e1nyait Sz\u00e9kelykereszt\u00faron \u00e9s Kv.-on folytatta (1819), ezut\u00e1n 2 \u00e9vet t\u00f6lt\u00f6tt jogi tanulm\u00e1nyokkal a ref f\u0151iskol\u00e1n; p\u00e1r \u00e9vi joggyakorlatra ment a mv.-i Kir. T\u00e1bl\u00e1hoz (1832\u201335). Pap Szentmih\u00e1lyon (1835\u2013); \u00c1rkoson (1841\u201380), ugyanakkor egyh\u00e1zk\u00f6ri jegyz\u0151, n\u00e9gy \u00e9v mulva esperes. A zen\u00e9szet nagy kedvel\u0151je volt: tilink\u00f3n, fuvol\u00e1n, pikul\u00e1n, git\u00e1ron, h\u00e1rf\u00e1n, zongor\u00e1n, orgon\u00e1n j\u00e1tszott, templomi \u00e9nekei vannak az unit\u00e1rius \u00e9nekesk\u00f6nyvben. Cikkei a Kereszt\u00e9ny Magvet\u0151ben. &#8211; <strong>F. m.:<\/strong> B\u00f6lcses\u00e9g gy\u00f6ngyei (Kv., 1946); A szentir\u00e1s gy\u00f6ngyei (Kv., 1847.); T\u00f6rt\u00e9nelmi gy\u00f6ngy\u00f6k (Kv., 1863). <br \/><strong>Irod.:<\/strong> Szinnyei; Szinnyei J.<\/br><\/p>\n","protected":false},"excerpt":{"rendered":"<p>Torda, 1799. \u00e1pr. 28., \u2020 \u00c1rkos, 1889. jan. 21.: unit. pap, esperes. \u2013 Feles\u00e9ge: K\u00f6z\u00e9piskolai tanulm\u00e1nyait Sz\u00e9kelykereszt\u00faron \u00e9s Kv.-on folytatta (1819), ezut\u00e1n 2 \u00e9vet t\u00f6lt\u00f6tt jogi tanulm\u00e1nyokkal a ref f\u0151iskol\u00e1n; p\u00e1r \u00e9vi joggyakorlatra ment a mv.-i Kir. T\u00e1bl\u00e1hoz (1832\u201335). Pap Szentmih\u00e1lyon (1835\u2013); \u00c1rkoson (1841\u201380), ugyanakkor egyh\u00e1zk\u00f6ri jegyz\u0151, n\u00e9gy \u00e9v mulva esperes. A zen\u00e9szet nagy kedvel\u0151je [&hellip;]<\/p>\n","protected":false},"featured_media":0,"comment_status":"open","ping_status":"closed","template":"","meta":[],"product_brand":[],"product_cat":[137],"product_tag":[],"class_list":{"0":"post-12181","1":"product","2":"type-product","3":"status-publish","5":"product_cat-maros-megyei-eletrajzi-lexikon","7":"first","8":"instock","9":"shipping-taxable","10":"product-type-simple"},"_links":{"self":[{"href":"https:\/\/uj.adatbank.ro\/lexikon\/wp-json\/wp\/v2\/product\/12181","targetHints":{"allow":["GET"]}}],"collection":[{"href":"https:\/\/uj.adatbank.ro\/lexikon\/wp-json\/wp\/v2\/product"}],"about":[{"href":"https:\/\/uj.adatbank.ro\/lexikon\/wp-json\/wp\/v2\/types\/product"}],"replies":[{"embeddable":true,"href":"https:\/\/uj.adatbank.ro\/lexikon\/wp-json\/wp\/v2\/comments?post=12181"}],"wp:attachment":[{"href":"https:\/\/uj.adatbank.ro\/lexikon\/wp-json\/wp\/v2\/media?parent=12181"}],"wp:term":[{"taxonomy":"product_brand","embeddable":true,"href":"https:\/\/uj.adatbank.ro\/lexikon\/wp-json\/wp\/v2\/product_brand?post=12181"},{"taxonomy":"product_cat","embeddable":true,"href":"https:\/\/uj.adatbank.ro\/lexikon\/wp-json\/wp\/v2\/product_cat?post=12181"},{"taxonomy":"product_tag","embeddable":true,"href":"https:\/\/uj.adatbank.ro\/lexikon\/wp-json\/wp\/v2\/product_tag?post=12181"}],"curies":[{"name":"wp","href":"https:\/\/api.w.org\/{rel}","templated":true}]}}