{"id":12182,"date":"2025-06-29T14:18:14","date_gmt":"2025-06-29T12:18:14","guid":{"rendered":"https:\/\/uj.adatbank.ro\/lexikon\/termek\/kiss-mihaly-2\/"},"modified":"2025-06-29T14:18:14","modified_gmt":"2025-06-29T12:18:14","slug":"kiss-mihaly-2","status":"publish","type":"product","link":"https:\/\/uj.adatbank.ro\/lexikon\/termek\/kiss-mihaly-2\/","title":{"rendered":"KISS Mih\u00e1ly"},"content":{"rendered":"<p>Maroscsap\u00f3, 1917. jan. 13., \u2020 Mv., 1998. j\u00fan. 29.: f\u00f6ldbirtokos, tisztvisel\u0151. \u2013 A II. vh.-ban tart. t\u00fcz\u00e9r-hadnagyi rangban vett r\u00e9szt. Amerikai hadifogs\u00e1gba esett, 1946-ban t\u00e9rt haza. Birtokait kisaj\u00e1t\u00edtott\u00e1k \u00e9s k\u00e9nyszerlakhellyel Mv. \u2013re toloncolt\u00e1k. Mv.-en a Minszki Lajos \u00c1llami Ipari V\u00e1llalatn\u00e1l tisztvisel\u0151k\u00e9nt dolgozott. \u00c1llamellenes propaganda kifejt\u00e9se, a mo.-i forradalom komment\u00e1l\u00e1sa \u00e9s a t\u00e1rsadalmi rend elleni t\u00e9nyked\u00e9s v\u00e1dj\u00e1val a D\u00e1vid-csoport per\u00e9ben \u00e1ll\u00edtott\u00e1k b\u00edr\u00f3s\u00e1g el\u00e9, letart\u00f3ztatt\u00e1k (1961. szept. 30). <br \/><strong>Irod.:<\/strong> 1956 Erd\u00e9lyben; \u00c1ldozatok; Berekm\u00e9ri; Mv. t\u00f6rt. 2.<\/br><\/p>\n","protected":false},"excerpt":{"rendered":"<p>Maroscsap\u00f3, 1917. jan. 13., \u2020 Mv., 1998. j\u00fan. 29.: f\u00f6ldbirtokos, tisztvisel\u0151. \u2013 A II. vh.-ban tart. t\u00fcz\u00e9r-hadnagyi rangban vett r\u00e9szt. Amerikai hadifogs\u00e1gba esett, 1946-ban t\u00e9rt haza. Birtokait kisaj\u00e1t\u00edtott\u00e1k \u00e9s k\u00e9nyszerlakhellyel Mv. \u2013re toloncolt\u00e1k. Mv.-en a Minszki Lajos \u00c1llami Ipari V\u00e1llalatn\u00e1l tisztvisel\u0151k\u00e9nt dolgozott. \u00c1llamellenes propaganda kifejt\u00e9se, a mo.-i forradalom komment\u00e1l\u00e1sa \u00e9s a t\u00e1rsadalmi rend elleni t\u00e9nyked\u00e9s [&hellip;]<\/p>\n","protected":false},"featured_media":0,"comment_status":"open","ping_status":"closed","template":"","meta":[],"product_brand":[],"product_cat":[137],"product_tag":[],"class_list":{"0":"post-12182","1":"product","2":"type-product","3":"status-publish","5":"product_cat-maros-megyei-eletrajzi-lexikon","7":"first","8":"instock","9":"shipping-taxable","10":"product-type-simple"},"_links":{"self":[{"href":"https:\/\/uj.adatbank.ro\/lexikon\/wp-json\/wp\/v2\/product\/12182","targetHints":{"allow":["GET"]}}],"collection":[{"href":"https:\/\/uj.adatbank.ro\/lexikon\/wp-json\/wp\/v2\/product"}],"about":[{"href":"https:\/\/uj.adatbank.ro\/lexikon\/wp-json\/wp\/v2\/types\/product"}],"replies":[{"embeddable":true,"href":"https:\/\/uj.adatbank.ro\/lexikon\/wp-json\/wp\/v2\/comments?post=12182"}],"wp:attachment":[{"href":"https:\/\/uj.adatbank.ro\/lexikon\/wp-json\/wp\/v2\/media?parent=12182"}],"wp:term":[{"taxonomy":"product_brand","embeddable":true,"href":"https:\/\/uj.adatbank.ro\/lexikon\/wp-json\/wp\/v2\/product_brand?post=12182"},{"taxonomy":"product_cat","embeddable":true,"href":"https:\/\/uj.adatbank.ro\/lexikon\/wp-json\/wp\/v2\/product_cat?post=12182"},{"taxonomy":"product_tag","embeddable":true,"href":"https:\/\/uj.adatbank.ro\/lexikon\/wp-json\/wp\/v2\/product_tag?post=12182"}],"curies":[{"name":"wp","href":"https:\/\/api.w.org\/{rel}","templated":true}]}}