{"id":12183,"date":"2025-06-29T14:18:15","date_gmt":"2025-06-29T12:18:15","guid":{"rendered":"https:\/\/uj.adatbank.ro\/lexikon\/termek\/kiss-mihaly-3\/"},"modified":"2025-06-29T14:18:15","modified_gmt":"2025-06-29T12:18:15","slug":"kiss-mihaly-3","status":"publish","type":"product","link":"https:\/\/uj.adatbank.ro\/lexikon\/termek\/kiss-mihaly-3\/","title":{"rendered":"KISS Mih\u00e1ly"},"content":{"rendered":"<p>? \u2020 ?: ref. lelk\u00e9sz. \u2013 Maroscsap\u00f3n volt lelk\u00e9sz, \u00f6r\u00f6ks\u00e9g folyt\u00e1n vagyonos ember. K\u00e9nyszerlakhelyre sz\u00e1m\u0171zt\u00e9k (1949. m\u00e1rc.), vagyon\u00e1t elrabolt\u00e1k \u00e9s soha nem t\u00e9rhetett vissza faluj\u00e1ba. Fia: K. Minya (\u2020 1998. j\u00fan.), akit szint\u00e9n meghurcoltak, 7 \u00e9v b\u00f6rt\u00f6nre it\u00e9lt\u00e9k, kiszabadult (1964). <br \/><strong>Irod.:<\/strong> Sipos J\u00e1nos: Mi nem akarunk romaniz\u00e1l\u00f3dni (N\u00fa., 1998. aug. 18.)<\/br><\/p>\n","protected":false},"excerpt":{"rendered":"<p>? \u2020 ?: ref. lelk\u00e9sz. \u2013 Maroscsap\u00f3n volt lelk\u00e9sz, \u00f6r\u00f6ks\u00e9g folyt\u00e1n vagyonos ember. K\u00e9nyszerlakhelyre sz\u00e1m\u0171zt\u00e9k (1949. m\u00e1rc.), vagyon\u00e1t elrabolt\u00e1k \u00e9s soha nem t\u00e9rhetett vissza faluj\u00e1ba. Fia: K. Minya (\u2020 1998. j\u00fan.), akit szint\u00e9n meghurcoltak, 7 \u00e9v b\u00f6rt\u00f6nre it\u00e9lt\u00e9k, kiszabadult (1964). Irod.: Sipos J\u00e1nos: Mi nem akarunk romaniz\u00e1l\u00f3dni (N\u00fa., 1998. aug. 18.)<\/p>\n","protected":false},"featured_media":0,"comment_status":"open","ping_status":"closed","template":"","meta":[],"product_brand":[],"product_cat":[137],"product_tag":[],"class_list":{"0":"post-12183","1":"product","2":"type-product","3":"status-publish","5":"product_cat-maros-megyei-eletrajzi-lexikon","7":"first","8":"instock","9":"shipping-taxable","10":"product-type-simple"},"_links":{"self":[{"href":"https:\/\/uj.adatbank.ro\/lexikon\/wp-json\/wp\/v2\/product\/12183","targetHints":{"allow":["GET"]}}],"collection":[{"href":"https:\/\/uj.adatbank.ro\/lexikon\/wp-json\/wp\/v2\/product"}],"about":[{"href":"https:\/\/uj.adatbank.ro\/lexikon\/wp-json\/wp\/v2\/types\/product"}],"replies":[{"embeddable":true,"href":"https:\/\/uj.adatbank.ro\/lexikon\/wp-json\/wp\/v2\/comments?post=12183"}],"wp:attachment":[{"href":"https:\/\/uj.adatbank.ro\/lexikon\/wp-json\/wp\/v2\/media?parent=12183"}],"wp:term":[{"taxonomy":"product_brand","embeddable":true,"href":"https:\/\/uj.adatbank.ro\/lexikon\/wp-json\/wp\/v2\/product_brand?post=12183"},{"taxonomy":"product_cat","embeddable":true,"href":"https:\/\/uj.adatbank.ro\/lexikon\/wp-json\/wp\/v2\/product_cat?post=12183"},{"taxonomy":"product_tag","embeddable":true,"href":"https:\/\/uj.adatbank.ro\/lexikon\/wp-json\/wp\/v2\/product_tag?post=12183"}],"curies":[{"name":"wp","href":"https:\/\/api.w.org\/{rel}","templated":true}]}}