{"id":12184,"date":"2025-06-29T14:18:18","date_gmt":"2025-06-29T12:18:18","guid":{"rendered":"https:\/\/uj.adatbank.ro\/lexikon\/termek\/kiss-mihaly-aristid\/"},"modified":"2025-06-29T14:18:18","modified_gmt":"2025-06-29T12:18:18","slug":"kiss-mihaly-aristid","status":"publish","type":"product","link":"https:\/\/uj.adatbank.ro\/lexikon\/termek\/kiss-mihaly-aristid\/","title":{"rendered":"KISS Mih\u00e1ly \u00c1ristid"},"content":{"rendered":"<p>Szov\u00e1ta, 1900. j\u00fal. 13., \u2020 ?: ferences szerzetes. \u2013 Be\u00f6lt\u00f6z\u00f6tt (1927. jan. 12.), egyszer\u0171 fogadalmat (1928. jan. 13.). <br \/><strong>Irod.:<\/strong> Gy\u00f6rgy: A ferencrendiek<\/br><\/p>\n","protected":false},"excerpt":{"rendered":"<p>Szov\u00e1ta, 1900. j\u00fal. 13., \u2020 ?: ferences szerzetes. \u2013 Be\u00f6lt\u00f6z\u00f6tt (1927. jan. 12.), egyszer\u0171 fogadalmat (1928. jan. 13.). Irod.: Gy\u00f6rgy: A ferencrendiek<\/p>\n","protected":false},"featured_media":0,"comment_status":"open","ping_status":"closed","template":"","meta":[],"product_brand":[],"product_cat":[137],"product_tag":[],"class_list":{"0":"post-12184","1":"product","2":"type-product","3":"status-publish","5":"product_cat-maros-megyei-eletrajzi-lexikon","7":"first","8":"instock","9":"shipping-taxable","10":"product-type-simple"},"_links":{"self":[{"href":"https:\/\/uj.adatbank.ro\/lexikon\/wp-json\/wp\/v2\/product\/12184","targetHints":{"allow":["GET"]}}],"collection":[{"href":"https:\/\/uj.adatbank.ro\/lexikon\/wp-json\/wp\/v2\/product"}],"about":[{"href":"https:\/\/uj.adatbank.ro\/lexikon\/wp-json\/wp\/v2\/types\/product"}],"replies":[{"embeddable":true,"href":"https:\/\/uj.adatbank.ro\/lexikon\/wp-json\/wp\/v2\/comments?post=12184"}],"wp:attachment":[{"href":"https:\/\/uj.adatbank.ro\/lexikon\/wp-json\/wp\/v2\/media?parent=12184"}],"wp:term":[{"taxonomy":"product_brand","embeddable":true,"href":"https:\/\/uj.adatbank.ro\/lexikon\/wp-json\/wp\/v2\/product_brand?post=12184"},{"taxonomy":"product_cat","embeddable":true,"href":"https:\/\/uj.adatbank.ro\/lexikon\/wp-json\/wp\/v2\/product_cat?post=12184"},{"taxonomy":"product_tag","embeddable":true,"href":"https:\/\/uj.adatbank.ro\/lexikon\/wp-json\/wp\/v2\/product_tag?post=12184"}],"curies":[{"name":"wp","href":"https:\/\/api.w.org\/{rel}","templated":true}]}}