{"id":12187,"date":"2025-06-29T14:18:26","date_gmt":"2025-06-29T12:18:26","guid":{"rendered":"https:\/\/uj.adatbank.ro\/lexikon\/termek\/kiss-mozes-2\/"},"modified":"2025-06-29T14:18:26","modified_gmt":"2025-06-29T12:18:26","slug":"kiss-mozes-2","status":"publish","type":"product","link":"https:\/\/uj.adatbank.ro\/lexikon\/termek\/kiss-mozes-2\/","title":{"rendered":"KISS M\u00f3zes"},"content":{"rendered":"<p>Pipe, 1863. szept. 26. \u2020 Pipe, 1940. tan\u00edt\u00f3. \u2013 Apja: M\u00f3zes, lelk\u00e9sz, anyja. \u00c1rkossy R\u00f3za. Somogyon n\u0151s\u00fclt, feles\u00e9ge: Horv\u00e1th Ilona. \u2013 Sz\u00e9kelykereszt\u00faron tanult. Segesv\u00e1ron a tanfel\u00fcgyel\u0151s\u00e9gen dolgozott (1882\u2013). Tan\u00edtott a K\u00fck\u00fcll\u0151 megyei Somogyon, Nagyteremiben (1889\u2013), Segesv\u00e1ron (1891\u2013), Fiumeben, ahol dalk\u00f3rust (1894\u2013), Pesterzs\u00e9ben \u00f3vod\u00e1t \u00e9s iparostanonc-otthont szervezett (1898\u2013). A Tan\u00edt\u00f3 k\u00f6rnek, az \u00c1llami Tan\u00edt\u00f3k Orsz\u00e1gos Egyes\u00fclet\u00e9nek \u00e9s az E\u00f6tv\u00f6s Alapnak vezet\u0151 tagja. <br \/><strong>Irod.:<\/strong> Kelemen<\/br><\/p>\n","protected":false},"excerpt":{"rendered":"<p>Pipe, 1863. szept. 26. \u2020 Pipe, 1940. tan\u00edt\u00f3. \u2013 Apja: M\u00f3zes, lelk\u00e9sz, anyja. \u00c1rkossy R\u00f3za. Somogyon n\u0151s\u00fclt, feles\u00e9ge: Horv\u00e1th Ilona. \u2013 Sz\u00e9kelykereszt\u00faron tanult. Segesv\u00e1ron a tanfel\u00fcgyel\u0151s\u00e9gen dolgozott (1882\u2013). Tan\u00edtott a K\u00fck\u00fcll\u0151 megyei Somogyon, Nagyteremiben (1889\u2013), Segesv\u00e1ron (1891\u2013), Fiumeben, ahol dalk\u00f3rust (1894\u2013), Pesterzs\u00e9ben \u00f3vod\u00e1t \u00e9s iparostanonc-otthont szervezett (1898\u2013). A Tan\u00edt\u00f3 k\u00f6rnek, az \u00c1llami Tan\u00edt\u00f3k Orsz\u00e1gos Egyes\u00fclet\u00e9nek [&hellip;]<\/p>\n","protected":false},"featured_media":0,"comment_status":"open","ping_status":"closed","template":"","meta":[],"product_brand":[],"product_cat":[137],"product_tag":[],"class_list":{"0":"post-12187","1":"product","2":"type-product","3":"status-publish","5":"product_cat-maros-megyei-eletrajzi-lexikon","7":"first","8":"instock","9":"shipping-taxable","10":"product-type-simple"},"_links":{"self":[{"href":"https:\/\/uj.adatbank.ro\/lexikon\/wp-json\/wp\/v2\/product\/12187","targetHints":{"allow":["GET"]}}],"collection":[{"href":"https:\/\/uj.adatbank.ro\/lexikon\/wp-json\/wp\/v2\/product"}],"about":[{"href":"https:\/\/uj.adatbank.ro\/lexikon\/wp-json\/wp\/v2\/types\/product"}],"replies":[{"embeddable":true,"href":"https:\/\/uj.adatbank.ro\/lexikon\/wp-json\/wp\/v2\/comments?post=12187"}],"wp:attachment":[{"href":"https:\/\/uj.adatbank.ro\/lexikon\/wp-json\/wp\/v2\/media?parent=12187"}],"wp:term":[{"taxonomy":"product_brand","embeddable":true,"href":"https:\/\/uj.adatbank.ro\/lexikon\/wp-json\/wp\/v2\/product_brand?post=12187"},{"taxonomy":"product_cat","embeddable":true,"href":"https:\/\/uj.adatbank.ro\/lexikon\/wp-json\/wp\/v2\/product_cat?post=12187"},{"taxonomy":"product_tag","embeddable":true,"href":"https:\/\/uj.adatbank.ro\/lexikon\/wp-json\/wp\/v2\/product_tag?post=12187"}],"curies":[{"name":"wp","href":"https:\/\/api.w.org\/{rel}","templated":true}]}}