{"id":12188,"date":"2025-06-29T14:18:28","date_gmt":"2025-06-29T12:18:28","guid":{"rendered":"https:\/\/uj.adatbank.ro\/lexikon\/termek\/kiss-odon\/"},"modified":"2025-06-29T14:18:28","modified_gmt":"2025-06-29T12:18:28","slug":"kiss-odon","status":"publish","type":"product","link":"https:\/\/uj.adatbank.ro\/lexikon\/termek\/kiss-odon\/","title":{"rendered":"KISS \u00d6d\u00f6n"},"content":{"rendered":"<p>1874, ?, \u2020 Mv., 1946. aug. 20.: jog\u00e1sz, dr. \u2013 Mv.-en v\u00e1rmegyei \u00e1rvasz\u00e9ki helyettes eln\u00f6k. <strong>F. m.:<\/strong> t\u00e1rssz.,<strong>ford.:<\/strong> A b\u00e9lyeg valamint az okiratok \u00e9s jogcselekm\u00e9nyek ad\u00f3j\u00e1ra vonatkoz\u00f3 t\u00f6rv\u00e9ny ell\u00e1tva a k\u00f6zp. biz. d\u00f6nt\u00e9seivel \u00e9s r\u00e9szletes. t\u00e1rgymutat\u00f3j\u00e1val (Kv., 1927). <br \/><strong>Irod.:<\/strong> Guly\u00e1s; [Nekrol\u00f3g] (Szabad Sz\u00f3, 1946. aug. 23.)<\/br><\/p>\n","protected":false},"excerpt":{"rendered":"<p>1874, ?, \u2020 Mv., 1946. aug. 20.: jog\u00e1sz, dr. \u2013 Mv.-en v\u00e1rmegyei \u00e1rvasz\u00e9ki helyettes eln\u00f6k. F. m.: t\u00e1rssz.,ford.: A b\u00e9lyeg valamint az okiratok \u00e9s jogcselekm\u00e9nyek ad\u00f3j\u00e1ra vonatkoz\u00f3 t\u00f6rv\u00e9ny ell\u00e1tva a k\u00f6zp. biz. d\u00f6nt\u00e9seivel \u00e9s r\u00e9szletes. t\u00e1rgymutat\u00f3j\u00e1val (Kv., 1927). Irod.: Guly\u00e1s; [Nekrol\u00f3g] (Szabad Sz\u00f3, 1946. aug. 23.)<\/p>\n","protected":false},"featured_media":0,"comment_status":"open","ping_status":"closed","template":"","meta":[],"product_brand":[],"product_cat":[137],"product_tag":[],"class_list":{"0":"post-12188","1":"product","2":"type-product","3":"status-publish","5":"product_cat-maros-megyei-eletrajzi-lexikon","7":"first","8":"instock","9":"shipping-taxable","10":"product-type-simple"},"_links":{"self":[{"href":"https:\/\/uj.adatbank.ro\/lexikon\/wp-json\/wp\/v2\/product\/12188","targetHints":{"allow":["GET"]}}],"collection":[{"href":"https:\/\/uj.adatbank.ro\/lexikon\/wp-json\/wp\/v2\/product"}],"about":[{"href":"https:\/\/uj.adatbank.ro\/lexikon\/wp-json\/wp\/v2\/types\/product"}],"replies":[{"embeddable":true,"href":"https:\/\/uj.adatbank.ro\/lexikon\/wp-json\/wp\/v2\/comments?post=12188"}],"wp:attachment":[{"href":"https:\/\/uj.adatbank.ro\/lexikon\/wp-json\/wp\/v2\/media?parent=12188"}],"wp:term":[{"taxonomy":"product_brand","embeddable":true,"href":"https:\/\/uj.adatbank.ro\/lexikon\/wp-json\/wp\/v2\/product_brand?post=12188"},{"taxonomy":"product_cat","embeddable":true,"href":"https:\/\/uj.adatbank.ro\/lexikon\/wp-json\/wp\/v2\/product_cat?post=12188"},{"taxonomy":"product_tag","embeddable":true,"href":"https:\/\/uj.adatbank.ro\/lexikon\/wp-json\/wp\/v2\/product_tag?post=12188"}],"curies":[{"name":"wp","href":"https:\/\/api.w.org\/{rel}","templated":true}]}}