{"id":12191,"date":"2025-06-29T14:18:33","date_gmt":"2025-06-29T12:18:33","guid":{"rendered":"https:\/\/uj.adatbank.ro\/lexikon\/termek\/kiss-pal-m-%c2%a7\/"},"modified":"2025-06-29T14:18:33","modified_gmt":"2025-06-29T12:18:33","slug":"kiss-pal-m-%c2%a7","status":"publish","type":"product","link":"https:\/\/uj.adatbank.ro\/lexikon\/termek\/kiss-pal-m-%c2%a7\/","title":{"rendered":"KISS P\u00e1l M., \u00a7"},"content":{"rendered":"<p>Mv., 1911. j\u00fal. 17., \u2020 Bp., 2002. febr. 18 : dr. tan\u00e1r, amat\u0151r fest\u0151, m\u0171v\u00e9szett\u00f6rt\u00e9n\u00e9sz, \u00edr\u00f3. \u2013 A mv.-i Ref. Koll.-ban \u00e9retts\u00e9gizett (1928), Guly\u00e1s K\u00e1roly volt a tan\u00e1ra, aki felfedezte tehets\u00e9g\u00e9t. Kv.-on t\u00f6rt\u00e9nelem-f\u00f6ldrajz szakos tan\u00e1ri diplom\u00e1t szerzett (1932). Mv.-en tan\u00edtott a Ref. koll.-ban (1932\u201344), ahol megszervezte a koll. ifj\u00fas\u00e1gi k\u00f6nyvt\u00e1r\u00e1t, melynek k\u00f6nyvt\u00e1rosa. A KZST tagja (1941), a jegyz\u0151k\u00f6nyveit vezette (1940. nov. 24. \u2013 1943. j\u00fan. 15), k\u00f6zgy\u0171l\u00e9sein t\u0151rt\u00e9nelmi \u00e9s t\u00e1rsadalomtudom\u00e1nyi el\u0151ad\u00e1st tartott. Doktor\u00e1l (1946); Bp.-en a L\u00f3nyai utcai Gimn.-ban (1945\u201351), a K\u00e9pz\u0151- \u00e9s Iparm\u0171v\u00e9szeti Gimn.-ban m\u0171v\u00e9szett\u00f6rt\u00e9netet \u00e9s t\u00f6rt\u00e9nelmet tan\u00edtott (1951\u201376). A K\u00e9pz\u0151m\u0171v\u00e9szeti F\u0151iskol\u00e1n is oktatott (1951\u201355). Oktat\u00f3i munk\u00e1ss\u00e1ga alatt \u00e9s nyugd\u00edjba vonul\u00e1sa ut\u00e1n is a m\u0171v\u00e9szetek sz\u00f3sz\u00f3l\u00f3ja volt. Nemzed\u00e9keket tan\u00edtott \u00e9s vezetett be a m\u0171v\u00e9szetek vil\u00e1g\u00e1ba. Ismertet\u00f4 vet\u00edtett k\u00e9pes el\u00f4ad\u00e1saival, k\u00e9pz\u00f4m\u0171v\u00e9szeti ki\u00e1ll\u00edt\u00e1sok megnyit\u00f3 besz\u00e9deivel \u2013 Budapesten \u00e9s az orsz\u00e1g k\u00fcl\u00f6nb\u00f6z\u00f4 helys\u00e9geiben \u2013 sokakkal szerettette meg a k\u00e9pz\u00f4m\u0171v\u00e9szetek minden \u00e1g\u00e1t. Sorozatos el\u00f4ad\u00e1sain az egyetemes, a magyar, az erd\u00e9lyi, a sz\u00e9kelyf\u00f6ldi \u00e9s a mv.-i m\u0171v\u00e9szeket \u00e9s alkot\u00e1sokat ismertette \u00e9s mutatta be a k\u00f6z\u00f6ns\u00e9gnek. Sz\u00e1mos tanulm\u00e1nyt, cikket \u00edrt Mv. t\u00f6rt\u00e9net\u00e9r\u0151l, m\u0171v\u00e9szeti \u00e9let\u00e9r\u0151l, m\u0171eml\u00e9keir\u0151l., mv.-i \u00e9s erd\u00e9lyi magyar fest\u0151kr\u0151l: D\u00f3sa G\u00e9za, Vida \u00c1rp\u00e1d, Bordi A., Incze Istv\u00e1n, Bo\u00e9r M\u00e1rton \u00e9s a rom\u00e1n k\u00e9pz\u0151m\u0171v\u00e9szetr\u0151l; sz\u00e1mos ki\u00e1ll\u00edt\u00e1st rendezett ( pl. Gy. Szab\u00f3 B\u00e9la Bp., 1948). k\u00e1ll\u00edt\u00e1skatal\u00f3gusokat szerkesztett; bevezet\u0151t \u00edrt katal\u00f3gusokhoz; m\u0171v\u00e9szeti lexikonok munkat\u00e1rsa volt. Tanuln\u00e1nyai a M\u0171v\u00e9szet, a Forr\u00e1s, L\u00e1t\u00f3hat\u00e1r, Rajztan\u00edt\u00e1s c. foly\u00f3iratokban jelentek meg. <strong>Kit\u00fcntet\u00e9sei:<\/strong> a Munka\u00e9rdemrend bronz fokozata (1995), Az oktat\u00e1s\u00fcgy kiv\u00e1l\u00f3 dolgoz\u00f3ja (1957), Pedag\u00f3gus Szolg\u00e1lati Eml\u00e9k\u00e9rem (1977). \u2013 <strong>F. m.:<\/strong> Mv. -t\u00f6rt\u00e9nete (Mv., 1942; d\u00edszk\u00f6t\u00e9sben, Mv., 1943); Eml\u00e9kbesz\u00e9dek (Mv., 1942); A K\u00f6zm\u0171vel\u0151d\u00e9si H\u00e1z K\u00e9pt\u00e1r\u00e1nak m. \u00e9rt\u00e9kei (Mv., \u00e9. n.); Marosv\u00e1s\u00e1rhely: \u00datikalauz. (Mv., 1943); \u00c9let ember, m\u0171v\u00e9szet (Bp., 1946); A val\u00f3s\u00e1gr\u00f3l (Bp., 1945); A form\u00e1r\u00f3l (Bp., 1946); Az ember fel\u00e9 (Bp., 1948); I. J. Repin (Bp., 1953); Velasquez (Bp., 1953); Jark\u00f3 J\u00e1nos \u00e9lete \u00e9s m\u0171v\u00e9szete (Gyula, 1961); Szab\u00f3 J\u00e1nos (Bp., 1966); Mesztrovics Iv\u00e1n (Bp., 1966); Mitol\u00f3giai \u00e1br\u00e1zol\u00e1sok (Bp., 1966); M\u0171v\u00e9szetr\u0151l mindenkinek (Bp., 1966); Vallom\u00e1sok egy v\u00e1rosr\u00f3l (Sopron, 1978); Erd\u00e9lyi m. m\u0171v\u00e9szek a XVIII-XIX. sz\u00e1zadban (K\u00f3ny, 1990); <strong>t\u00e1rssz.:<\/strong> Az eur\u00f3pai iskola (Bp., 1947); Nagy Zolt\u00e1n fest\u00e9szeti ki\u00e1ll\u00edts\u00e1nak katal\u00f3gus el\u0151szava (1966); Nagykanizsai Thury Gy\u00f6rgy M\u00fazeumban Gy. Szab\u00f3 B\u00e9la ki\u00e1ll\u00edt\u00e1s\u00e1nak megnyit\u00f3ja (1966); Gy. Szab\u00f3 B\u00e9la fametszeteinek ki\u00e1ll\u00edt\u00e1sa G\u00f6d\u00f6ll\u0151n (1967); Expozi\u0163ia retrospectiv\u0103 Vida \u00c1rp\u00e1d. (Catalog de S\u00fck\u00f6sd Ferenc. Prezentare: dr. M. Kiss P\u00e1l. \/ A sz\u00f6veg rom\u00e1n \u00e9s magyar nyelven \/. Tg. M., 1970); D\u00f3sa G\u00e9za, Vida \u00c1rp\u00e1d = Mv. \u00e9s V\u00e1rtemploma (Mv., 1990); <strong>szerk.:<\/strong> M\u0171v\u00e9szeti lexikon (Bp., 1966\u201367). <br \/><strong>Irod.:<\/strong> Elekes B\u00e9la 1999; Fogarasi; Gomola Gy\u00f6rgy: M. Kiss P. Dr. m\u0171v\u00e9szett\u00f6rt\u00e9n\u00e9sz, fest\u0151m\u0171v\u00e9sz munk\u00e1ss\u00e1g\u00e1r\u00f3l (Bp., 1991); Guly\u00e1s; Keresztes Gyula: Erd\u00e9lyi m. m\u0171v\u00e9szek a XVIII. -XIX. sz\u00e1zadban (N\u00fa., 1991. \u00e1pr. 13.); Keresztes Gyula: Dr. M. K. P. (N\u00fa., 2002. aug. 14.); Keresztes Gyula: Dr. M. Kiss P\u00e1l m\u0171v\u00e9szett\u00f6rt\u00e9n\u00e9sz (N\u00fa., 2007. jan. 20); Korunk; Marosi-KZST; A mo.-i Ref. egyh\u00e1z Egyetemes Tan\u00fcgyi Bizotts\u00e1ga Bp.-en 1943. febr. 15\u201316 tartott \u00fcl\u00e9s\u00e9nek jegyz\u0151k\u00f6nyve (Bp., 1916); Mv. t\u00f6rt. 2.; [Nekrol\u00f3g] (N\u00fa., 2000. febr. 19), N. M. K.: \u201eAkik el\u0151tt\u00fcnk j\u00e1rtak (N\u00fa, M\u00fazsa, 142. sz., 1994. \u00e1pr. 8.); N\u00fa (2002. aug. 14)<\/br><\/p>\n","protected":false},"excerpt":{"rendered":"<p>Mv., 1911. j\u00fal. 17., \u2020 Bp., 2002. febr. 18 : dr. tan\u00e1r, amat\u0151r fest\u0151, m\u0171v\u00e9szett\u00f6rt\u00e9n\u00e9sz, \u00edr\u00f3. \u2013 A mv.-i Ref. Koll.-ban \u00e9retts\u00e9gizett (1928), Guly\u00e1s K\u00e1roly volt a tan\u00e1ra, aki felfedezte tehets\u00e9g\u00e9t. Kv.-on t\u00f6rt\u00e9nelem-f\u00f6ldrajz szakos tan\u00e1ri diplom\u00e1t szerzett (1932). Mv.-en tan\u00edtott a Ref. koll.-ban (1932\u201344), ahol megszervezte a koll. ifj\u00fas\u00e1gi k\u00f6nyvt\u00e1r\u00e1t, melynek k\u00f6nyvt\u00e1rosa. A KZST tagja [&hellip;]<\/p>\n","protected":false},"featured_media":0,"comment_status":"open","ping_status":"closed","template":"","meta":[],"product_brand":[],"product_cat":[137],"product_tag":[],"class_list":{"0":"post-12191","1":"product","2":"type-product","3":"status-publish","5":"product_cat-maros-megyei-eletrajzi-lexikon","7":"first","8":"instock","9":"shipping-taxable","10":"product-type-simple"},"_links":{"self":[{"href":"https:\/\/uj.adatbank.ro\/lexikon\/wp-json\/wp\/v2\/product\/12191","targetHints":{"allow":["GET"]}}],"collection":[{"href":"https:\/\/uj.adatbank.ro\/lexikon\/wp-json\/wp\/v2\/product"}],"about":[{"href":"https:\/\/uj.adatbank.ro\/lexikon\/wp-json\/wp\/v2\/types\/product"}],"replies":[{"embeddable":true,"href":"https:\/\/uj.adatbank.ro\/lexikon\/wp-json\/wp\/v2\/comments?post=12191"}],"wp:attachment":[{"href":"https:\/\/uj.adatbank.ro\/lexikon\/wp-json\/wp\/v2\/media?parent=12191"}],"wp:term":[{"taxonomy":"product_brand","embeddable":true,"href":"https:\/\/uj.adatbank.ro\/lexikon\/wp-json\/wp\/v2\/product_brand?post=12191"},{"taxonomy":"product_cat","embeddable":true,"href":"https:\/\/uj.adatbank.ro\/lexikon\/wp-json\/wp\/v2\/product_cat?post=12191"},{"taxonomy":"product_tag","embeddable":true,"href":"https:\/\/uj.adatbank.ro\/lexikon\/wp-json\/wp\/v2\/product_tag?post=12191"}],"curies":[{"name":"wp","href":"https:\/\/api.w.org\/{rel}","templated":true}]}}