{"id":12192,"date":"2025-06-29T14:18:35","date_gmt":"2025-06-29T12:18:35","guid":{"rendered":"https:\/\/uj.adatbank.ro\/lexikon\/termek\/kiss-peter\/"},"modified":"2025-06-29T14:18:35","modified_gmt":"2025-06-29T12:18:35","slug":"kiss-peter","status":"publish","type":"product","link":"https:\/\/uj.adatbank.ro\/lexikon\/termek\/kiss-peter\/","title":{"rendered":"KISS P\u00e9ter"},"content":{"rendered":"<p>1950. \u2020 Mv., 1997. m\u00e1rc. 15.: orvos, gyermekgy\u00f3gy\u00e1sz. &#8211; A MOGYI orvosi kar\u00e1n v\u00e9gzett (1983). Marosl\u00fadas k\u00f6rny\u00e9k\u00e9n dolgozott. <br \/><strong>Irod.:<\/strong> [Nekrol\u00f3g] (N\u00fa., 1997. m\u00e1rc.); Kiss\u2013P\u00e9terffy\u2013P\u00e9terffy<\/br><\/p>\n","protected":false},"excerpt":{"rendered":"<p>1950. \u2020 Mv., 1997. m\u00e1rc. 15.: orvos, gyermekgy\u00f3gy\u00e1sz. &#8211; A MOGYI orvosi kar\u00e1n v\u00e9gzett (1983). Marosl\u00fadas k\u00f6rny\u00e9k\u00e9n dolgozott. Irod.: [Nekrol\u00f3g] (N\u00fa., 1997. m\u00e1rc.); Kiss\u2013P\u00e9terffy\u2013P\u00e9terffy<\/p>\n","protected":false},"featured_media":0,"comment_status":"open","ping_status":"closed","template":"","meta":[],"product_brand":[],"product_cat":[137],"product_tag":[],"class_list":{"0":"post-12192","1":"product","2":"type-product","3":"status-publish","5":"product_cat-maros-megyei-eletrajzi-lexikon","7":"first","8":"instock","9":"shipping-taxable","10":"product-type-simple"},"_links":{"self":[{"href":"https:\/\/uj.adatbank.ro\/lexikon\/wp-json\/wp\/v2\/product\/12192","targetHints":{"allow":["GET"]}}],"collection":[{"href":"https:\/\/uj.adatbank.ro\/lexikon\/wp-json\/wp\/v2\/product"}],"about":[{"href":"https:\/\/uj.adatbank.ro\/lexikon\/wp-json\/wp\/v2\/types\/product"}],"replies":[{"embeddable":true,"href":"https:\/\/uj.adatbank.ro\/lexikon\/wp-json\/wp\/v2\/comments?post=12192"}],"wp:attachment":[{"href":"https:\/\/uj.adatbank.ro\/lexikon\/wp-json\/wp\/v2\/media?parent=12192"}],"wp:term":[{"taxonomy":"product_brand","embeddable":true,"href":"https:\/\/uj.adatbank.ro\/lexikon\/wp-json\/wp\/v2\/product_brand?post=12192"},{"taxonomy":"product_cat","embeddable":true,"href":"https:\/\/uj.adatbank.ro\/lexikon\/wp-json\/wp\/v2\/product_cat?post=12192"},{"taxonomy":"product_tag","embeddable":true,"href":"https:\/\/uj.adatbank.ro\/lexikon\/wp-json\/wp\/v2\/product_tag?post=12192"}],"curies":[{"name":"wp","href":"https:\/\/api.w.org\/{rel}","templated":true}]}}