{"id":12193,"date":"2025-06-29T14:18:37","date_gmt":"2025-06-29T12:18:37","guid":{"rendered":"https:\/\/uj.adatbank.ro\/lexikon\/termek\/kiss-rozalia-%c2%a7\/"},"modified":"2025-06-29T14:18:37","modified_gmt":"2025-06-29T12:18:37","slug":"kiss-rozalia-%c2%a7","status":"publish","type":"product","link":"https:\/\/uj.adatbank.ro\/lexikon\/termek\/kiss-rozalia-%c2%a7\/","title":{"rendered":"KISS R\u00f3z\u00e1lia, \u00a7"},"content":{"rendered":"<p>Gyergy\u00f3szentmikl\u00f3s, 1930. nov. 1. \u2020 Bp., 2009. nov. 29: tan\u00e1r, k\u00f6nyvt\u00e1ros. \u2013 K\u00f6z\u00e9piskol\u00e1it sz\u00fcl\u0151v\u00e1ros\u00e1ban v\u00e9gezte, Kv.-on f\u00f6ldrajz-term\u00e9szetrajz szakot v\u00e9gzett (1949\u201351). Tan\u00edtott.., majd k\u00f6nyvt\u00e1ros a mv.-i Tartom\u00e1nyi K\u00f6nyvt\u00e1rban \/ MMK-ban nyugdijaz\u00e1s\u00e1ig (1960. szept. 1. \u2013 1987. dec. 1.). A gyarap\u00edt\u00f3 \u00e9s feldolgoz\u00f3 r\u00e9szleg vezet\u0151je volt. Kezdem\u00e9nyezte \u00e9s szerkesztette a k\u00f6nyvt\u00e1r \u00e1llom\u00e1ny\u00e1nak gyarapod\u00e1s\u00e1t t\u00fckr\u00f6z\u0151 Buletinul \u00bbC\u0103r\u0163i noi \u00ab intrate \u00een bibliotec\u0103 (1966\u2013) c kiadv\u00e1nyt. Cikk\u00e9t k\u00f6zl\u00f6lte a K\u00f6nyvt\u00e1rosok T\u00e1j\u00e9koztat\u00f3ja (1. sz., 1963) <br \/><strong>Irod.:<\/strong> MMK; Popt\u0103ma\u015f\u2013M\u00f3zes<\/br><\/p>\n","protected":false},"excerpt":{"rendered":"<p>Gyergy\u00f3szentmikl\u00f3s, 1930. nov. 1. \u2020 Bp., 2009. nov. 29: tan\u00e1r, k\u00f6nyvt\u00e1ros. \u2013 K\u00f6z\u00e9piskol\u00e1it sz\u00fcl\u0151v\u00e1ros\u00e1ban v\u00e9gezte, Kv.-on f\u00f6ldrajz-term\u00e9szetrajz szakot v\u00e9gzett (1949\u201351). Tan\u00edtott.., majd k\u00f6nyvt\u00e1ros a mv.-i Tartom\u00e1nyi K\u00f6nyvt\u00e1rban \/ MMK-ban nyugdijaz\u00e1s\u00e1ig (1960. szept. 1. \u2013 1987. dec. 1.). A gyarap\u00edt\u00f3 \u00e9s feldolgoz\u00f3 r\u00e9szleg vezet\u0151je volt. Kezdem\u00e9nyezte \u00e9s szerkesztette a k\u00f6nyvt\u00e1r \u00e1llom\u00e1ny\u00e1nak gyarapod\u00e1s\u00e1t t\u00fckr\u00f6z\u0151 Buletinul \u00bbC\u0103r\u0163i noi [&hellip;]<\/p>\n","protected":false},"featured_media":0,"comment_status":"open","ping_status":"closed","template":"","meta":[],"product_brand":[],"product_cat":[137],"product_tag":[],"class_list":{"0":"post-12193","1":"product","2":"type-product","3":"status-publish","5":"product_cat-maros-megyei-eletrajzi-lexikon","7":"first","8":"instock","9":"shipping-taxable","10":"product-type-simple"},"_links":{"self":[{"href":"https:\/\/uj.adatbank.ro\/lexikon\/wp-json\/wp\/v2\/product\/12193","targetHints":{"allow":["GET"]}}],"collection":[{"href":"https:\/\/uj.adatbank.ro\/lexikon\/wp-json\/wp\/v2\/product"}],"about":[{"href":"https:\/\/uj.adatbank.ro\/lexikon\/wp-json\/wp\/v2\/types\/product"}],"replies":[{"embeddable":true,"href":"https:\/\/uj.adatbank.ro\/lexikon\/wp-json\/wp\/v2\/comments?post=12193"}],"wp:attachment":[{"href":"https:\/\/uj.adatbank.ro\/lexikon\/wp-json\/wp\/v2\/media?parent=12193"}],"wp:term":[{"taxonomy":"product_brand","embeddable":true,"href":"https:\/\/uj.adatbank.ro\/lexikon\/wp-json\/wp\/v2\/product_brand?post=12193"},{"taxonomy":"product_cat","embeddable":true,"href":"https:\/\/uj.adatbank.ro\/lexikon\/wp-json\/wp\/v2\/product_cat?post=12193"},{"taxonomy":"product_tag","embeddable":true,"href":"https:\/\/uj.adatbank.ro\/lexikon\/wp-json\/wp\/v2\/product_tag?post=12193"}],"curies":[{"name":"wp","href":"https:\/\/api.w.org\/{rel}","templated":true}]}}