{"id":12194,"date":"2025-06-29T14:18:40","date_gmt":"2025-06-29T12:18:40","guid":{"rendered":"https:\/\/uj.adatbank.ro\/lexikon\/termek\/kiss-samuel\/"},"modified":"2025-06-29T14:18:40","modified_gmt":"2025-06-29T12:18:40","slug":"kiss-samuel","status":"publish","type":"product","link":"https:\/\/uj.adatbank.ro\/lexikon\/termek\/kiss-samuel\/","title":{"rendered":"KISS S\u00e1muel"},"content":{"rendered":"<p>Nagyenyed, 1771., \u2020 Marosbog\u00e1t, 1847. \u00e1pr. 5.: ref. lelk\u00e9sz. \u2013 Az enyedi koll.-ban tanult (1788\u2013). Husz\u00e1r D\u00e1niellel egy\u00fctt vizsg\u00e1zott Mv.-en, Kv.-on \u00e9s Enyeden a koll.-ban, minek alapj\u00e1n k\u00e9zhezkapt\u00e1k a peregrin\u00e1ci\u00f3hoz sz\u00fcks\u00e9ges egyh\u00e1zi j\u00f3v\u00e1hagy\u00e1st. Fentmaradt k\u00e9zirata a gy\u0171jt\u0151\u00fatj\u00e1r\u00f3l (1797\u201399), az EME kv.-i k\u00e9ziratt\u00e1r\u00e1ban \u0151rzik. K\u00fclf\u00f6ld\u00f6n Bernben tanult, hazat\u00e9rte ut\u00e1n Marosbog\u00e1ton (1799\u2013) lett lekip\u00e1sztor. A k\u00fck\u00fcll\u0151i egyh\u00e1zmegye f\u0151jegyz\u0151nek v\u00e1lasztotta (1816\u2013) \u00e9s Fogarasi S\u00e1muel esperes hal\u00e1la ut\u00e1n a K\u00fck\u00fcll\u0151v\u00e1ri tractus esperes\u00e9v\u00e9 v\u00e1lasztott\u00e1k (1830\u201347). Kapcsolatba ker\u00fclt a Marosn\u00e9metiben \u00e9l\u0151 gr. Gyulay csal\u00e1ddal \u00e9s nevel\u0151sk\u00f6d\u00f6tt gr. Gyulay Lajos mellett. \u2013 <strong>F. m.:<\/strong> A hal\u00e1l k\u00fcl\u00f6mbf\u00e9le \u00e1br\u00e1zatban: egy halotti besz\u00e9d melyet koh\u00e1nyi Kats\u00e1ndi Zsuzs\u00e1nna, marosn\u00e9meti gr. Gyulai Ferenc \u00f6zvegye gy\u00e1szinnep\u00e9n elmondott.., 1826. j\u00fal. 2. (Kv., 1826); Albiz\u00e1l\u00e1s erd\u00e9lyi v\u00e1rosokban \u00e9s falvakban : K. S. enyedi di\u00e1k gy\u0171jt\u0151\u00fatja 1797 (K\u00eds\u00e9r\u0151 tanulm\u00e1nnyal k\u00f6zreadja Tonk S\u00e1ndor; Szeged, 1991). <br \/><strong>Irod.:<\/strong> B\u00f6jthe Andor: A G\u00f6rg\u00e9nyi ev. ref. egyh\u00e1zmegye t\u00f6rt\u00e9nete [k\u00e9zirat]; Simon Zsolt; Szinnyei; Szinnyei J.; Zov\u00e1nyi<\/br><\/p>\n","protected":false},"excerpt":{"rendered":"<p>Nagyenyed, 1771., \u2020 Marosbog\u00e1t, 1847. \u00e1pr. 5.: ref. lelk\u00e9sz. \u2013 Az enyedi koll.-ban tanult (1788\u2013). Husz\u00e1r D\u00e1niellel egy\u00fctt vizsg\u00e1zott Mv.-en, Kv.-on \u00e9s Enyeden a koll.-ban, minek alapj\u00e1n k\u00e9zhezkapt\u00e1k a peregrin\u00e1ci\u00f3hoz sz\u00fcks\u00e9ges egyh\u00e1zi j\u00f3v\u00e1hagy\u00e1st. Fentmaradt k\u00e9zirata a gy\u0171jt\u0151\u00fatj\u00e1r\u00f3l (1797\u201399), az EME kv.-i k\u00e9ziratt\u00e1r\u00e1ban \u0151rzik. K\u00fclf\u00f6ld\u00f6n Bernben tanult, hazat\u00e9rte ut\u00e1n Marosbog\u00e1ton (1799\u2013) lett lekip\u00e1sztor. A k\u00fck\u00fcll\u0151i egyh\u00e1zmegye [&hellip;]<\/p>\n","protected":false},"featured_media":0,"comment_status":"open","ping_status":"closed","template":"","meta":[],"product_brand":[],"product_cat":[137],"product_tag":[],"class_list":{"0":"post-12194","1":"product","2":"type-product","3":"status-publish","5":"product_cat-maros-megyei-eletrajzi-lexikon","7":"first","8":"instock","9":"shipping-taxable","10":"product-type-simple"},"_links":{"self":[{"href":"https:\/\/uj.adatbank.ro\/lexikon\/wp-json\/wp\/v2\/product\/12194","targetHints":{"allow":["GET"]}}],"collection":[{"href":"https:\/\/uj.adatbank.ro\/lexikon\/wp-json\/wp\/v2\/product"}],"about":[{"href":"https:\/\/uj.adatbank.ro\/lexikon\/wp-json\/wp\/v2\/types\/product"}],"replies":[{"embeddable":true,"href":"https:\/\/uj.adatbank.ro\/lexikon\/wp-json\/wp\/v2\/comments?post=12194"}],"wp:attachment":[{"href":"https:\/\/uj.adatbank.ro\/lexikon\/wp-json\/wp\/v2\/media?parent=12194"}],"wp:term":[{"taxonomy":"product_brand","embeddable":true,"href":"https:\/\/uj.adatbank.ro\/lexikon\/wp-json\/wp\/v2\/product_brand?post=12194"},{"taxonomy":"product_cat","embeddable":true,"href":"https:\/\/uj.adatbank.ro\/lexikon\/wp-json\/wp\/v2\/product_cat?post=12194"},{"taxonomy":"product_tag","embeddable":true,"href":"https:\/\/uj.adatbank.ro\/lexikon\/wp-json\/wp\/v2\/product_tag?post=12194"}],"curies":[{"name":"wp","href":"https:\/\/api.w.org\/{rel}","templated":true}]}}