{"id":12196,"date":"2025-06-29T14:18:43","date_gmt":"2025-06-29T12:18:43","guid":{"rendered":"https:\/\/uj.adatbank.ro\/lexikon\/termek\/kiss-samuel-3\/"},"modified":"2025-06-29T14:18:43","modified_gmt":"2025-06-29T12:18:43","slug":"kiss-samuel-3","status":"publish","type":"product","link":"https:\/\/uj.adatbank.ro\/lexikon\/termek\/kiss-samuel-3\/","title":{"rendered":"KISS S\u00e1muel"},"content":{"rendered":"<p>?1833 \u2020? 1908. \u00e1pr. 23.: lelk\u00e9sz. \u2013 Feles\u00e9ge: Elekes Krisztina (\u2020 ?: 1894). \u2013 K\u00fck\u00fcll\u0151sz\u00e9plakon szolg\u00e1lt. <br \/><strong>Irod.:<\/strong> Kelemen<\/br><\/p>\n","protected":false},"excerpt":{"rendered":"<p>?1833 \u2020? 1908. \u00e1pr. 23.: lelk\u00e9sz. \u2013 Feles\u00e9ge: Elekes Krisztina (\u2020 ?: 1894). \u2013 K\u00fck\u00fcll\u0151sz\u00e9plakon szolg\u00e1lt. Irod.: Kelemen<\/p>\n","protected":false},"featured_media":0,"comment_status":"open","ping_status":"closed","template":"","meta":[],"product_brand":[],"product_cat":[137],"product_tag":[],"class_list":{"0":"post-12196","1":"product","2":"type-product","3":"status-publish","5":"product_cat-maros-megyei-eletrajzi-lexikon","7":"first","8":"instock","9":"shipping-taxable","10":"product-type-simple"},"_links":{"self":[{"href":"https:\/\/uj.adatbank.ro\/lexikon\/wp-json\/wp\/v2\/product\/12196","targetHints":{"allow":["GET"]}}],"collection":[{"href":"https:\/\/uj.adatbank.ro\/lexikon\/wp-json\/wp\/v2\/product"}],"about":[{"href":"https:\/\/uj.adatbank.ro\/lexikon\/wp-json\/wp\/v2\/types\/product"}],"replies":[{"embeddable":true,"href":"https:\/\/uj.adatbank.ro\/lexikon\/wp-json\/wp\/v2\/comments?post=12196"}],"wp:attachment":[{"href":"https:\/\/uj.adatbank.ro\/lexikon\/wp-json\/wp\/v2\/media?parent=12196"}],"wp:term":[{"taxonomy":"product_brand","embeddable":true,"href":"https:\/\/uj.adatbank.ro\/lexikon\/wp-json\/wp\/v2\/product_brand?post=12196"},{"taxonomy":"product_cat","embeddable":true,"href":"https:\/\/uj.adatbank.ro\/lexikon\/wp-json\/wp\/v2\/product_cat?post=12196"},{"taxonomy":"product_tag","embeddable":true,"href":"https:\/\/uj.adatbank.ro\/lexikon\/wp-json\/wp\/v2\/product_tag?post=12196"}],"curies":[{"name":"wp","href":"https:\/\/api.w.org\/{rel}","templated":true}]}}