{"id":12204,"date":"2025-06-29T14:18:59","date_gmt":"2025-06-29T12:18:59","guid":{"rendered":"https:\/\/uj.adatbank.ro\/lexikon\/termek\/kiss-sandor-6\/"},"modified":"2025-06-29T14:18:59","modified_gmt":"2025-06-29T12:18:59","slug":"kiss-sandor-6","status":"publish","type":"product","link":"https:\/\/uj.adatbank.ro\/lexikon\/termek\/kiss-sandor-6\/","title":{"rendered":"KISS S\u00e1ndor"},"content":{"rendered":"<p>1910., \u2020 Mv., 1997. \u00e1pr. 16: ref. lelk\u00e9sz. \u2013 Feles\u00e9ge. Szab\u00f3 Gizella (1910\u20131996). \u2013 Helyettes lelk\u00e9sz Nagyercs\u00e9n (1933). G\u00f6rg\u00e9nyszentimre lelkip\u00e1sztora (1940\u20131989). Mv.-en \u00e9lt nyugd\u00edjas kor\u00e1ban \u00e9s id\u0151nk\u00e9nt a Szabads\u00e1g-\u00fati gy\u00fclekezletben szolg\u00e1lt. <br \/><strong>Irod.:<\/strong> Cs\u00e1ky; [Nekrol\u00f3g] (N\u00fa., 1997. \u00e1pr. 17.)<\/br><\/p>\n","protected":false},"excerpt":{"rendered":"<p>1910., \u2020 Mv., 1997. \u00e1pr. 16: ref. lelk\u00e9sz. \u2013 Feles\u00e9ge. Szab\u00f3 Gizella (1910\u20131996). \u2013 Helyettes lelk\u00e9sz Nagyercs\u00e9n (1933). G\u00f6rg\u00e9nyszentimre lelkip\u00e1sztora (1940\u20131989). Mv.-en \u00e9lt nyugd\u00edjas kor\u00e1ban \u00e9s id\u0151nk\u00e9nt a Szabads\u00e1g-\u00fati gy\u00fclekezletben szolg\u00e1lt. Irod.: Cs\u00e1ky; [Nekrol\u00f3g] (N\u00fa., 1997. \u00e1pr. 17.)<\/p>\n","protected":false},"featured_media":0,"comment_status":"open","ping_status":"closed","template":"","meta":[],"product_brand":[],"product_cat":[137],"product_tag":[],"class_list":{"0":"post-12204","1":"product","2":"type-product","3":"status-publish","5":"product_cat-maros-megyei-eletrajzi-lexikon","7":"first","8":"instock","9":"shipping-taxable","10":"product-type-simple"},"_links":{"self":[{"href":"https:\/\/uj.adatbank.ro\/lexikon\/wp-json\/wp\/v2\/product\/12204","targetHints":{"allow":["GET"]}}],"collection":[{"href":"https:\/\/uj.adatbank.ro\/lexikon\/wp-json\/wp\/v2\/product"}],"about":[{"href":"https:\/\/uj.adatbank.ro\/lexikon\/wp-json\/wp\/v2\/types\/product"}],"replies":[{"embeddable":true,"href":"https:\/\/uj.adatbank.ro\/lexikon\/wp-json\/wp\/v2\/comments?post=12204"}],"wp:attachment":[{"href":"https:\/\/uj.adatbank.ro\/lexikon\/wp-json\/wp\/v2\/media?parent=12204"}],"wp:term":[{"taxonomy":"product_brand","embeddable":true,"href":"https:\/\/uj.adatbank.ro\/lexikon\/wp-json\/wp\/v2\/product_brand?post=12204"},{"taxonomy":"product_cat","embeddable":true,"href":"https:\/\/uj.adatbank.ro\/lexikon\/wp-json\/wp\/v2\/product_cat?post=12204"},{"taxonomy":"product_tag","embeddable":true,"href":"https:\/\/uj.adatbank.ro\/lexikon\/wp-json\/wp\/v2\/product_tag?post=12204"}],"curies":[{"name":"wp","href":"https:\/\/api.w.org\/{rel}","templated":true}]}}