{"id":12206,"date":"2025-06-29T14:19:03","date_gmt":"2025-06-29T12:19:03","guid":{"rendered":"https:\/\/uj.adatbank.ro\/lexikon\/termek\/kiss-sandor-%c2%a7-alexandru\/"},"modified":"2025-06-29T14:19:03","modified_gmt":"2025-06-29T12:19:03","slug":"kiss-sandor-%c2%a7-alexandru","status":"publish","type":"product","link":"https:\/\/uj.adatbank.ro\/lexikon\/termek\/kiss-sandor-%c2%a7-alexandru\/","title":{"rendered":"KISS S\u00e1ndor, \u00a7 Alexandru"},"content":{"rendered":"<p>Kerel\u0151szentp\u00e1l, 1922. szept. 12., \u2020 Marosszentgy\u00f6rgy, 1997. m\u00e1j. 4.: tan\u00e1r. \u2013 Az elemi iskol\u00e1t sz\u00fcl\u0151faluj\u00e1ban v\u00e9gezte (1930\u201336), majd a radn\u00f3ti Gazdas\u00e1gi Iskol\u00e1ban (1936\u201338), Szatm\u00e1rn\u00e9metiben a Ref. Gimn.-ban tanult (1941\u201343); Szatm\u00e1ron, Mv.-en, Sz\u00e9kelykereszt\u00faron tan\u00edt\u00f3k\u00e9pz\u0151t v\u00e9gzett (1946\u201349); Kv.-on a F\u0151iskola levelez\u0151 tagozat\u00e1n t\u00f6rt\u00e9nelem-f\u00f6ldrajztan\u00e1ri oklevelet szerzett (1952); II. fokozati vizsg\u00e1t tett (1979). Mez\u0151fel\u00e9ben tan\u00edt\u00f3 igazgat\u00f3 (1949\u201359), a M\u0171vel\u0151d\u00e9si Otthon igazgat\u00f3ja (1958. jan. \u201358. szept.), tan\u00e1r aligazgat\u00f3 (1958\u2013). Marosszentgy\u00f6rgy\u00f6n tan\u00edt nyugdjaz\u00e1s\u00e1ig (1958. szept. \u201382. szept.), iskola igazgat\u00f3 (1961\u201365). Kiv\u00e1l\u00f3 tan\u00e1r (1982). Nyugd\u00edjba vonult (1982 okt. 1\u2013). K\u00f6zs\u00e9gi n\u00e9ptan\u00e1csi k\u00e9pvisel\u0151 volt. <br \/><strong>Irod.:<\/strong> AAPM; KKACs; Dasc\u0103li mure\u015feni 2.; [Nekrol\u00f3g] (N\u00fa., 1997. m\u00e1j. 6.); Opri\u015f; S\u00e2ngeorgiu de Mure\u015f AAPM<\/br><\/p>\n","protected":false},"excerpt":{"rendered":"<p>Kerel\u0151szentp\u00e1l, 1922. szept. 12., \u2020 Marosszentgy\u00f6rgy, 1997. m\u00e1j. 4.: tan\u00e1r. \u2013 Az elemi iskol\u00e1t sz\u00fcl\u0151faluj\u00e1ban v\u00e9gezte (1930\u201336), majd a radn\u00f3ti Gazdas\u00e1gi Iskol\u00e1ban (1936\u201338), Szatm\u00e1rn\u00e9metiben a Ref. Gimn.-ban tanult (1941\u201343); Szatm\u00e1ron, Mv.-en, Sz\u00e9kelykereszt\u00faron tan\u00edt\u00f3k\u00e9pz\u0151t v\u00e9gzett (1946\u201349); Kv.-on a F\u0151iskola levelez\u0151 tagozat\u00e1n t\u00f6rt\u00e9nelem-f\u00f6ldrajztan\u00e1ri oklevelet szerzett (1952); II. fokozati vizsg\u00e1t tett (1979). Mez\u0151fel\u00e9ben tan\u00edt\u00f3 igazgat\u00f3 (1949\u201359), a M\u0171vel\u0151d\u00e9si [&hellip;]<\/p>\n","protected":false},"featured_media":0,"comment_status":"open","ping_status":"closed","template":"","meta":[],"product_brand":[],"product_cat":[137],"product_tag":[],"class_list":{"0":"post-12206","1":"product","2":"type-product","3":"status-publish","5":"product_cat-maros-megyei-eletrajzi-lexikon","7":"first","8":"instock","9":"shipping-taxable","10":"product-type-simple"},"_links":{"self":[{"href":"https:\/\/uj.adatbank.ro\/lexikon\/wp-json\/wp\/v2\/product\/12206","targetHints":{"allow":["GET"]}}],"collection":[{"href":"https:\/\/uj.adatbank.ro\/lexikon\/wp-json\/wp\/v2\/product"}],"about":[{"href":"https:\/\/uj.adatbank.ro\/lexikon\/wp-json\/wp\/v2\/types\/product"}],"replies":[{"embeddable":true,"href":"https:\/\/uj.adatbank.ro\/lexikon\/wp-json\/wp\/v2\/comments?post=12206"}],"wp:attachment":[{"href":"https:\/\/uj.adatbank.ro\/lexikon\/wp-json\/wp\/v2\/media?parent=12206"}],"wp:term":[{"taxonomy":"product_brand","embeddable":true,"href":"https:\/\/uj.adatbank.ro\/lexikon\/wp-json\/wp\/v2\/product_brand?post=12206"},{"taxonomy":"product_cat","embeddable":true,"href":"https:\/\/uj.adatbank.ro\/lexikon\/wp-json\/wp\/v2\/product_cat?post=12206"},{"taxonomy":"product_tag","embeddable":true,"href":"https:\/\/uj.adatbank.ro\/lexikon\/wp-json\/wp\/v2\/product_tag?post=12206"}],"curies":[{"name":"wp","href":"https:\/\/api.w.org\/{rel}","templated":true}]}}