{"id":12208,"date":"2025-06-29T14:19:09","date_gmt":"2025-06-29T12:19:09","guid":{"rendered":"https:\/\/uj.adatbank.ro\/lexikon\/termek\/kiss-tamas\/"},"modified":"2025-06-29T14:19:09","modified_gmt":"2025-06-29T12:19:09","slug":"kiss-tamas","status":"publish","type":"product","link":"https:\/\/uj.adatbank.ro\/lexikon\/termek\/kiss-tamas\/","title":{"rendered":"KISS Tam\u00e1s"},"content":{"rendered":"<p>Magyar\u00f3, 1862. szept. 6., \u2020 Mv., 1936. \u00e1pr. 2.: tan\u00e1r. \u2013 Apja Kiss J\u00f3zsef, az els\u0151 Sz\u00e1szr\u00e9geni Tutajkeresked\u0151 T\u00e1rsulat tiszttart\u00f3ja (1832 \u2013 Marosh\u00e9v\u00edz, 1914. febr. 16.). Feles\u00e9ge: Magay Margit. Tanult a sz\u00e1szr\u00e9geni Ev. \u00e9s a mv.-i Ref. Koll.-ban (1874\u2013); a bp.-i egyetem matematika-fizika szakos hallgat\u00f3ja (1884\u201388). A mv.-i Ref. Koll-ban tan\u00edtott (1888\u201390), majd Gernyeszegen a gr. Teleki csal\u00e1dn\u00e1l nevel\u0151 (1890\u201392), a bp.-i gyakorl\u00f3 gimn.-ban (1892\u2013), a s\u00fcmegi, kis\u00fajsz\u00e1ll\u00e1si, a m\u00e1ramarosszigeti gimn. -ban; ism\u00e9t a mv.-i Ref. Koll. term\u00e9szetrajz \u00e9s matematika tan\u00e1ra, term\u00e9szetrajzi szert\u00e1r \u0151re (1902\u20131929) \u00e9s egy \u00e9vig az iskola k\u00f6nyvt\u00e1rosa (1909\u201310). Tan\u00fcgyi cikkeit k\u00f6z\u00f6lte a Debreceni Protest\u00e1ns Lap-ban. A KZST tagja (1929). \u2013 <strong>F. m.:<\/strong> Az elektromos kapacit\u00e1s sz\u00e1m\u00edt\u00e1sa \u00e9s m\u00e9r\u00e9s\u00e9r\u0151l (Mv., 1904); A term\u00e9szeti t\u00fcnem\u00e9nyek viszonyitott szeml\u00e9lete (Mv., 1908); K\u00fclf\u00f6ldi utam \u00e9lm\u00e9nyeib\u0151l (Mv., 1913). <br \/><strong>Irod.:<\/strong> Guly\u00e1s K\u00e1roly: A mv. &#8211; Ref. Koll. n\u00f6vend\u00e9keivel tett tanulm\u00e1nyi \u00fat le\u00edr\u00e1sa (Mv., 1890); Gy\u00e1szjelent\u0151; KZST1930; Mv. t\u00f6rt. 2.; Sebesty\u00e9n; \u00dcnnepi k\u00f6nyv<\/br><\/p>\n","protected":false},"excerpt":{"rendered":"<p>Magyar\u00f3, 1862. szept. 6., \u2020 Mv., 1936. \u00e1pr. 2.: tan\u00e1r. \u2013 Apja Kiss J\u00f3zsef, az els\u0151 Sz\u00e1szr\u00e9geni Tutajkeresked\u0151 T\u00e1rsulat tiszttart\u00f3ja (1832 \u2013 Marosh\u00e9v\u00edz, 1914. febr. 16.). Feles\u00e9ge: Magay Margit. Tanult a sz\u00e1szr\u00e9geni Ev. \u00e9s a mv.-i Ref. Koll.-ban (1874\u2013); a bp.-i egyetem matematika-fizika szakos hallgat\u00f3ja (1884\u201388). A mv.-i Ref. Koll-ban tan\u00edtott (1888\u201390), majd Gernyeszegen a [&hellip;]<\/p>\n","protected":false},"featured_media":0,"comment_status":"open","ping_status":"closed","template":"","meta":[],"product_brand":[],"product_cat":[137],"product_tag":[],"class_list":{"0":"post-12208","1":"product","2":"type-product","3":"status-publish","5":"product_cat-maros-megyei-eletrajzi-lexikon","7":"first","8":"instock","9":"shipping-taxable","10":"product-type-simple"},"_links":{"self":[{"href":"https:\/\/uj.adatbank.ro\/lexikon\/wp-json\/wp\/v2\/product\/12208","targetHints":{"allow":["GET"]}}],"collection":[{"href":"https:\/\/uj.adatbank.ro\/lexikon\/wp-json\/wp\/v2\/product"}],"about":[{"href":"https:\/\/uj.adatbank.ro\/lexikon\/wp-json\/wp\/v2\/types\/product"}],"replies":[{"embeddable":true,"href":"https:\/\/uj.adatbank.ro\/lexikon\/wp-json\/wp\/v2\/comments?post=12208"}],"wp:attachment":[{"href":"https:\/\/uj.adatbank.ro\/lexikon\/wp-json\/wp\/v2\/media?parent=12208"}],"wp:term":[{"taxonomy":"product_brand","embeddable":true,"href":"https:\/\/uj.adatbank.ro\/lexikon\/wp-json\/wp\/v2\/product_brand?post=12208"},{"taxonomy":"product_cat","embeddable":true,"href":"https:\/\/uj.adatbank.ro\/lexikon\/wp-json\/wp\/v2\/product_cat?post=12208"},{"taxonomy":"product_tag","embeddable":true,"href":"https:\/\/uj.adatbank.ro\/lexikon\/wp-json\/wp\/v2\/product_tag?post=12208"}],"curies":[{"name":"wp","href":"https:\/\/api.w.org\/{rel}","templated":true}]}}