{"id":12210,"date":"2025-06-29T14:19:11","date_gmt":"2025-06-29T12:19:11","guid":{"rendered":"https:\/\/uj.adatbank.ro\/lexikon\/termek\/kiss-viktor\/"},"modified":"2025-06-29T14:19:11","modified_gmt":"2025-06-29T12:19:11","slug":"kiss-viktor","status":"publish","type":"product","link":"https:\/\/uj.adatbank.ro\/lexikon\/termek\/kiss-viktor\/","title":{"rendered":"KISS Viktor"},"content":{"rendered":"<p>Ny\u00e1r\u00e1dmagyar\u00f3s, 1884., \u2020 ? : gazd\u00e1lkod\u00f3, m\u00e9sz\u00e1ros. \u2013 Iskol\u00e1i elv\u00e9gz\u00e9se ut\u00e1n a h\u00fasiparos szakm\u00e1t saj\u00e1t\u00edtotta el, \u00f6n\u00e1ll\u00f3 lett (1918\u2013) sz\u00fcl\u0151hely\u00e9n. Ipara mellett gazd\u00e1lkodott is. Az els\u0151 vh.-ban a rom\u00e1n fronton harcolt. A Hitelsz\u00f6vetkezet ig. tagja, a ref. egyh\u00e1z presbitere \u00e9s p\u00e9nzt\u00e1rosa volt. <br \/><strong>Irod.:<\/strong> Sz\u00e9kelyf\u00f6ld \u00ed. k.<\/br><\/p>\n","protected":false},"excerpt":{"rendered":"<p>Ny\u00e1r\u00e1dmagyar\u00f3s, 1884., \u2020 ? : gazd\u00e1lkod\u00f3, m\u00e9sz\u00e1ros. \u2013 Iskol\u00e1i elv\u00e9gz\u00e9se ut\u00e1n a h\u00fasiparos szakm\u00e1t saj\u00e1t\u00edtotta el, \u00f6n\u00e1ll\u00f3 lett (1918\u2013) sz\u00fcl\u0151hely\u00e9n. Ipara mellett gazd\u00e1lkodott is. Az els\u0151 vh.-ban a rom\u00e1n fronton harcolt. A Hitelsz\u00f6vetkezet ig. tagja, a ref. egyh\u00e1z presbitere \u00e9s p\u00e9nzt\u00e1rosa volt. Irod.: Sz\u00e9kelyf\u00f6ld \u00ed. k.<\/p>\n","protected":false},"featured_media":0,"comment_status":"open","ping_status":"closed","template":"","meta":[],"product_brand":[],"product_cat":[137],"product_tag":[],"class_list":{"0":"post-12210","1":"product","2":"type-product","3":"status-publish","5":"product_cat-maros-megyei-eletrajzi-lexikon","7":"first","8":"instock","9":"shipping-taxable","10":"product-type-simple"},"_links":{"self":[{"href":"https:\/\/uj.adatbank.ro\/lexikon\/wp-json\/wp\/v2\/product\/12210","targetHints":{"allow":["GET"]}}],"collection":[{"href":"https:\/\/uj.adatbank.ro\/lexikon\/wp-json\/wp\/v2\/product"}],"about":[{"href":"https:\/\/uj.adatbank.ro\/lexikon\/wp-json\/wp\/v2\/types\/product"}],"replies":[{"embeddable":true,"href":"https:\/\/uj.adatbank.ro\/lexikon\/wp-json\/wp\/v2\/comments?post=12210"}],"wp:attachment":[{"href":"https:\/\/uj.adatbank.ro\/lexikon\/wp-json\/wp\/v2\/media?parent=12210"}],"wp:term":[{"taxonomy":"product_brand","embeddable":true,"href":"https:\/\/uj.adatbank.ro\/lexikon\/wp-json\/wp\/v2\/product_brand?post=12210"},{"taxonomy":"product_cat","embeddable":true,"href":"https:\/\/uj.adatbank.ro\/lexikon\/wp-json\/wp\/v2\/product_cat?post=12210"},{"taxonomy":"product_tag","embeddable":true,"href":"https:\/\/uj.adatbank.ro\/lexikon\/wp-json\/wp\/v2\/product_tag?post=12210"}],"curies":[{"name":"wp","href":"https:\/\/api.w.org\/{rel}","templated":true}]}}