{"id":12212,"date":"2025-06-29T14:19:14","date_gmt":"2025-06-29T12:19:14","guid":{"rendered":"https:\/\/uj.adatbank.ro\/lexikon\/termek\/kiss-zoltan\/"},"modified":"2025-06-29T14:19:14","modified_gmt":"2025-06-29T12:19:14","slug":"kiss-zoltan","status":"publish","type":"product","link":"https:\/\/uj.adatbank.ro\/lexikon\/termek\/kiss-zoltan\/","title":{"rendered":"KISS Zolt\u00e1n"},"content":{"rendered":"<p>K\u00f6vend, 1915., \u2020 ? : unit. lelk\u00e9sz. \u2013 K\u00f6z\u00e9piskol\u00e1it \u00e9s a teol\u00f3gi\u00e1t Kv.-on v\u00e9gezte. Papi p\u00e1lyafut\u00e1s\u00e1t Dics\u0151szentm\u00e1rtonban kezdte, majd Ab\u00e1sfalv\u00e1n folytatta (1940\u2013). A MP tagja, a m. n\u00e9pk\u00f6z\u00f6ss\u00e9g eln\u00f6ke volt, az EGE tagja \u00e9s helyi vezet\u0151jek\u00e9nt r\u00e9szt vett a k\u00f6zs\u00e9g gazdas\u00e1gi \u00e9s kultur\u00e1lis fellend\u00edt\u00e9s\u00e9ben; a Tejsz\u00f6vetkezet eln\u00f6ke \u00e9s a Fogyaszt\u00e1si Sz\u00f6vetkezet alap\u00edt\u00f3ja volt. <br \/><strong>Irod.:<\/strong> Sz\u00e9kelyf\u00f6ld \u00ed- k.<\/br><\/p>\n","protected":false},"excerpt":{"rendered":"<p>K\u00f6vend, 1915., \u2020 ? : unit. lelk\u00e9sz. \u2013 K\u00f6z\u00e9piskol\u00e1it \u00e9s a teol\u00f3gi\u00e1t Kv.-on v\u00e9gezte. Papi p\u00e1lyafut\u00e1s\u00e1t Dics\u0151szentm\u00e1rtonban kezdte, majd Ab\u00e1sfalv\u00e1n folytatta (1940\u2013). A MP tagja, a m. n\u00e9pk\u00f6z\u00f6ss\u00e9g eln\u00f6ke volt, az EGE tagja \u00e9s helyi vezet\u0151jek\u00e9nt r\u00e9szt vett a k\u00f6zs\u00e9g gazdas\u00e1gi \u00e9s kultur\u00e1lis fellend\u00edt\u00e9s\u00e9ben; a Tejsz\u00f6vetkezet eln\u00f6ke \u00e9s a Fogyaszt\u00e1si Sz\u00f6vetkezet alap\u00edt\u00f3ja volt. Irod.: Sz\u00e9kelyf\u00f6ld [&hellip;]<\/p>\n","protected":false},"featured_media":0,"comment_status":"open","ping_status":"closed","template":"","meta":[],"product_brand":[],"product_cat":[137],"product_tag":[],"class_list":{"0":"post-12212","1":"product","2":"type-product","3":"status-publish","5":"product_cat-maros-megyei-eletrajzi-lexikon","7":"first","8":"instock","9":"shipping-taxable","10":"product-type-simple"},"_links":{"self":[{"href":"https:\/\/uj.adatbank.ro\/lexikon\/wp-json\/wp\/v2\/product\/12212","targetHints":{"allow":["GET"]}}],"collection":[{"href":"https:\/\/uj.adatbank.ro\/lexikon\/wp-json\/wp\/v2\/product"}],"about":[{"href":"https:\/\/uj.adatbank.ro\/lexikon\/wp-json\/wp\/v2\/types\/product"}],"replies":[{"embeddable":true,"href":"https:\/\/uj.adatbank.ro\/lexikon\/wp-json\/wp\/v2\/comments?post=12212"}],"wp:attachment":[{"href":"https:\/\/uj.adatbank.ro\/lexikon\/wp-json\/wp\/v2\/media?parent=12212"}],"wp:term":[{"taxonomy":"product_brand","embeddable":true,"href":"https:\/\/uj.adatbank.ro\/lexikon\/wp-json\/wp\/v2\/product_brand?post=12212"},{"taxonomy":"product_cat","embeddable":true,"href":"https:\/\/uj.adatbank.ro\/lexikon\/wp-json\/wp\/v2\/product_cat?post=12212"},{"taxonomy":"product_tag","embeddable":true,"href":"https:\/\/uj.adatbank.ro\/lexikon\/wp-json\/wp\/v2\/product_tag?post=12212"}],"curies":[{"name":"wp","href":"https:\/\/api.w.org\/{rel}","templated":true}]}}