{"id":12213,"date":"2025-06-29T14:19:17","date_gmt":"2025-06-29T12:19:17","guid":{"rendered":"https:\/\/uj.adatbank.ro\/lexikon\/termek\/kiss-zoltan-2\/"},"modified":"2025-06-29T14:19:17","modified_gmt":"2025-06-29T12:19:17","slug":"kiss-zoltan-2","status":"publish","type":"product","link":"https:\/\/uj.adatbank.ro\/lexikon\/termek\/kiss-zoltan-2\/","title":{"rendered":"KISS Zolt\u00e1n"},"content":{"rendered":"<p>Feh\u00e9regyh\u00e1za, 1924. okt. 21. \u2020 ? : tan\u00e1r. \u2013 \u00c9retts\u00e9gizett (1943). A kv.-i egyetemen v\u00e9gzett term\u00e9szetrajz szakot v\u00e9gzett (1946\u201350). Term\u00e9szetrajztan\u00e1r a Bolyai L\u00edc.-ban (1950\u201361), Nagy \u00d6d\u00f6n katedr\u00e1j\u00e1nak \u00f6r\u00f6k\u00f6se, biol\u00f3gi\u00e1t tan\u00edtott, az \u0151 nev\u00e9hez f\u0171z\u0151dik a term\u00e9szetrajz laborat\u00f3rium \u00fajj\u00e1szervez\u00e9se. A MOGYI Gy\u00f3gyszer\u00e9szeti Fizika Tansz\u00e9k munkat\u00e1rsa (1949\u201351). Abban az id\u0151szakban az iskola gy\u0171jtem\u00e9nyei, a h\u00e1bor\u00fa ut\u00e1n megmaradtak, mind a biol\u00f3giai szert\u00e1rban voltak. A k\u00f6vetkez\u0151 \u00e9vekben (1961\u201368) a gy\u0171jtem\u00e9nyek egyr\u00e9sze elt\u0171nt. A Nagy \u00d6d\u00f6n f\u00e9le herb\u00e1rium peregrin\u00e1ci\u00f3ja az iskol\u00e1b\u00f3l az OGYI n\u00f6v\u00e9nyt\u00e1r\u00e1ba, majd onnan vissza az iskol\u00e1ba, s nagy vesztes\u00e9gek ut\u00e1n a Maros Megyei M\u00fazeumba ker\u00fclt. A Koll. 400 \u00e9ves \u00e9vfordul\u00f3 \u00fcnnepi szimpozium\u00e1n \u201eAdatok a Term\u00e9szetrajzi tansz\u00e9k t\u00f6rt\u00e9net\u00e9hez\u201d c\u00edm\u0171 dolgozat\u00e1val az el\u0151ad\u00f3k egyike volt (1957). Cikksorzata volt a Tan\u00fcgyi \u00dajs\u00e1gban. \u00c9ltan\u00e1r c. kapott (1957). <br \/><strong>Irod.:<\/strong> Barab\u00e1s-P\u00e9ter M.\u2013P\u00e9ter H. M.; Er\u0151s v\u00e1runk; Kiss Sz\u00e9kely Zolt\u00e1n: Adal\u00e9kok a mv.-i Ref. Koll. Term\u00e9szetrajzi Katedr\u00e1j\u00e1nak t\u00f6rt\u00e9net\u00e9hez  =  Iskol\u00e1k, iskolamesterek<\/br><\/p>\n","protected":false},"excerpt":{"rendered":"<p>Feh\u00e9regyh\u00e1za, 1924. okt. 21. \u2020 ? : tan\u00e1r. \u2013 \u00c9retts\u00e9gizett (1943). A kv.-i egyetemen v\u00e9gzett term\u00e9szetrajz szakot v\u00e9gzett (1946\u201350). Term\u00e9szetrajztan\u00e1r a Bolyai L\u00edc.-ban (1950\u201361), Nagy \u00d6d\u00f6n katedr\u00e1j\u00e1nak \u00f6r\u00f6k\u00f6se, biol\u00f3gi\u00e1t tan\u00edtott, az \u0151 nev\u00e9hez f\u0171z\u0151dik a term\u00e9szetrajz laborat\u00f3rium \u00fajj\u00e1szervez\u00e9se. A MOGYI Gy\u00f3gyszer\u00e9szeti Fizika Tansz\u00e9k munkat\u00e1rsa (1949\u201351). Abban az id\u0151szakban az iskola gy\u0171jtem\u00e9nyei, a h\u00e1bor\u00fa ut\u00e1n megmaradtak, [&hellip;]<\/p>\n","protected":false},"featured_media":0,"comment_status":"open","ping_status":"closed","template":"","meta":[],"product_brand":[],"product_cat":[137],"product_tag":[],"class_list":{"0":"post-12213","1":"product","2":"type-product","3":"status-publish","5":"product_cat-maros-megyei-eletrajzi-lexikon","7":"first","8":"instock","9":"shipping-taxable","10":"product-type-simple"},"_links":{"self":[{"href":"https:\/\/uj.adatbank.ro\/lexikon\/wp-json\/wp\/v2\/product\/12213","targetHints":{"allow":["GET"]}}],"collection":[{"href":"https:\/\/uj.adatbank.ro\/lexikon\/wp-json\/wp\/v2\/product"}],"about":[{"href":"https:\/\/uj.adatbank.ro\/lexikon\/wp-json\/wp\/v2\/types\/product"}],"replies":[{"embeddable":true,"href":"https:\/\/uj.adatbank.ro\/lexikon\/wp-json\/wp\/v2\/comments?post=12213"}],"wp:attachment":[{"href":"https:\/\/uj.adatbank.ro\/lexikon\/wp-json\/wp\/v2\/media?parent=12213"}],"wp:term":[{"taxonomy":"product_brand","embeddable":true,"href":"https:\/\/uj.adatbank.ro\/lexikon\/wp-json\/wp\/v2\/product_brand?post=12213"},{"taxonomy":"product_cat","embeddable":true,"href":"https:\/\/uj.adatbank.ro\/lexikon\/wp-json\/wp\/v2\/product_cat?post=12213"},{"taxonomy":"product_tag","embeddable":true,"href":"https:\/\/uj.adatbank.ro\/lexikon\/wp-json\/wp\/v2\/product_tag?post=12213"}],"curies":[{"name":"wp","href":"https:\/\/api.w.org\/{rel}","templated":true}]}}