{"id":12215,"date":"2025-06-29T14:19:20","date_gmt":"2025-06-29T12:19:20","guid":{"rendered":"https:\/\/uj.adatbank.ro\/lexikon\/termek\/kiss-zoltan-4\/"},"modified":"2025-06-29T14:19:20","modified_gmt":"2025-06-29T12:19:20","slug":"kiss-zoltan-4","status":"publish","type":"product","link":"https:\/\/uj.adatbank.ro\/lexikon\/termek\/kiss-zoltan-4\/","title":{"rendered":"KISS Zolt\u00e1n"},"content":{"rendered":"<p>Mad\u00e9falva, 1934. \u00e1pr. 2., \u2020 Mv., 1978. nov. 25.: m\u00e9rn\u0151k. &#8211; Feles\u00e9ge: Bajka Edit (Kv., 1939. j\u00fan. 7. \u2013). Gyermekeik: Zolt\u00e1n (Mv., 1960 \u2013), Katalin-Dorottya (1962 \u2013). \u2013 Cs\u00edkszered\u00e1ban \u00e9retts\u00e9gizett (1953), Kv.-on v\u00e9gezte a g\u00e9p\u00e9szm\u00e9rn\u00f6ki egyetemet (1959). \u2013 Mv.-en a B\u00f6rgy\u00e1rban, az Aug. 23. B\u00fatorgy\u00e1rban, a F\u00fcrd\u0151 v\u00e1llalatok igazgat\u00f3ja, a Megyei Tan\u00e1cs aleln\u00f6ke, a K\u00f6z\u00fczemek igazgat\u00f3ja balesetben hunyt el. <br \/><strong>Irod.:<\/strong> inf.; Csekme ref. temet\u0151<\/br><\/p>\n","protected":false},"excerpt":{"rendered":"<p>Mad\u00e9falva, 1934. \u00e1pr. 2., \u2020 Mv., 1978. nov. 25.: m\u00e9rn\u0151k. &#8211; Feles\u00e9ge: Bajka Edit (Kv., 1939. j\u00fan. 7. \u2013). Gyermekeik: Zolt\u00e1n (Mv., 1960 \u2013), Katalin-Dorottya (1962 \u2013). \u2013 Cs\u00edkszered\u00e1ban \u00e9retts\u00e9gizett (1953), Kv.-on v\u00e9gezte a g\u00e9p\u00e9szm\u00e9rn\u00f6ki egyetemet (1959). \u2013 Mv.-en a B\u00f6rgy\u00e1rban, az Aug. 23. B\u00fatorgy\u00e1rban, a F\u00fcrd\u0151 v\u00e1llalatok igazgat\u00f3ja, a Megyei Tan\u00e1cs aleln\u00f6ke, a K\u00f6z\u00fczemek [&hellip;]<\/p>\n","protected":false},"featured_media":0,"comment_status":"open","ping_status":"closed","template":"","meta":[],"product_brand":[],"product_cat":[137],"product_tag":[],"class_list":{"0":"post-12215","1":"product","2":"type-product","3":"status-publish","5":"product_cat-maros-megyei-eletrajzi-lexikon","7":"first","8":"instock","9":"shipping-taxable","10":"product-type-simple"},"_links":{"self":[{"href":"https:\/\/uj.adatbank.ro\/lexikon\/wp-json\/wp\/v2\/product\/12215","targetHints":{"allow":["GET"]}}],"collection":[{"href":"https:\/\/uj.adatbank.ro\/lexikon\/wp-json\/wp\/v2\/product"}],"about":[{"href":"https:\/\/uj.adatbank.ro\/lexikon\/wp-json\/wp\/v2\/types\/product"}],"replies":[{"embeddable":true,"href":"https:\/\/uj.adatbank.ro\/lexikon\/wp-json\/wp\/v2\/comments?post=12215"}],"wp:attachment":[{"href":"https:\/\/uj.adatbank.ro\/lexikon\/wp-json\/wp\/v2\/media?parent=12215"}],"wp:term":[{"taxonomy":"product_brand","embeddable":true,"href":"https:\/\/uj.adatbank.ro\/lexikon\/wp-json\/wp\/v2\/product_brand?post=12215"},{"taxonomy":"product_cat","embeddable":true,"href":"https:\/\/uj.adatbank.ro\/lexikon\/wp-json\/wp\/v2\/product_cat?post=12215"},{"taxonomy":"product_tag","embeddable":true,"href":"https:\/\/uj.adatbank.ro\/lexikon\/wp-json\/wp\/v2\/product_tag?post=12215"}],"curies":[{"name":"wp","href":"https:\/\/api.w.org\/{rel}","templated":true}]}}