{"id":12216,"date":"2025-06-29T14:19:22","date_gmt":"2025-06-29T12:19:22","guid":{"rendered":"https:\/\/uj.adatbank.ro\/lexikon\/termek\/kiss-zoltan-5\/"},"modified":"2025-06-29T14:19:22","modified_gmt":"2025-06-29T12:19:22","slug":"kiss-zoltan-5","status":"publish","type":"product","link":"https:\/\/uj.adatbank.ro\/lexikon\/termek\/kiss-zoltan-5\/","title":{"rendered":"KISS Zolt\u00e1n"},"content":{"rendered":"<p>? \u2020 Mv., 1990. m\u00e1rc. 20.: ?. \u2013 Az 1990-es m\u00e1rciusi esem\u00e9nyek teremi\u00fajfalusi \u00e1ldozata. Mv.-en az ortodox templom mellett g\u00e1zolta hal\u00e1lra a t\u00f6megbe belehajt\u00f3 teheraut\u00f3. fej\u00e9n \u00fct\u00e9s, test\u00e9n b\u00e1ntalmaz\u00e1s, sz\u00far\u00e1sok nyoma volt l\u00e1that\u00f3, a halotti bizony\u00edtv\u00e1nyt m\u00e1rc 21. \u2013i keltez\u00e9ssel \u00e1ll\u00edtott\u00e1k ki. <br \/><strong>Irod.:<\/strong> N\u00fa (2000. m\u00e1rc. 18)<\/br><\/p>\n","protected":false},"excerpt":{"rendered":"<p>? \u2020 Mv., 1990. m\u00e1rc. 20.: ?. \u2013 Az 1990-es m\u00e1rciusi esem\u00e9nyek teremi\u00fajfalusi \u00e1ldozata. Mv.-en az ortodox templom mellett g\u00e1zolta hal\u00e1lra a t\u00f6megbe belehajt\u00f3 teheraut\u00f3. fej\u00e9n \u00fct\u00e9s, test\u00e9n b\u00e1ntalmaz\u00e1s, sz\u00far\u00e1sok nyoma volt l\u00e1that\u00f3, a halotti bizony\u00edtv\u00e1nyt m\u00e1rc 21. \u2013i keltez\u00e9ssel \u00e1ll\u00edtott\u00e1k ki. Irod.: N\u00fa (2000. m\u00e1rc. 18)<\/p>\n","protected":false},"featured_media":0,"comment_status":"open","ping_status":"closed","template":"","meta":[],"product_brand":[],"product_cat":[137],"product_tag":[],"class_list":{"0":"post-12216","1":"product","2":"type-product","3":"status-publish","5":"product_cat-maros-megyei-eletrajzi-lexikon","7":"first","8":"instock","9":"shipping-taxable","10":"product-type-simple"},"_links":{"self":[{"href":"https:\/\/uj.adatbank.ro\/lexikon\/wp-json\/wp\/v2\/product\/12216","targetHints":{"allow":["GET"]}}],"collection":[{"href":"https:\/\/uj.adatbank.ro\/lexikon\/wp-json\/wp\/v2\/product"}],"about":[{"href":"https:\/\/uj.adatbank.ro\/lexikon\/wp-json\/wp\/v2\/types\/product"}],"replies":[{"embeddable":true,"href":"https:\/\/uj.adatbank.ro\/lexikon\/wp-json\/wp\/v2\/comments?post=12216"}],"wp:attachment":[{"href":"https:\/\/uj.adatbank.ro\/lexikon\/wp-json\/wp\/v2\/media?parent=12216"}],"wp:term":[{"taxonomy":"product_brand","embeddable":true,"href":"https:\/\/uj.adatbank.ro\/lexikon\/wp-json\/wp\/v2\/product_brand?post=12216"},{"taxonomy":"product_cat","embeddable":true,"href":"https:\/\/uj.adatbank.ro\/lexikon\/wp-json\/wp\/v2\/product_cat?post=12216"},{"taxonomy":"product_tag","embeddable":true,"href":"https:\/\/uj.adatbank.ro\/lexikon\/wp-json\/wp\/v2\/product_tag?post=12216"}],"curies":[{"name":"wp","href":"https:\/\/api.w.org\/{rel}","templated":true}]}}