{"id":12217,"date":"2025-06-29T14:19:23","date_gmt":"2025-06-29T12:19:23","guid":{"rendered":"https:\/\/uj.adatbank.ro\/lexikon\/termek\/kiss-zoltan-%c2%a7\/"},"modified":"2025-06-29T14:19:23","modified_gmt":"2025-06-29T12:19:23","slug":"kiss-zoltan-%c2%a7","status":"publish","type":"product","link":"https:\/\/uj.adatbank.ro\/lexikon\/termek\/kiss-zoltan-%c2%a7\/","title":{"rendered":"KISS Zolt\u00e1n, \u00a7"},"content":{"rendered":"<p>Nagy\u00f6lyves, 1893., \u2020 ?: jegyz\u0151. \u2013 Mv.-en c\u00e9gjegyz\u0151. R\u00e9szt vett az I. vh.-ban (1914\u201319), az orosz, rom\u00e1n \u00e9s az ukr\u00e1n fronton k\u00fczd\u00f6tt, s\u00falyos l\u00e9gnyom\u00e1st szenvedett. F\u0151hadnagyi rangban szerelt le kit\u00fcntet\u00e9sekkel. <br \/><strong>Irod.:<\/strong> Erd\u00e9lyi ezredek<\/br><\/p>\n","protected":false},"excerpt":{"rendered":"<p>Nagy\u00f6lyves, 1893., \u2020 ?: jegyz\u0151. \u2013 Mv.-en c\u00e9gjegyz\u0151. R\u00e9szt vett az I. vh.-ban (1914\u201319), az orosz, rom\u00e1n \u00e9s az ukr\u00e1n fronton k\u00fczd\u00f6tt, s\u00falyos l\u00e9gnyom\u00e1st szenvedett. F\u0151hadnagyi rangban szerelt le kit\u00fcntet\u00e9sekkel. Irod.: Erd\u00e9lyi ezredek<\/p>\n","protected":false},"featured_media":0,"comment_status":"open","ping_status":"closed","template":"","meta":[],"product_brand":[],"product_cat":[137],"product_tag":[],"class_list":{"0":"post-12217","1":"product","2":"type-product","3":"status-publish","5":"product_cat-maros-megyei-eletrajzi-lexikon","7":"first","8":"instock","9":"shipping-taxable","10":"product-type-simple"},"_links":{"self":[{"href":"https:\/\/uj.adatbank.ro\/lexikon\/wp-json\/wp\/v2\/product\/12217","targetHints":{"allow":["GET"]}}],"collection":[{"href":"https:\/\/uj.adatbank.ro\/lexikon\/wp-json\/wp\/v2\/product"}],"about":[{"href":"https:\/\/uj.adatbank.ro\/lexikon\/wp-json\/wp\/v2\/types\/product"}],"replies":[{"embeddable":true,"href":"https:\/\/uj.adatbank.ro\/lexikon\/wp-json\/wp\/v2\/comments?post=12217"}],"wp:attachment":[{"href":"https:\/\/uj.adatbank.ro\/lexikon\/wp-json\/wp\/v2\/media?parent=12217"}],"wp:term":[{"taxonomy":"product_brand","embeddable":true,"href":"https:\/\/uj.adatbank.ro\/lexikon\/wp-json\/wp\/v2\/product_brand?post=12217"},{"taxonomy":"product_cat","embeddable":true,"href":"https:\/\/uj.adatbank.ro\/lexikon\/wp-json\/wp\/v2\/product_cat?post=12217"},{"taxonomy":"product_tag","embeddable":true,"href":"https:\/\/uj.adatbank.ro\/lexikon\/wp-json\/wp\/v2\/product_tag?post=12217"}],"curies":[{"name":"wp","href":"https:\/\/api.w.org\/{rel}","templated":true}]}}