{"id":12220,"date":"2025-06-29T14:19:31","date_gmt":"2025-06-29T12:19:31","guid":{"rendered":"https:\/\/uj.adatbank.ro\/lexikon\/termek\/kiss-zsuzsa\/"},"modified":"2025-06-29T14:19:31","modified_gmt":"2025-06-29T12:19:31","slug":"kiss-zsuzsa","status":"publish","type":"product","link":"https:\/\/uj.adatbank.ro\/lexikon\/termek\/kiss-zsuzsa\/","title":{"rendered":"KISS Zsuzsa"},"content":{"rendered":"<p>?\u2020 1993.? Hamvait a mv.-i ref. temet\u0151be helyezt\u00e9k (1993. \u00e1pr. 30.): szerkeszt\u0151. \u2013 A buk.-i Rom\u00e1niai Magyar Sz\u00f3 szerk. <br \/><strong>Irod.:<\/strong> [Nekrol\u00f3g] (N\u00fa., 1993. \u00e1pr. 29.)<\/br><\/p>\n","protected":false},"excerpt":{"rendered":"<p>?\u2020 1993.? Hamvait a mv.-i ref. temet\u0151be helyezt\u00e9k (1993. \u00e1pr. 30.): szerkeszt\u0151. \u2013 A buk.-i Rom\u00e1niai Magyar Sz\u00f3 szerk. Irod.: [Nekrol\u00f3g] (N\u00fa., 1993. \u00e1pr. 29.)<\/p>\n","protected":false},"featured_media":0,"comment_status":"open","ping_status":"closed","template":"","meta":[],"product_brand":[],"product_cat":[137],"product_tag":[],"class_list":{"0":"post-12220","1":"product","2":"type-product","3":"status-publish","5":"product_cat-maros-megyei-eletrajzi-lexikon","7":"first","8":"instock","9":"shipping-taxable","10":"product-type-simple"},"_links":{"self":[{"href":"https:\/\/uj.adatbank.ro\/lexikon\/wp-json\/wp\/v2\/product\/12220","targetHints":{"allow":["GET"]}}],"collection":[{"href":"https:\/\/uj.adatbank.ro\/lexikon\/wp-json\/wp\/v2\/product"}],"about":[{"href":"https:\/\/uj.adatbank.ro\/lexikon\/wp-json\/wp\/v2\/types\/product"}],"replies":[{"embeddable":true,"href":"https:\/\/uj.adatbank.ro\/lexikon\/wp-json\/wp\/v2\/comments?post=12220"}],"wp:attachment":[{"href":"https:\/\/uj.adatbank.ro\/lexikon\/wp-json\/wp\/v2\/media?parent=12220"}],"wp:term":[{"taxonomy":"product_brand","embeddable":true,"href":"https:\/\/uj.adatbank.ro\/lexikon\/wp-json\/wp\/v2\/product_brand?post=12220"},{"taxonomy":"product_cat","embeddable":true,"href":"https:\/\/uj.adatbank.ro\/lexikon\/wp-json\/wp\/v2\/product_cat?post=12220"},{"taxonomy":"product_tag","embeddable":true,"href":"https:\/\/uj.adatbank.ro\/lexikon\/wp-json\/wp\/v2\/product_tag?post=12220"}],"curies":[{"name":"wp","href":"https:\/\/api.w.org\/{rel}","templated":true}]}}