{"id":12229,"date":"2025-06-29T14:19:47","date_gmt":"2025-06-29T12:19:47","guid":{"rendered":"https:\/\/uj.adatbank.ro\/lexikon\/termek\/klang-jean-m\/"},"modified":"2025-06-29T14:19:47","modified_gmt":"2025-06-29T12:19:47","slug":"klang-jean-m","status":"publish","type":"product","link":"https:\/\/uj.adatbank.ro\/lexikon\/termek\/klang-jean-m\/","title":{"rendered":"KLANG, Jean M."},"content":{"rendered":"<p>Foc\u015fani, 1901., \u2020 ?: ny\u00e1r\u00e1dszeredai vezet\u0151j\u00e1r\u00e1sb\u00edr\u00f3. <br \/><strong>Irod.:<\/strong> Ki kicsoda ?<\/br><\/p>\n","protected":false},"excerpt":{"rendered":"<p>Foc\u015fani, 1901., \u2020 ?: ny\u00e1r\u00e1dszeredai vezet\u0151j\u00e1r\u00e1sb\u00edr\u00f3. Irod.: Ki kicsoda ?<\/p>\n","protected":false},"featured_media":0,"comment_status":"open","ping_status":"closed","template":"","meta":[],"product_brand":[],"product_cat":[137],"product_tag":[],"class_list":{"0":"post-12229","1":"product","2":"type-product","3":"status-publish","5":"product_cat-maros-megyei-eletrajzi-lexikon","7":"first","8":"instock","9":"shipping-taxable","10":"product-type-simple"},"_links":{"self":[{"href":"https:\/\/uj.adatbank.ro\/lexikon\/wp-json\/wp\/v2\/product\/12229","targetHints":{"allow":["GET"]}}],"collection":[{"href":"https:\/\/uj.adatbank.ro\/lexikon\/wp-json\/wp\/v2\/product"}],"about":[{"href":"https:\/\/uj.adatbank.ro\/lexikon\/wp-json\/wp\/v2\/types\/product"}],"replies":[{"embeddable":true,"href":"https:\/\/uj.adatbank.ro\/lexikon\/wp-json\/wp\/v2\/comments?post=12229"}],"wp:attachment":[{"href":"https:\/\/uj.adatbank.ro\/lexikon\/wp-json\/wp\/v2\/media?parent=12229"}],"wp:term":[{"taxonomy":"product_brand","embeddable":true,"href":"https:\/\/uj.adatbank.ro\/lexikon\/wp-json\/wp\/v2\/product_brand?post=12229"},{"taxonomy":"product_cat","embeddable":true,"href":"https:\/\/uj.adatbank.ro\/lexikon\/wp-json\/wp\/v2\/product_cat?post=12229"},{"taxonomy":"product_tag","embeddable":true,"href":"https:\/\/uj.adatbank.ro\/lexikon\/wp-json\/wp\/v2\/product_tag?post=12229"}],"curies":[{"name":"wp","href":"https:\/\/api.w.org\/{rel}","templated":true}]}}