{"id":12232,"date":"2025-06-29T14:19:54","date_gmt":"2025-06-29T12:19:54","guid":{"rendered":"https:\/\/uj.adatbank.ro\/lexikon\/termek\/klasz-viktor\/"},"modified":"2025-06-29T14:19:54","modified_gmt":"2025-06-29T12:19:54","slug":"klasz-viktor","status":"publish","type":"product","link":"https:\/\/uj.adatbank.ro\/lexikon\/termek\/klasz-viktor\/","title":{"rendered":"KLASZ Viktor"},"content":{"rendered":"<p>Mv., 1924. nov. 10., \u2020 Nagysik\u00e1rl\u00f3, 1944. okt. 20.: honv\u00e9d. \u2013 Anyja Kohosz Zelma. \u2013 A 70 \/1 z\u00e1szl\u00f3alj honv\u00e9dje. T\u00fcd\u0151l\u00f6v\u00e9s \u00e9rte. <br \/><strong>Irod.:<\/strong> Berekm\u00e9ri 2015<\/br><\/p>\n","protected":false},"excerpt":{"rendered":"<p>Mv., 1924. nov. 10., \u2020 Nagysik\u00e1rl\u00f3, 1944. okt. 20.: honv\u00e9d. \u2013 Anyja Kohosz Zelma. \u2013 A 70 \/1 z\u00e1szl\u00f3alj honv\u00e9dje. T\u00fcd\u0151l\u00f6v\u00e9s \u00e9rte. Irod.: Berekm\u00e9ri 2015<\/p>\n","protected":false},"featured_media":0,"comment_status":"open","ping_status":"closed","template":"","meta":[],"product_brand":[],"product_cat":[137],"product_tag":[],"class_list":{"0":"post-12232","1":"product","2":"type-product","3":"status-publish","5":"product_cat-maros-megyei-eletrajzi-lexikon","7":"first","8":"instock","9":"shipping-taxable","10":"product-type-simple"},"_links":{"self":[{"href":"https:\/\/uj.adatbank.ro\/lexikon\/wp-json\/wp\/v2\/product\/12232","targetHints":{"allow":["GET"]}}],"collection":[{"href":"https:\/\/uj.adatbank.ro\/lexikon\/wp-json\/wp\/v2\/product"}],"about":[{"href":"https:\/\/uj.adatbank.ro\/lexikon\/wp-json\/wp\/v2\/types\/product"}],"replies":[{"embeddable":true,"href":"https:\/\/uj.adatbank.ro\/lexikon\/wp-json\/wp\/v2\/comments?post=12232"}],"wp:attachment":[{"href":"https:\/\/uj.adatbank.ro\/lexikon\/wp-json\/wp\/v2\/media?parent=12232"}],"wp:term":[{"taxonomy":"product_brand","embeddable":true,"href":"https:\/\/uj.adatbank.ro\/lexikon\/wp-json\/wp\/v2\/product_brand?post=12232"},{"taxonomy":"product_cat","embeddable":true,"href":"https:\/\/uj.adatbank.ro\/lexikon\/wp-json\/wp\/v2\/product_cat?post=12232"},{"taxonomy":"product_tag","embeddable":true,"href":"https:\/\/uj.adatbank.ro\/lexikon\/wp-json\/wp\/v2\/product_tag?post=12232"}],"curies":[{"name":"wp","href":"https:\/\/api.w.org\/{rel}","templated":true}]}}