{"id":12233,"date":"2025-06-29T14:19:55","date_gmt":"2025-06-29T12:19:55","guid":{"rendered":"https:\/\/uj.adatbank.ro\/lexikon\/termek\/klauschek-arpad\/"},"modified":"2025-06-29T14:19:55","modified_gmt":"2025-06-29T12:19:55","slug":"klauschek-arpad","status":"publish","type":"product","link":"https:\/\/uj.adatbank.ro\/lexikon\/termek\/klauschek-arpad\/","title":{"rendered":"KLAUSCHEK \u00c1rp\u00e1d"},"content":{"rendered":"<p>? \u2020 ?: \u00e9p\u00edt\u00e9sz. \u2013 Mv. csatornah\u00e1l\u00f3zata \u00e9p\u00fcleteinek f\u00f6ldszinti r\u00e9sz\u00e9t tervezte Rad\u00f3 S\u00e1ndorral k\u00f6z\u00f6sen (1907\u201311). <br \/><strong>Irod.:<\/strong> Forb\u00e1th Imre : Mv. csatorn\u00e1z\u00e1sa (Bp., 1913); Kelemen \u00c1rp\u00e1d: A csatorn\u00e1z\u00e1si munk\u00e1latok m\u00e1rv\u00e1nyt\u00e1bl\u00e1i (N\u00fa. \u00e9vk., 2009)<\/br><\/p>\n","protected":false},"excerpt":{"rendered":"<p>? \u2020 ?: \u00e9p\u00edt\u00e9sz. \u2013 Mv. csatornah\u00e1l\u00f3zata \u00e9p\u00fcleteinek f\u00f6ldszinti r\u00e9sz\u00e9t tervezte Rad\u00f3 S\u00e1ndorral k\u00f6z\u00f6sen (1907\u201311). Irod.: Forb\u00e1th Imre : Mv. csatorn\u00e1z\u00e1sa (Bp., 1913); Kelemen \u00c1rp\u00e1d: A csatorn\u00e1z\u00e1si munk\u00e1latok m\u00e1rv\u00e1nyt\u00e1bl\u00e1i (N\u00fa. \u00e9vk., 2009)<\/p>\n","protected":false},"featured_media":0,"comment_status":"open","ping_status":"closed","template":"","meta":[],"product_brand":[],"product_cat":[137],"product_tag":[],"class_list":{"0":"post-12233","1":"product","2":"type-product","3":"status-publish","5":"product_cat-maros-megyei-eletrajzi-lexikon","7":"first","8":"instock","9":"shipping-taxable","10":"product-type-simple"},"_links":{"self":[{"href":"https:\/\/uj.adatbank.ro\/lexikon\/wp-json\/wp\/v2\/product\/12233","targetHints":{"allow":["GET"]}}],"collection":[{"href":"https:\/\/uj.adatbank.ro\/lexikon\/wp-json\/wp\/v2\/product"}],"about":[{"href":"https:\/\/uj.adatbank.ro\/lexikon\/wp-json\/wp\/v2\/types\/product"}],"replies":[{"embeddable":true,"href":"https:\/\/uj.adatbank.ro\/lexikon\/wp-json\/wp\/v2\/comments?post=12233"}],"wp:attachment":[{"href":"https:\/\/uj.adatbank.ro\/lexikon\/wp-json\/wp\/v2\/media?parent=12233"}],"wp:term":[{"taxonomy":"product_brand","embeddable":true,"href":"https:\/\/uj.adatbank.ro\/lexikon\/wp-json\/wp\/v2\/product_brand?post=12233"},{"taxonomy":"product_cat","embeddable":true,"href":"https:\/\/uj.adatbank.ro\/lexikon\/wp-json\/wp\/v2\/product_cat?post=12233"},{"taxonomy":"product_tag","embeddable":true,"href":"https:\/\/uj.adatbank.ro\/lexikon\/wp-json\/wp\/v2\/product_tag?post=12233"}],"curies":[{"name":"wp","href":"https:\/\/api.w.org\/{rel}","templated":true}]}}