{"id":12235,"date":"2025-06-29T14:20:00","date_gmt":"2025-06-29T12:20:00","guid":{"rendered":"https:\/\/uj.adatbank.ro\/lexikon\/termek\/kleh-elisabet-bernadygyorgyne\/"},"modified":"2025-06-29T14:20:00","modified_gmt":"2025-06-29T12:20:00","slug":"kleh-elisabet-bernadygyorgyne","status":"publish","type":"product","link":"https:\/\/uj.adatbank.ro\/lexikon\/termek\/kleh-elisabet-bernadygyorgyne\/","title":{"rendered":"KL\u00c9H, Elisabet; Bern\u00e1dyGy\u00f6rgyn\u00e9"},"content":{"rendered":"<p>? \u2020 ?: Bern\u00e1dy Gy\u00f6rgy feles\u00e9ge. \u2013 Heltai Ferenc bp.-i f\u0151polg\u00e1rmester \u00f6zvegye. Esk\u00fcv\u0151 ( Bp., 1915. \u00e1pr. 21). <br \/><strong>Irod.:<\/strong> Id\u0151t\u00e1r 2<\/br><\/p>\n","protected":false},"excerpt":{"rendered":"<p>? \u2020 ?: Bern\u00e1dy Gy\u00f6rgy feles\u00e9ge. \u2013 Heltai Ferenc bp.-i f\u0151polg\u00e1rmester \u00f6zvegye. Esk\u00fcv\u0151 ( Bp., 1915. \u00e1pr. 21). Irod.: Id\u0151t\u00e1r 2<\/p>\n","protected":false},"featured_media":0,"comment_status":"open","ping_status":"closed","template":"","meta":[],"product_brand":[],"product_cat":[137],"product_tag":[],"class_list":{"0":"post-12235","1":"product","2":"type-product","3":"status-publish","5":"product_cat-maros-megyei-eletrajzi-lexikon","7":"first","8":"instock","9":"shipping-taxable","10":"product-type-simple"},"_links":{"self":[{"href":"https:\/\/uj.adatbank.ro\/lexikon\/wp-json\/wp\/v2\/product\/12235","targetHints":{"allow":["GET"]}}],"collection":[{"href":"https:\/\/uj.adatbank.ro\/lexikon\/wp-json\/wp\/v2\/product"}],"about":[{"href":"https:\/\/uj.adatbank.ro\/lexikon\/wp-json\/wp\/v2\/types\/product"}],"replies":[{"embeddable":true,"href":"https:\/\/uj.adatbank.ro\/lexikon\/wp-json\/wp\/v2\/comments?post=12235"}],"wp:attachment":[{"href":"https:\/\/uj.adatbank.ro\/lexikon\/wp-json\/wp\/v2\/media?parent=12235"}],"wp:term":[{"taxonomy":"product_brand","embeddable":true,"href":"https:\/\/uj.adatbank.ro\/lexikon\/wp-json\/wp\/v2\/product_brand?post=12235"},{"taxonomy":"product_cat","embeddable":true,"href":"https:\/\/uj.adatbank.ro\/lexikon\/wp-json\/wp\/v2\/product_cat?post=12235"},{"taxonomy":"product_tag","embeddable":true,"href":"https:\/\/uj.adatbank.ro\/lexikon\/wp-json\/wp\/v2\/product_tag?post=12235"}],"curies":[{"name":"wp","href":"https:\/\/api.w.org\/{rel}","templated":true}]}}