{"id":12237,"date":"2025-06-29T14:20:04","date_gmt":"2025-06-29T12:20:04","guid":{"rendered":"https:\/\/uj.adatbank.ro\/lexikon\/termek\/klein-albert\/"},"modified":"2025-06-29T14:20:04","modified_gmt":"2025-06-29T12:20:04","slug":"klein-albert","status":"publish","type":"product","link":"https:\/\/uj.adatbank.ro\/lexikon\/termek\/klein-albert\/","title":{"rendered":"KLEIN Albert"},"content":{"rendered":"<p>Segesv\u00e1r, 1910. m\u00e1rc. 16., \u2020 Nagyszeben, 1990. febr. 8.: tan\u00e1r, ev. lelk\u00e9sz, p\u00fcsp\u00f6k. \u2013 A kv.-i egyetemen tanult fizika \u00e9s k\u00e9mia szakon, Marburgban, T\u00fcbingenben \u00e9s Berlinben v\u00e9gzett ev. teol\u00f3gi\u00e1t (1937\u201344). Tan\u00e1r a segesv\u00e1ri, sz\u00e1szsebesi (1937\u201339), nagyszebeni (1939\u201345) pedag\u00f3giai iskol\u00e1kban; oroszorsz\u00e1gi munkaszolg\u00e1lat ut\u00e1n pap Dobark\u00e1n (1946\u201353), Kisp\u00e9terfalv\u00e1n (1953\u201358), pl\u00e9b\u00e1nos Sz\u00e1szsebesen (1958\u201368), majd Brass\u00f3ban (1968\u201369); lelk\u00e9sz Sz\u00e1szd\u00e1ny\u00e1n (1969\u201390), ev. p\u00fcsp\u00f6kk\u00e9 v\u00e1lasztott\u00e1k (1969. \u00e1pr. 15. &#8211; 90). Kivezette a rom\u00e1niai ev. egyh\u00e1zat az elszigetelts\u00e9gb\u0151l az\u00e1ltal, hogy r\u00e9szt vett az egyh\u00e1zi vil\u00e1gegyes\u00fcletek tev\u00e9kenys\u00e9g\u00e9ben. \u2013 <strong>F. m.:<\/strong> antolog.: Auslanddeutschtum und evang. Kirche (M\u00fcnchen, 1939); Studien zur Siebenb\u00fcrgischen Kunstgeschichte (Buk, 1976); Grenz\u00fcberschreitende Diakonie (Stuttgart, 1984). <br \/><strong>Irod.:<\/strong> Apold; Jud. Alba; LSS; Transilvania<\/br><\/p>\n","protected":false},"excerpt":{"rendered":"<p>Segesv\u00e1r, 1910. m\u00e1rc. 16., \u2020 Nagyszeben, 1990. febr. 8.: tan\u00e1r, ev. lelk\u00e9sz, p\u00fcsp\u00f6k. \u2013 A kv.-i egyetemen tanult fizika \u00e9s k\u00e9mia szakon, Marburgban, T\u00fcbingenben \u00e9s Berlinben v\u00e9gzett ev. teol\u00f3gi\u00e1t (1937\u201344). Tan\u00e1r a segesv\u00e1ri, sz\u00e1szsebesi (1937\u201339), nagyszebeni (1939\u201345) pedag\u00f3giai iskol\u00e1kban; oroszorsz\u00e1gi munkaszolg\u00e1lat ut\u00e1n pap Dobark\u00e1n (1946\u201353), Kisp\u00e9terfalv\u00e1n (1953\u201358), pl\u00e9b\u00e1nos Sz\u00e1szsebesen (1958\u201368), majd Brass\u00f3ban (1968\u201369); lelk\u00e9sz Sz\u00e1szd\u00e1ny\u00e1n [&hellip;]<\/p>\n","protected":false},"featured_media":0,"comment_status":"open","ping_status":"closed","template":"","meta":[],"product_brand":[],"product_cat":[137],"product_tag":[],"class_list":{"0":"post-12237","1":"product","2":"type-product","3":"status-publish","5":"product_cat-maros-megyei-eletrajzi-lexikon","7":"first","8":"instock","9":"shipping-taxable","10":"product-type-simple"},"_links":{"self":[{"href":"https:\/\/uj.adatbank.ro\/lexikon\/wp-json\/wp\/v2\/product\/12237","targetHints":{"allow":["GET"]}}],"collection":[{"href":"https:\/\/uj.adatbank.ro\/lexikon\/wp-json\/wp\/v2\/product"}],"about":[{"href":"https:\/\/uj.adatbank.ro\/lexikon\/wp-json\/wp\/v2\/types\/product"}],"replies":[{"embeddable":true,"href":"https:\/\/uj.adatbank.ro\/lexikon\/wp-json\/wp\/v2\/comments?post=12237"}],"wp:attachment":[{"href":"https:\/\/uj.adatbank.ro\/lexikon\/wp-json\/wp\/v2\/media?parent=12237"}],"wp:term":[{"taxonomy":"product_brand","embeddable":true,"href":"https:\/\/uj.adatbank.ro\/lexikon\/wp-json\/wp\/v2\/product_brand?post=12237"},{"taxonomy":"product_cat","embeddable":true,"href":"https:\/\/uj.adatbank.ro\/lexikon\/wp-json\/wp\/v2\/product_cat?post=12237"},{"taxonomy":"product_tag","embeddable":true,"href":"https:\/\/uj.adatbank.ro\/lexikon\/wp-json\/wp\/v2\/product_tag?post=12237"}],"curies":[{"name":"wp","href":"https:\/\/api.w.org\/{rel}","templated":true}]}}