{"id":12238,"date":"2025-06-29T14:20:05","date_gmt":"2025-06-29T12:20:05","guid":{"rendered":"https:\/\/uj.adatbank.ro\/lexikon\/termek\/klein-albertne\/"},"modified":"2025-06-29T14:20:05","modified_gmt":"2025-06-29T12:20:05","slug":"klein-albertne","status":"publish","type":"product","link":"https:\/\/uj.adatbank.ro\/lexikon\/termek\/klein-albertne\/","title":{"rendered":"KLEIN Albertn\u00e9"},"content":{"rendered":"<p>? \u2020 ?: villatulajdonos Szov\u00e1t\u00e1n. \u2013 F\u00e9rje ev. teol\u00f3giai tan\u00e1r volt. \u2013 Szov\u00e1t\u00e1n a gr. Desseffy csal\u00e1d kast\u00e9ly\u00e1nak b\u00e9rl\u0151je, melyben 25 szoba volt, di\u00e9t\u00e1s konyh\u00e1t vezetett. A panzi\u00f3 Klein villa n\u00e9ven volt k\u00f6zismert a m\u00faltban \u00e9s ma is. <br \/><strong>Irod.:<\/strong> Sz\u00e9kelyf\u00f6ld \u00ed. k.; Sovata; Szov\u00e1ta<\/br><\/p>\n","protected":false},"excerpt":{"rendered":"<p>? \u2020 ?: villatulajdonos Szov\u00e1t\u00e1n. \u2013 F\u00e9rje ev. teol\u00f3giai tan\u00e1r volt. \u2013 Szov\u00e1t\u00e1n a gr. Desseffy csal\u00e1d kast\u00e9ly\u00e1nak b\u00e9rl\u0151je, melyben 25 szoba volt, di\u00e9t\u00e1s konyh\u00e1t vezetett. A panzi\u00f3 Klein villa n\u00e9ven volt k\u00f6zismert a m\u00faltban \u00e9s ma is. Irod.: Sz\u00e9kelyf\u00f6ld \u00ed. k.; Sovata; Szov\u00e1ta<\/p>\n","protected":false},"featured_media":0,"comment_status":"open","ping_status":"closed","template":"","meta":[],"product_brand":[],"product_cat":[137],"product_tag":[],"class_list":{"0":"post-12238","1":"product","2":"type-product","3":"status-publish","5":"product_cat-maros-megyei-eletrajzi-lexikon","7":"first","8":"instock","9":"shipping-taxable","10":"product-type-simple"},"_links":{"self":[{"href":"https:\/\/uj.adatbank.ro\/lexikon\/wp-json\/wp\/v2\/product\/12238","targetHints":{"allow":["GET"]}}],"collection":[{"href":"https:\/\/uj.adatbank.ro\/lexikon\/wp-json\/wp\/v2\/product"}],"about":[{"href":"https:\/\/uj.adatbank.ro\/lexikon\/wp-json\/wp\/v2\/types\/product"}],"replies":[{"embeddable":true,"href":"https:\/\/uj.adatbank.ro\/lexikon\/wp-json\/wp\/v2\/comments?post=12238"}],"wp:attachment":[{"href":"https:\/\/uj.adatbank.ro\/lexikon\/wp-json\/wp\/v2\/media?parent=12238"}],"wp:term":[{"taxonomy":"product_brand","embeddable":true,"href":"https:\/\/uj.adatbank.ro\/lexikon\/wp-json\/wp\/v2\/product_brand?post=12238"},{"taxonomy":"product_cat","embeddable":true,"href":"https:\/\/uj.adatbank.ro\/lexikon\/wp-json\/wp\/v2\/product_cat?post=12238"},{"taxonomy":"product_tag","embeddable":true,"href":"https:\/\/uj.adatbank.ro\/lexikon\/wp-json\/wp\/v2\/product_tag?post=12238"}],"curies":[{"name":"wp","href":"https:\/\/api.w.org\/{rel}","templated":true}]}}