{"id":12240,"date":"2025-06-29T14:20:10","date_gmt":"2025-06-29T12:20:10","guid":{"rendered":"https:\/\/uj.adatbank.ro\/lexikon\/termek\/klein-dezso\/"},"modified":"2025-06-29T14:20:10","modified_gmt":"2025-06-29T12:20:10","slug":"klein-dezso","status":"publish","type":"product","link":"https:\/\/uj.adatbank.ro\/lexikon\/termek\/klein-dezso\/","title":{"rendered":"KLEIN Dezs\u0151"},"content":{"rendered":"<p>Ny\u00e1r\u00e1dt\u0151, 1902. m\u00e1j. 25. \u2020 ?: egyetemi el\u0151ad\u00f3tan\u00e1r. \u2013 K\u00f6z\u00e9piskolai tanulm\u00e1nyait Temesv\u00e1ron v\u00e9gezte (1921). Orvosi oklevelet a kv.-i I. Ferdin\u00e1nd Kir\u00e1ly TE szerzett (1927. m\u00e1j. 27.), dr. \u00e9s ugyan ott kapott fogorvosi k\u00e9pz\u00e9st is (1930). Mv.-r\u0151l deport\u00e1lt\u00e1k feles\u00e9g\u00e9vel (1911\u2013) egy\u00fctt (1944. m\u00e1j. 29.). Fogorvos Kv.-on, kinevezt\u00e9k a Bolyai TE Mv.-i Orvosi kar\u00e1nak Fog\u00e1szati Klinik\u00e1j\u00e1ra (1945. dec. 15. \u2013), a mv.-i Sz\u00e1jseb\u00e9szeteti Oszt\u00e1ly, majd a Fog\u00e1szati Klinika vezet\u0151je (1948\u201352). Megsz\u00fcntett\u00e9k a Fogorvostudom\u00e1nyi Kart (1951\u201352-es tan\u00e9vben) \u00e9s \u00e1thelyezt\u00e9k Brass\u00f3ba. \u2013 <strong>F. m.:<\/strong> Odontog\u00e9n g\u00f3cfert\u0151z\u00e9s (Buk., 1952). <br \/><strong>Irod.:<\/strong> Genersich; Mv. Zsid\u00f3s\u00e1ga; P\u00e9ter Mih\u00e1ly 2006<\/br><\/p>\n","protected":false},"excerpt":{"rendered":"<p>Ny\u00e1r\u00e1dt\u0151, 1902. m\u00e1j. 25. \u2020 ?: egyetemi el\u0151ad\u00f3tan\u00e1r. \u2013 K\u00f6z\u00e9piskolai tanulm\u00e1nyait Temesv\u00e1ron v\u00e9gezte (1921). Orvosi oklevelet a kv.-i I. Ferdin\u00e1nd Kir\u00e1ly TE szerzett (1927. m\u00e1j. 27.), dr. \u00e9s ugyan ott kapott fogorvosi k\u00e9pz\u00e9st is (1930). Mv.-r\u0151l deport\u00e1lt\u00e1k feles\u00e9g\u00e9vel (1911\u2013) egy\u00fctt (1944. m\u00e1j. 29.). Fogorvos Kv.-on, kinevezt\u00e9k a Bolyai TE Mv.-i Orvosi kar\u00e1nak Fog\u00e1szati Klinik\u00e1j\u00e1ra (1945. [&hellip;]<\/p>\n","protected":false},"featured_media":0,"comment_status":"open","ping_status":"closed","template":"","meta":[],"product_brand":[],"product_cat":[137],"product_tag":[],"class_list":{"0":"post-12240","1":"product","2":"type-product","3":"status-publish","5":"product_cat-maros-megyei-eletrajzi-lexikon","7":"first","8":"instock","9":"shipping-taxable","10":"product-type-simple"},"_links":{"self":[{"href":"https:\/\/uj.adatbank.ro\/lexikon\/wp-json\/wp\/v2\/product\/12240","targetHints":{"allow":["GET"]}}],"collection":[{"href":"https:\/\/uj.adatbank.ro\/lexikon\/wp-json\/wp\/v2\/product"}],"about":[{"href":"https:\/\/uj.adatbank.ro\/lexikon\/wp-json\/wp\/v2\/types\/product"}],"replies":[{"embeddable":true,"href":"https:\/\/uj.adatbank.ro\/lexikon\/wp-json\/wp\/v2\/comments?post=12240"}],"wp:attachment":[{"href":"https:\/\/uj.adatbank.ro\/lexikon\/wp-json\/wp\/v2\/media?parent=12240"}],"wp:term":[{"taxonomy":"product_brand","embeddable":true,"href":"https:\/\/uj.adatbank.ro\/lexikon\/wp-json\/wp\/v2\/product_brand?post=12240"},{"taxonomy":"product_cat","embeddable":true,"href":"https:\/\/uj.adatbank.ro\/lexikon\/wp-json\/wp\/v2\/product_cat?post=12240"},{"taxonomy":"product_tag","embeddable":true,"href":"https:\/\/uj.adatbank.ro\/lexikon\/wp-json\/wp\/v2\/product_tag?post=12240"}],"curies":[{"name":"wp","href":"https:\/\/api.w.org\/{rel}","templated":true}]}}