{"id":12241,"date":"2025-06-29T14:20:14","date_gmt":"2025-06-29T12:20:14","guid":{"rendered":"https:\/\/uj.adatbank.ro\/lexikon\/termek\/klein-fulop-%c2%a7-efraim-fischer\/"},"modified":"2025-06-29T14:20:14","modified_gmt":"2025-06-29T12:20:14","slug":"klein-fulop-%c2%a7-efraim-fischer","status":"publish","type":"product","link":"https:\/\/uj.adatbank.ro\/lexikon\/termek\/klein-fulop-%c2%a7-efraim-fischer\/","title":{"rendered":"KLEIN F\u00fcl\u00f6p, \u00a7 Efraim Fischer"},"content":{"rendered":"<p>1868., \u2020 ?: orvos, rabbi. \u2013 A mv.-i Statusquo zsid\u00f3 hitk\u00f6zs\u00e9g \u00e9s szentegylet orvosa. Mv.-en rabbi (1950-es \u00e9vekben) alijj\u00e1z\u00e1s\u00e1ig \/ kiv\u00e1ndorl\u00e1s\u00e1ig. A rabbinikus irodalom utols\u00f3 kimagasl\u00f3 szem\u00e9lyis\u00e9ge Mv.-en. \u2013 <strong>F. m.:<\/strong> Menachem mesiv (Menachem v\u00e1laszol). <br \/><strong>Irod.:<\/strong> Ga\u00e1l Gy\u00f6rgy: Az izraelit\u00e1k Erd\u00e9lyben  =  Ga\u00e1l: Kv. vonz\u00e1s\u00e1ban; Ga\u00e1l: izraelit\u00e1k (Helikon, 12. sz., 1994); Mv. zsid\u00f3s\u00e1ga<\/br><\/p>\n","protected":false},"excerpt":{"rendered":"<p>1868., \u2020 ?: orvos, rabbi. \u2013 A mv.-i Statusquo zsid\u00f3 hitk\u00f6zs\u00e9g \u00e9s szentegylet orvosa. Mv.-en rabbi (1950-es \u00e9vekben) alijj\u00e1z\u00e1s\u00e1ig \/ kiv\u00e1ndorl\u00e1s\u00e1ig. A rabbinikus irodalom utols\u00f3 kimagasl\u00f3 szem\u00e9lyis\u00e9ge Mv.-en. \u2013 F. m.: Menachem mesiv (Menachem v\u00e1laszol). Irod.: Ga\u00e1l Gy\u00f6rgy: Az izraelit\u00e1k Erd\u00e9lyben = Ga\u00e1l: Kv. vonz\u00e1s\u00e1ban; Ga\u00e1l: izraelit\u00e1k (Helikon, 12. sz., 1994); Mv. zsid\u00f3s\u00e1ga<\/p>\n","protected":false},"featured_media":0,"comment_status":"open","ping_status":"closed","template":"","meta":[],"product_brand":[],"product_cat":[137],"product_tag":[],"class_list":{"0":"post-12241","1":"product","2":"type-product","3":"status-publish","5":"product_cat-maros-megyei-eletrajzi-lexikon","7":"first","8":"instock","9":"shipping-taxable","10":"product-type-simple"},"_links":{"self":[{"href":"https:\/\/uj.adatbank.ro\/lexikon\/wp-json\/wp\/v2\/product\/12241","targetHints":{"allow":["GET"]}}],"collection":[{"href":"https:\/\/uj.adatbank.ro\/lexikon\/wp-json\/wp\/v2\/product"}],"about":[{"href":"https:\/\/uj.adatbank.ro\/lexikon\/wp-json\/wp\/v2\/types\/product"}],"replies":[{"embeddable":true,"href":"https:\/\/uj.adatbank.ro\/lexikon\/wp-json\/wp\/v2\/comments?post=12241"}],"wp:attachment":[{"href":"https:\/\/uj.adatbank.ro\/lexikon\/wp-json\/wp\/v2\/media?parent=12241"}],"wp:term":[{"taxonomy":"product_brand","embeddable":true,"href":"https:\/\/uj.adatbank.ro\/lexikon\/wp-json\/wp\/v2\/product_brand?post=12241"},{"taxonomy":"product_cat","embeddable":true,"href":"https:\/\/uj.adatbank.ro\/lexikon\/wp-json\/wp\/v2\/product_cat?post=12241"},{"taxonomy":"product_tag","embeddable":true,"href":"https:\/\/uj.adatbank.ro\/lexikon\/wp-json\/wp\/v2\/product_tag?post=12241"}],"curies":[{"name":"wp","href":"https:\/\/api.w.org\/{rel}","templated":true}]}}