{"id":12242,"date":"2025-06-29T14:20:16","date_gmt":"2025-06-29T12:20:16","guid":{"rendered":"https:\/\/uj.adatbank.ro\/lexikon\/termek\/klein-jozsef\/"},"modified":"2025-06-29T14:20:16","modified_gmt":"2025-06-29T12:20:16","slug":"klein-jozsef","status":"publish","type":"product","link":"https:\/\/uj.adatbank.ro\/lexikon\/termek\/klein-jozsef\/","title":{"rendered":"KLEIN J\u00f3zsef"},"content":{"rendered":"<p>\u00c1d\u00e1mos, 1903., \u2020 ? : fakeresked\u0151. \u2013 K\u00f6z\u00e9piskol\u00e1it Dics\u0151szentm\u00e1rtonban v\u00e9gezte, majd keresked\u0151 lett. Kezdetben apja mellett dolgozott annak vegyeskeresked\u00e9s\u00e9ben. \u00d6n\u00e1ll\u00f3s\u00edtotta mag\u00e1t Mez\u0151r\u00fccs\u00f6n (1935) \u00e9p\u00edt\u00e9si anyag- \u00e9s fakeresked\u0151 volt. Minden kultur\u00e1lis mozgalom t\u00e1mogat\u00f3ja \u00e9s k\u00f6zrem\u0171k\u00f6d\u0151je volt. Mv.-r\u0151l deport\u00e1lt\u00e1k (1944. m\u00e1j. 29.). <br \/><strong>Irod.:<\/strong> Mv. zsid\u00f3s\u00e1ga; Sz\u00e9kelyf\u00f6ld \u00ed. k.<\/br><\/p>\n","protected":false},"excerpt":{"rendered":"<p>\u00c1d\u00e1mos, 1903., \u2020 ? : fakeresked\u0151. \u2013 K\u00f6z\u00e9piskol\u00e1it Dics\u0151szentm\u00e1rtonban v\u00e9gezte, majd keresked\u0151 lett. Kezdetben apja mellett dolgozott annak vegyeskeresked\u00e9s\u00e9ben. \u00d6n\u00e1ll\u00f3s\u00edtotta mag\u00e1t Mez\u0151r\u00fccs\u00f6n (1935) \u00e9p\u00edt\u00e9si anyag- \u00e9s fakeresked\u0151 volt. Minden kultur\u00e1lis mozgalom t\u00e1mogat\u00f3ja \u00e9s k\u00f6zrem\u0171k\u00f6d\u0151je volt. Mv.-r\u0151l deport\u00e1lt\u00e1k (1944. m\u00e1j. 29.). Irod.: Mv. zsid\u00f3s\u00e1ga; Sz\u00e9kelyf\u00f6ld \u00ed. k.<\/p>\n","protected":false},"featured_media":0,"comment_status":"open","ping_status":"closed","template":"","meta":[],"product_brand":[],"product_cat":[137],"product_tag":[],"class_list":{"0":"post-12242","1":"product","2":"type-product","3":"status-publish","5":"product_cat-maros-megyei-eletrajzi-lexikon","7":"first","8":"instock","9":"shipping-taxable","10":"product-type-simple"},"_links":{"self":[{"href":"https:\/\/uj.adatbank.ro\/lexikon\/wp-json\/wp\/v2\/product\/12242","targetHints":{"allow":["GET"]}}],"collection":[{"href":"https:\/\/uj.adatbank.ro\/lexikon\/wp-json\/wp\/v2\/product"}],"about":[{"href":"https:\/\/uj.adatbank.ro\/lexikon\/wp-json\/wp\/v2\/types\/product"}],"replies":[{"embeddable":true,"href":"https:\/\/uj.adatbank.ro\/lexikon\/wp-json\/wp\/v2\/comments?post=12242"}],"wp:attachment":[{"href":"https:\/\/uj.adatbank.ro\/lexikon\/wp-json\/wp\/v2\/media?parent=12242"}],"wp:term":[{"taxonomy":"product_brand","embeddable":true,"href":"https:\/\/uj.adatbank.ro\/lexikon\/wp-json\/wp\/v2\/product_brand?post=12242"},{"taxonomy":"product_cat","embeddable":true,"href":"https:\/\/uj.adatbank.ro\/lexikon\/wp-json\/wp\/v2\/product_cat?post=12242"},{"taxonomy":"product_tag","embeddable":true,"href":"https:\/\/uj.adatbank.ro\/lexikon\/wp-json\/wp\/v2\/product_tag?post=12242"}],"curies":[{"name":"wp","href":"https:\/\/api.w.org\/{rel}","templated":true}]}}