{"id":12246,"date":"2025-06-29T14:20:22","date_gmt":"2025-06-29T12:20:22","guid":{"rendered":"https:\/\/uj.adatbank.ro\/lexikon\/termek\/klein-marton\/"},"modified":"2025-06-29T14:20:22","modified_gmt":"2025-06-29T12:20:22","slug":"klein-marton","status":"publish","type":"product","link":"https:\/\/uj.adatbank.ro\/lexikon\/termek\/klein-marton\/","title":{"rendered":"KLEIN M\u00e1rton"},"content":{"rendered":"<p>Mez\u0151b\u00e1nd, 1907., \u2020 ? : keresked\u0151. \u2013 Iskol\u00e1i elv\u00e9gz\u00e9se ut\u00e1n f\u0171szerkeresked\u00e9st tanult, n\u00e9gy\u00e9vig mint seg\u00e9d fejlesztette szaktud\u00e1s\u00e1t, majd huga K. Regina nev\u00e9n vezetett vegyeskeresked\u00e9st Mez\u0151r\u00fccs\u00f6n. <br \/><strong>Irod.:<\/strong> Sz\u00e9kelyf\u00f6ld \u00ed. k.<\/br><\/p>\n","protected":false},"excerpt":{"rendered":"<p>Mez\u0151b\u00e1nd, 1907., \u2020 ? : keresked\u0151. \u2013 Iskol\u00e1i elv\u00e9gz\u00e9se ut\u00e1n f\u0171szerkeresked\u00e9st tanult, n\u00e9gy\u00e9vig mint seg\u00e9d fejlesztette szaktud\u00e1s\u00e1t, majd huga K. Regina nev\u00e9n vezetett vegyeskeresked\u00e9st Mez\u0151r\u00fccs\u00f6n. Irod.: Sz\u00e9kelyf\u00f6ld \u00ed. k.<\/p>\n","protected":false},"featured_media":0,"comment_status":"open","ping_status":"closed","template":"","meta":[],"product_brand":[],"product_cat":[137],"product_tag":[],"class_list":{"0":"post-12246","1":"product","2":"type-product","3":"status-publish","5":"product_cat-maros-megyei-eletrajzi-lexikon","7":"first","8":"instock","9":"shipping-taxable","10":"product-type-simple"},"_links":{"self":[{"href":"https:\/\/uj.adatbank.ro\/lexikon\/wp-json\/wp\/v2\/product\/12246","targetHints":{"allow":["GET"]}}],"collection":[{"href":"https:\/\/uj.adatbank.ro\/lexikon\/wp-json\/wp\/v2\/product"}],"about":[{"href":"https:\/\/uj.adatbank.ro\/lexikon\/wp-json\/wp\/v2\/types\/product"}],"replies":[{"embeddable":true,"href":"https:\/\/uj.adatbank.ro\/lexikon\/wp-json\/wp\/v2\/comments?post=12246"}],"wp:attachment":[{"href":"https:\/\/uj.adatbank.ro\/lexikon\/wp-json\/wp\/v2\/media?parent=12246"}],"wp:term":[{"taxonomy":"product_brand","embeddable":true,"href":"https:\/\/uj.adatbank.ro\/lexikon\/wp-json\/wp\/v2\/product_brand?post=12246"},{"taxonomy":"product_cat","embeddable":true,"href":"https:\/\/uj.adatbank.ro\/lexikon\/wp-json\/wp\/v2\/product_cat?post=12246"},{"taxonomy":"product_tag","embeddable":true,"href":"https:\/\/uj.adatbank.ro\/lexikon\/wp-json\/wp\/v2\/product_tag?post=12246"}],"curies":[{"name":"wp","href":"https:\/\/api.w.org\/{rel}","templated":true}]}}