{"id":12249,"date":"2025-06-29T14:20:28","date_gmt":"2025-06-29T12:20:28","guid":{"rendered":"https:\/\/uj.adatbank.ro\/lexikon\/termek\/klein-zsigmond\/"},"modified":"2025-06-29T14:20:28","modified_gmt":"2025-06-29T12:20:28","slug":"klein-zsigmond","status":"publish","type":"product","link":"https:\/\/uj.adatbank.ro\/lexikon\/termek\/klein-zsigmond\/","title":{"rendered":"KLEIN Zsigmond"},"content":{"rendered":"<p>? \u2020 ?: nyomd\u00e1sz. \u2013 Mv.-en nyomd\u00e1sz, K\u00f6sz\u00f6nt\u00f6tte a szakma munk\u00e1ss\u00e1g\u00e1nak 50. \u00e9vfordul\u00f3j\u00e1n (1919), Munk\u00e1ss\u00e1ga elismer\u00e9se jutalm\u00e1ul a Kereskedelmi \u00e9s Iparkamara eln\u00f6ke az I. o. ipari \u00e9rdemrendet adom\u00e1nyozta neki. <br \/><strong>Irod.:<\/strong> Id\u0151t\u00e1r 3<\/br><\/p>\n","protected":false},"excerpt":{"rendered":"<p>? \u2020 ?: nyomd\u00e1sz. \u2013 Mv.-en nyomd\u00e1sz, K\u00f6sz\u00f6nt\u00f6tte a szakma munk\u00e1ss\u00e1g\u00e1nak 50. \u00e9vfordul\u00f3j\u00e1n (1919), Munk\u00e1ss\u00e1ga elismer\u00e9se jutalm\u00e1ul a Kereskedelmi \u00e9s Iparkamara eln\u00f6ke az I. o. ipari \u00e9rdemrendet adom\u00e1nyozta neki. Irod.: Id\u0151t\u00e1r 3<\/p>\n","protected":false},"featured_media":0,"comment_status":"open","ping_status":"closed","template":"","meta":[],"product_brand":[],"product_cat":[137],"product_tag":[],"class_list":{"0":"post-12249","1":"product","2":"type-product","3":"status-publish","5":"product_cat-maros-megyei-eletrajzi-lexikon","7":"first","8":"instock","9":"shipping-taxable","10":"product-type-simple"},"_links":{"self":[{"href":"https:\/\/uj.adatbank.ro\/lexikon\/wp-json\/wp\/v2\/product\/12249","targetHints":{"allow":["GET"]}}],"collection":[{"href":"https:\/\/uj.adatbank.ro\/lexikon\/wp-json\/wp\/v2\/product"}],"about":[{"href":"https:\/\/uj.adatbank.ro\/lexikon\/wp-json\/wp\/v2\/types\/product"}],"replies":[{"embeddable":true,"href":"https:\/\/uj.adatbank.ro\/lexikon\/wp-json\/wp\/v2\/comments?post=12249"}],"wp:attachment":[{"href":"https:\/\/uj.adatbank.ro\/lexikon\/wp-json\/wp\/v2\/media?parent=12249"}],"wp:term":[{"taxonomy":"product_brand","embeddable":true,"href":"https:\/\/uj.adatbank.ro\/lexikon\/wp-json\/wp\/v2\/product_brand?post=12249"},{"taxonomy":"product_cat","embeddable":true,"href":"https:\/\/uj.adatbank.ro\/lexikon\/wp-json\/wp\/v2\/product_cat?post=12249"},{"taxonomy":"product_tag","embeddable":true,"href":"https:\/\/uj.adatbank.ro\/lexikon\/wp-json\/wp\/v2\/product_tag?post=12249"}],"curies":[{"name":"wp","href":"https:\/\/api.w.org\/{rel}","templated":true}]}}