{"id":12250,"date":"2025-06-29T14:20:30","date_gmt":"2025-06-29T12:20:30","guid":{"rendered":"https:\/\/uj.adatbank.ro\/lexikon\/termek\/kleinhempel-borbely-sandor\/"},"modified":"2025-06-29T14:20:30","modified_gmt":"2025-06-29T12:20:30","slug":"kleinhempel-borbely-sandor","status":"publish","type":"product","link":"https:\/\/uj.adatbank.ro\/lexikon\/termek\/kleinhempel-borbely-sandor\/","title":{"rendered":"KLEINHEMPEL BORB\u00c9LY S\u00e1ndor"},"content":{"rendered":"<p>1922., \u2020 Mv., 1993: orvos. \u2013 Kv.-on v\u00e9gezte az orvosi egyetemet (1948), a diplom\u00e1t Mv.-en vette \u00e1t. Az utols\u00f3 volt, akit doktorr\u00e1 avattak Erd\u00e9lyben (1948. okt. 31.). K\u00f6rzeti f\u0151orvos volt Ny\u00e1r\u00e1dremet\u00e9n, Szov\u00e1t\u00e1n. <br \/><strong>Irod.:<\/strong> Kiss-P. &#8211; P; Kiss Cs. M 4.<\/br><\/p>\n","protected":false},"excerpt":{"rendered":"<p>1922., \u2020 Mv., 1993: orvos. \u2013 Kv.-on v\u00e9gezte az orvosi egyetemet (1948), a diplom\u00e1t Mv.-en vette \u00e1t. Az utols\u00f3 volt, akit doktorr\u00e1 avattak Erd\u00e9lyben (1948. okt. 31.). K\u00f6rzeti f\u0151orvos volt Ny\u00e1r\u00e1dremet\u00e9n, Szov\u00e1t\u00e1n. Irod.: Kiss-P. &#8211; P; Kiss Cs. M 4.<\/p>\n","protected":false},"featured_media":0,"comment_status":"open","ping_status":"closed","template":"","meta":[],"product_brand":[],"product_cat":[137],"product_tag":[],"class_list":{"0":"post-12250","1":"product","2":"type-product","3":"status-publish","5":"product_cat-maros-megyei-eletrajzi-lexikon","7":"first","8":"instock","9":"shipping-taxable","10":"product-type-simple"},"_links":{"self":[{"href":"https:\/\/uj.adatbank.ro\/lexikon\/wp-json\/wp\/v2\/product\/12250","targetHints":{"allow":["GET"]}}],"collection":[{"href":"https:\/\/uj.adatbank.ro\/lexikon\/wp-json\/wp\/v2\/product"}],"about":[{"href":"https:\/\/uj.adatbank.ro\/lexikon\/wp-json\/wp\/v2\/types\/product"}],"replies":[{"embeddable":true,"href":"https:\/\/uj.adatbank.ro\/lexikon\/wp-json\/wp\/v2\/comments?post=12250"}],"wp:attachment":[{"href":"https:\/\/uj.adatbank.ro\/lexikon\/wp-json\/wp\/v2\/media?parent=12250"}],"wp:term":[{"taxonomy":"product_brand","embeddable":true,"href":"https:\/\/uj.adatbank.ro\/lexikon\/wp-json\/wp\/v2\/product_brand?post=12250"},{"taxonomy":"product_cat","embeddable":true,"href":"https:\/\/uj.adatbank.ro\/lexikon\/wp-json\/wp\/v2\/product_cat?post=12250"},{"taxonomy":"product_tag","embeddable":true,"href":"https:\/\/uj.adatbank.ro\/lexikon\/wp-json\/wp\/v2\/product_tag?post=12250"}],"curies":[{"name":"wp","href":"https:\/\/api.w.org\/{rel}","templated":true}]}}