{"id":12251,"date":"2025-06-29T14:20:32","date_gmt":"2025-06-29T12:20:32","guid":{"rendered":"https:\/\/uj.adatbank.ro\/lexikon\/termek\/klemencius-janos\/"},"modified":"2025-06-29T14:20:32","modified_gmt":"2025-06-29T12:20:32","slug":"klemencius-janos","status":"publish","type":"product","link":"https:\/\/uj.adatbank.ro\/lexikon\/termek\/klemencius-janos\/","title":{"rendered":"KLEMENCIUS J\u00e1nos"},"content":{"rendered":"<p>?, \u2020 ? v\u00e1rosi polg\u00e1r. \u2013 A ferencesek a Polkos u. nyugati sor\u00e1n telket v\u00e1s\u00e1roltak t\u0151le \u00e9s feles\u00e9g\u00e9t\u0151l rendh\u00e1zuk \u00e9s templomuk sz\u00e1m\u00e1ra (1735). <br \/><strong>Irod.:<\/strong> Id\u0151t\u00e1r<\/br><\/p>\n","protected":false},"excerpt":{"rendered":"<p>?, \u2020 ? v\u00e1rosi polg\u00e1r. \u2013 A ferencesek a Polkos u. nyugati sor\u00e1n telket v\u00e1s\u00e1roltak t\u0151le \u00e9s feles\u00e9g\u00e9t\u0151l rendh\u00e1zuk \u00e9s templomuk sz\u00e1m\u00e1ra (1735). Irod.: Id\u0151t\u00e1r<\/p>\n","protected":false},"featured_media":0,"comment_status":"open","ping_status":"closed","template":"","meta":[],"product_brand":[],"product_cat":[137],"product_tag":[],"class_list":{"0":"post-12251","1":"product","2":"type-product","3":"status-publish","5":"product_cat-maros-megyei-eletrajzi-lexikon","7":"first","8":"instock","9":"shipping-taxable","10":"product-type-simple"},"_links":{"self":[{"href":"https:\/\/uj.adatbank.ro\/lexikon\/wp-json\/wp\/v2\/product\/12251","targetHints":{"allow":["GET"]}}],"collection":[{"href":"https:\/\/uj.adatbank.ro\/lexikon\/wp-json\/wp\/v2\/product"}],"about":[{"href":"https:\/\/uj.adatbank.ro\/lexikon\/wp-json\/wp\/v2\/types\/product"}],"replies":[{"embeddable":true,"href":"https:\/\/uj.adatbank.ro\/lexikon\/wp-json\/wp\/v2\/comments?post=12251"}],"wp:attachment":[{"href":"https:\/\/uj.adatbank.ro\/lexikon\/wp-json\/wp\/v2\/media?parent=12251"}],"wp:term":[{"taxonomy":"product_brand","embeddable":true,"href":"https:\/\/uj.adatbank.ro\/lexikon\/wp-json\/wp\/v2\/product_brand?post=12251"},{"taxonomy":"product_cat","embeddable":true,"href":"https:\/\/uj.adatbank.ro\/lexikon\/wp-json\/wp\/v2\/product_cat?post=12251"},{"taxonomy":"product_tag","embeddable":true,"href":"https:\/\/uj.adatbank.ro\/lexikon\/wp-json\/wp\/v2\/product_tag?post=12251"}],"curies":[{"name":"wp","href":"https:\/\/api.w.org\/{rel}","templated":true}]}}