{"id":12253,"date":"2025-06-29T14:20:38","date_gmt":"2025-06-29T12:20:38","guid":{"rendered":"https:\/\/uj.adatbank.ro\/lexikon\/termek\/klents-ferenc-dr\/"},"modified":"2025-06-29T14:20:38","modified_gmt":"2025-06-29T12:20:38","slug":"klents-ferenc-dr","status":"publish","type":"product","link":"https:\/\/uj.adatbank.ro\/lexikon\/termek\/klents-ferenc-dr\/","title":{"rendered":"KLENTS Ferenc, dr."},"content":{"rendered":"<p>Nagyv\u00e1rad, 1931. \u2020 Mv., 2006. m\u00e1rc. 29.: orvos. \u2013 Feles\u00e9ge: dr. Dechstold Anna (1929\u20132005), fogorvos. &#8211; MOGYI \u00e1ltal\u00e1nos karon v\u00e9gzett (1956). A v\u00e9gz\u00e9s ut\u00e1n a Fog\u00e1szati Klinik\u00e1n t\u00f6lt\u00f6tt egy \u00e9vet. <br \/><strong>Irod.:<\/strong> Kiss Cs. M 4.<\/br><\/p>\n","protected":false},"excerpt":{"rendered":"<p>Nagyv\u00e1rad, 1931. \u2020 Mv., 2006. m\u00e1rc. 29.: orvos. \u2013 Feles\u00e9ge: dr. Dechstold Anna (1929\u20132005), fogorvos. &#8211; MOGYI \u00e1ltal\u00e1nos karon v\u00e9gzett (1956). A v\u00e9gz\u00e9s ut\u00e1n a Fog\u00e1szati Klinik\u00e1n t\u00f6lt\u00f6tt egy \u00e9vet. Irod.: Kiss Cs. M 4.<\/p>\n","protected":false},"featured_media":0,"comment_status":"open","ping_status":"closed","template":"","meta":[],"product_brand":[],"product_cat":[137],"product_tag":[],"class_list":{"0":"post-12253","1":"product","2":"type-product","3":"status-publish","5":"product_cat-maros-megyei-eletrajzi-lexikon","7":"first","8":"instock","9":"shipping-taxable","10":"product-type-simple"},"_links":{"self":[{"href":"https:\/\/uj.adatbank.ro\/lexikon\/wp-json\/wp\/v2\/product\/12253","targetHints":{"allow":["GET"]}}],"collection":[{"href":"https:\/\/uj.adatbank.ro\/lexikon\/wp-json\/wp\/v2\/product"}],"about":[{"href":"https:\/\/uj.adatbank.ro\/lexikon\/wp-json\/wp\/v2\/types\/product"}],"replies":[{"embeddable":true,"href":"https:\/\/uj.adatbank.ro\/lexikon\/wp-json\/wp\/v2\/comments?post=12253"}],"wp:attachment":[{"href":"https:\/\/uj.adatbank.ro\/lexikon\/wp-json\/wp\/v2\/media?parent=12253"}],"wp:term":[{"taxonomy":"product_brand","embeddable":true,"href":"https:\/\/uj.adatbank.ro\/lexikon\/wp-json\/wp\/v2\/product_brand?post=12253"},{"taxonomy":"product_cat","embeddable":true,"href":"https:\/\/uj.adatbank.ro\/lexikon\/wp-json\/wp\/v2\/product_cat?post=12253"},{"taxonomy":"product_tag","embeddable":true,"href":"https:\/\/uj.adatbank.ro\/lexikon\/wp-json\/wp\/v2\/product_tag?post=12253"}],"curies":[{"name":"wp","href":"https:\/\/api.w.org\/{rel}","templated":true}]}}