{"id":12254,"date":"2025-06-29T14:20:39","date_gmt":"2025-06-29T12:20:39","guid":{"rendered":"https:\/\/uj.adatbank.ro\/lexikon\/termek\/klespitz-anna\/"},"modified":"2025-06-29T14:20:39","modified_gmt":"2025-06-29T12:20:39","slug":"klespitz-anna","status":"publish","type":"product","link":"https:\/\/uj.adatbank.ro\/lexikon\/termek\/klespitz-anna\/","title":{"rendered":"KLESPITZ Anna"},"content":{"rendered":"<p>? \u2020 ?: f\u00f6ldbirtokos. \u2013 K\u00f3rodban birtok\u00e1b\u00f3l kisaj\u00e1t\u00edtottak k\u00e9t hold bels\u0151s\u00e9get, ahova \u00e1llami iskol\u00e1t \u00e9p\u00edtettek, hat hold sz\u00e1nt\u00f3t a rom\u00e1n tan\u00edt\u00f3nak utaltak ki (1922). <br \/><strong>Irod.:<\/strong> Prozan<\/br><\/p>\n","protected":false},"excerpt":{"rendered":"<p>? \u2020 ?: f\u00f6ldbirtokos. \u2013 K\u00f3rodban birtok\u00e1b\u00f3l kisaj\u00e1t\u00edtottak k\u00e9t hold bels\u0151s\u00e9get, ahova \u00e1llami iskol\u00e1t \u00e9p\u00edtettek, hat hold sz\u00e1nt\u00f3t a rom\u00e1n tan\u00edt\u00f3nak utaltak ki (1922). Irod.: Prozan<\/p>\n","protected":false},"featured_media":0,"comment_status":"open","ping_status":"closed","template":"","meta":[],"product_brand":[],"product_cat":[137],"product_tag":[],"class_list":{"0":"post-12254","1":"product","2":"type-product","3":"status-publish","5":"product_cat-maros-megyei-eletrajzi-lexikon","7":"first","8":"instock","9":"shipping-taxable","10":"product-type-simple"},"_links":{"self":[{"href":"https:\/\/uj.adatbank.ro\/lexikon\/wp-json\/wp\/v2\/product\/12254","targetHints":{"allow":["GET"]}}],"collection":[{"href":"https:\/\/uj.adatbank.ro\/lexikon\/wp-json\/wp\/v2\/product"}],"about":[{"href":"https:\/\/uj.adatbank.ro\/lexikon\/wp-json\/wp\/v2\/types\/product"}],"replies":[{"embeddable":true,"href":"https:\/\/uj.adatbank.ro\/lexikon\/wp-json\/wp\/v2\/comments?post=12254"}],"wp:attachment":[{"href":"https:\/\/uj.adatbank.ro\/lexikon\/wp-json\/wp\/v2\/media?parent=12254"}],"wp:term":[{"taxonomy":"product_brand","embeddable":true,"href":"https:\/\/uj.adatbank.ro\/lexikon\/wp-json\/wp\/v2\/product_brand?post=12254"},{"taxonomy":"product_cat","embeddable":true,"href":"https:\/\/uj.adatbank.ro\/lexikon\/wp-json\/wp\/v2\/product_cat?post=12254"},{"taxonomy":"product_tag","embeddable":true,"href":"https:\/\/uj.adatbank.ro\/lexikon\/wp-json\/wp\/v2\/product_tag?post=12254"}],"curies":[{"name":"wp","href":"https:\/\/api.w.org\/{rel}","templated":true}]}}