{"id":12255,"date":"2025-06-29T14:20:40","date_gmt":"2025-06-29T12:20:40","guid":{"rendered":"https:\/\/uj.adatbank.ro\/lexikon\/termek\/klimko-dezso\/"},"modified":"2025-06-29T14:20:40","modified_gmt":"2025-06-29T12:20:40","slug":"klimko-dezso","status":"publish","type":"product","link":"https:\/\/uj.adatbank.ro\/lexikon\/termek\/klimko-dezso\/","title":{"rendered":"KLIMK\u00d3 Dezs\u0151"},"content":{"rendered":"<p>Szeged, 1900. m\u00e1rc. 11., \u2020 Bp. 1972. j\u00fan. 4.: seb\u00e9szorvos, egyetemi tan\u00e1r. \u2013 A bp.-i egyetemen kapott orvosi diplom\u00e1t (1924). M\u0171t\u0151seb\u00e9szi szakvizsg\u00e1t tett (1927). A bp.-i egy. II. sz. seb\u00e9szeti klinik\u00e1j\u00e1n gyakornok, majd tan\u00e1rseg\u00e9d (1926\u201337), a bp.-i egy.-en a seb\u00e9szeti m\u0171t\u00e9ttan, k\u00fc\u00adl\u00f6n\u00f6s tekintettel az \u00e9rz\u00e9stelen\u00edt\u0151 elj\u00e1r\u00e1sokra c. t\u00e1rgyk\u00f6r mag\u00e1ntan\u00e1ra (1934\u2013), c. ny. rk. ta\u00adn\u00e1ra (1940\u2013). A bp.-i \u00daj Szt. J\u00e1nos K\u00f3r\u00adh\u00e1zban seb\u00e9sz f\u0151orvos (1937\u201340). A kv.-i Ferenc J\u00f3zsef Tudom\u00e1nyegyetem tan\u00e1ra (1940\u2013); ny. r. ta\u00adn\u00e1ra (1941\u2013), a seb\u00e9szeti klinika igazgat\u00f3ja (1940\u2013). A BTE Mv. -re helyez\u00e9sekor mint szerz\u0151d\u00e9ses tan\u00e1r megszervezte \u00e9s igazgatta a Seb\u00e9szeti Klinik\u00e1t (1945\u201347) \u00e9s heti egy \u00f3ra orvost\u00f6rt\u00e9netet is leadott (1945\u201346). Magyaro.-ra visszat\u00e9rve Bp.-en k\u00fcl\u00f6nb\u00f6z\u0151 k\u00f3rh\u00e1zakban seb\u00e9szf\u0151orvos, professzori min\u0151s\u00e9gben tev\u00e9kenykedett nyugd\u00edjaz\u00e1s\u00e1ig (1947\u201369). Tudom\u00e1nyos munk\u00e1ss\u00e1ga f\u0151leg az \u00e9rz\u00e9stelen\u00edt\u00e9sre, t\u00fcd\u0151seb\u00e9szetre, a gyomor- \u00e9s nyomb\u00e9lfek\u00e9lyek m\u0171t\u00e9ttan\u00e1ra terjedt ki. Szakdolgozatai m., n\u00e9met, angol, francia \u00e9s olasz szakfoly\u00f3iratokban jelentek meg. <br \/><strong>Irod.:<\/strong> Genersich; P\u00e9ter Mih\u00e1ly: A MOGYE Orvost\u00f6rt\u00e9neti tansz\u00e9k\u00e9nek t\u00f6rt\u00e9net\u00e9r\u0151l  =  Spielmann J\u00f3zsef orvost\u00f6rt\u00e9n\u00e9sz eml\u00e9kk\u00f6nyve; P\u00e9terffy \u00c1. &#8211; P. P.; RMIL; Sz\u00f6ll\u0151si 2009; \u00daM\u00c9L; Viharban<\/br><\/p>\n","protected":false},"excerpt":{"rendered":"<p>Szeged, 1900. m\u00e1rc. 11., \u2020 Bp. 1972. j\u00fan. 4.: seb\u00e9szorvos, egyetemi tan\u00e1r. \u2013 A bp.-i egyetemen kapott orvosi diplom\u00e1t (1924). M\u0171t\u0151seb\u00e9szi szakvizsg\u00e1t tett (1927). A bp.-i egy. II. sz. seb\u00e9szeti klinik\u00e1j\u00e1n gyakornok, majd tan\u00e1rseg\u00e9d (1926\u201337), a bp.-i egy.-en a seb\u00e9szeti m\u0171t\u00e9ttan, k\u00fc\u00adl\u00f6n\u00f6s tekintettel az \u00e9rz\u00e9stelen\u00edt\u0151 elj\u00e1r\u00e1sokra c. t\u00e1rgyk\u00f6r mag\u00e1ntan\u00e1ra (1934\u2013), c. ny. rk. ta\u00adn\u00e1ra (1940\u2013). [&hellip;]<\/p>\n","protected":false},"featured_media":0,"comment_status":"open","ping_status":"closed","template":"","meta":[],"product_brand":[],"product_cat":[137],"product_tag":[],"class_list":{"0":"post-12255","1":"product","2":"type-product","3":"status-publish","5":"product_cat-maros-megyei-eletrajzi-lexikon","7":"first","8":"instock","9":"shipping-taxable","10":"product-type-simple"},"_links":{"self":[{"href":"https:\/\/uj.adatbank.ro\/lexikon\/wp-json\/wp\/v2\/product\/12255","targetHints":{"allow":["GET"]}}],"collection":[{"href":"https:\/\/uj.adatbank.ro\/lexikon\/wp-json\/wp\/v2\/product"}],"about":[{"href":"https:\/\/uj.adatbank.ro\/lexikon\/wp-json\/wp\/v2\/types\/product"}],"replies":[{"embeddable":true,"href":"https:\/\/uj.adatbank.ro\/lexikon\/wp-json\/wp\/v2\/comments?post=12255"}],"wp:attachment":[{"href":"https:\/\/uj.adatbank.ro\/lexikon\/wp-json\/wp\/v2\/media?parent=12255"}],"wp:term":[{"taxonomy":"product_brand","embeddable":true,"href":"https:\/\/uj.adatbank.ro\/lexikon\/wp-json\/wp\/v2\/product_brand?post=12255"},{"taxonomy":"product_cat","embeddable":true,"href":"https:\/\/uj.adatbank.ro\/lexikon\/wp-json\/wp\/v2\/product_cat?post=12255"},{"taxonomy":"product_tag","embeddable":true,"href":"https:\/\/uj.adatbank.ro\/lexikon\/wp-json\/wp\/v2\/product_tag?post=12255"}],"curies":[{"name":"wp","href":"https:\/\/api.w.org\/{rel}","templated":true}]}}