{"id":12256,"date":"2025-06-29T14:20:42","date_gmt":"2025-06-29T12:20:42","guid":{"rendered":"https:\/\/uj.adatbank.ro\/lexikon\/termek\/kloss-samuel-klosz-klosz\/"},"modified":"2025-06-29T14:20:42","modified_gmt":"2025-06-29T12:20:42","slug":"kloss-samuel-klosz-klosz","status":"publish","type":"product","link":"https:\/\/uj.adatbank.ro\/lexikon\/termek\/kloss-samuel-klosz-klosz\/","title":{"rendered":"KLOSS S\u00e1muel; Klosz; Kl\u00f3sz"},"content":{"rendered":"<p>? \u2020 ?: szeszgy\u00e1ros. \u2013Sz\u00e1szr\u00e9genben volt a gy\u00e1ra. Tagja volt a sz\u00e1szr\u00e9geni Kereskedelmi \u00e9s Iparbank igazgat\u00f3tan\u00e1cs\u00e1nak (1924) <br \/><strong>Irod.:<\/strong> B\u00edr\u00f3 Don\u00e1t; Pan\u0103\u00ad, Popa Valeriu: Transilvania, Banatul, Cri\u015fana, Maramur\u0103\u015ful (Buc., 1915); Szter\u00e9nyi<\/br><\/p>\n","protected":false},"excerpt":{"rendered":"<p>? \u2020 ?: szeszgy\u00e1ros. \u2013Sz\u00e1szr\u00e9genben volt a gy\u00e1ra. Tagja volt a sz\u00e1szr\u00e9geni Kereskedelmi \u00e9s Iparbank igazgat\u00f3tan\u00e1cs\u00e1nak (1924) Irod.: B\u00edr\u00f3 Don\u00e1t; Pan\u0103\u00ad, Popa Valeriu: Transilvania, Banatul, Cri\u015fana, Maramur\u0103\u015ful (Buc., 1915); Szter\u00e9nyi<\/p>\n","protected":false},"featured_media":0,"comment_status":"open","ping_status":"closed","template":"","meta":[],"product_brand":[],"product_cat":[137],"product_tag":[],"class_list":{"0":"post-12256","1":"product","2":"type-product","3":"status-publish","5":"product_cat-maros-megyei-eletrajzi-lexikon","7":"first","8":"instock","9":"shipping-taxable","10":"product-type-simple"},"_links":{"self":[{"href":"https:\/\/uj.adatbank.ro\/lexikon\/wp-json\/wp\/v2\/product\/12256","targetHints":{"allow":["GET"]}}],"collection":[{"href":"https:\/\/uj.adatbank.ro\/lexikon\/wp-json\/wp\/v2\/product"}],"about":[{"href":"https:\/\/uj.adatbank.ro\/lexikon\/wp-json\/wp\/v2\/types\/product"}],"replies":[{"embeddable":true,"href":"https:\/\/uj.adatbank.ro\/lexikon\/wp-json\/wp\/v2\/comments?post=12256"}],"wp:attachment":[{"href":"https:\/\/uj.adatbank.ro\/lexikon\/wp-json\/wp\/v2\/media?parent=12256"}],"wp:term":[{"taxonomy":"product_brand","embeddable":true,"href":"https:\/\/uj.adatbank.ro\/lexikon\/wp-json\/wp\/v2\/product_brand?post=12256"},{"taxonomy":"product_cat","embeddable":true,"href":"https:\/\/uj.adatbank.ro\/lexikon\/wp-json\/wp\/v2\/product_cat?post=12256"},{"taxonomy":"product_tag","embeddable":true,"href":"https:\/\/uj.adatbank.ro\/lexikon\/wp-json\/wp\/v2\/product_tag?post=12256"}],"curies":[{"name":"wp","href":"https:\/\/api.w.org\/{rel}","templated":true}]}}